{"id":11335,"date":"2026-01-16T11:20:10","date_gmt":"2026-01-16T10:20:10","guid":{"rendered":"https:\/\/brevens.se\/?page_id=11335"},"modified":"2026-01-16T11:25:10","modified_gmt":"2026-01-16T10:25:10","slug":"jagt-fiske","status":"publish","type":"page","link":"https:\/\/brevens.se\/da\/jagt-fiske\/","title":{"rendered":"Jagt &#038; Fiske"},"content":{"rendered":"<p>[et_pb_section fb_built=&#8221;1&#8243; admin_label=&#8221;Header&#8221; _builder_version=&#8221;4.17.4&#8243; _module_preset=&#8221;default&#8221; background_color=&#8221;gcid-2f3f3e09-0a26-4ea7-8906-5e1128945e3f&#8221; background_enable_image=&#8221;off&#8221; locked=&#8221;off&#8221; collapsed=&#8221;on&#8221; global_colors_info=&#8221;{%22gcid-9fa4a1b6-767d-41ca-984c-a6f10449c843%22:%91%22background_color_gradient_stops%22%93,%22gcid-2f3f3e09-0a26-4ea7-8906-5e1128945e3f%22:%91%22background_color%22%93}&#8221;][et_pb_row _builder_version=&#8221;4.20.0&#8243; _module_preset=&#8221;default&#8221; custom_padding=&#8221;4px|||||&#8221; global_colors_info=&#8221;{}&#8221;][et_pb_column type=&#8221;4_4&#8243; _builder_version=&#8221;4.20.0&#8243; _module_preset=&#8221;default&#8221; global_colors_info=&#8221;{}&#8221;][et_pb_image src=&#8221;https:\/\/brevens.se\/wp-content\/uploads\/2025\/10\/attorney-2.png&#8221; title_text=&#8221;attorney-2&#8243; align=&#8221;center&#8221; _builder_version=&#8221;4.17.4&#8243; _module_preset=&#8221;default&#8221; max_width=&#8221;130px&#8221; global_colors_info=&#8221;{}&#8221;][\/et_pb_image][et_pb_text _builder_version=&#8221;4.17.4&#8243; _module_preset=&#8221;49424117-6ec6-45e5-8d8a-f215d560b2d0&#8243; header_text_color=&#8221;gcid-11d3dbbb-f6dc-4fb8-929b-9d6994368d00&#8243; header_2_font=&#8221;Playfair Display||||||||&#8221; header_2_font_size=&#8221;50px&#8221; text_orientation=&#8221;center&#8221; global_colors_info=&#8221;{%22gcid-11d3dbbb-f6dc-4fb8-929b-9d6994368d00%22:%91%22header_text_color%22%93}&#8221;]<\/p>\n<h2>Jagt &amp; Fiske<\/h2>\n<p>[\/et_pb_text][et_pb_text _builder_version=&#8221;4.17.4&#8243; _module_preset=&#8221;default&#8221; text_font_size=&#8221;18px&#8221; text_orientation=&#8221;center&#8221; global_colors_info=&#8221;{}&#8221;]Brevens Bruk driver en begr\u00e6nset og eksklusiv jagtturisme, hvor fokus prim\u00e6rt er p\u00e5 drivjagt p\u00e5 vildsvin og d\u00e5dyr.<br \/>\nVi tilbyder ogs\u00e5 fine fiskevande i Sottern.[\/et_pb_text][\/et_pb_column][\/et_pb_row][\/et_pb_section][et_pb_section fb_built=&#8221;1&#8243; admin_label=&#8221;Our Team&#8221; _builder_version=&#8221;4.20.0&#8243; _module_preset=&#8221;default&#8221; background_color=&#8221;gcid-9fa4a1b6-767d-41ca-984c-a6f10449c843&#8243; collapsed=&#8221;on&#8221; global_colors_info=&#8221;{%22gcid-9fa4a1b6-767d-41ca-984c-a6f10449c843%22:%91%22background_color%22%93}&#8221;][et_pb_row _builder_version=&#8221;4.20.0&#8243; _module_preset=&#8221;default&#8221; global_colors_info=&#8221;{}&#8221;][et_pb_column type=&#8221;4_4&#8243; _builder_version=&#8221;4.20.0&#8243; _module_preset=&#8221;default&#8221; global_colors_info=&#8221;{}&#8221;][et_pb_text _builder_version=&#8221;4.17.4&#8243; _module_preset=&#8221;1135b8a1-c43f-4ea0-83e4-9d9eba4f5814&#8243; text_orientation=&#8221;center&#8221; global_colors_info=&#8221;{%22gcid-11d3dbbb-f6dc-4fb8-929b-9d6994368d00%22:%91%22header_2_text_color%22%93}&#8221;]<\/p>\n<h2>Jagt i Brevens Bruk<\/h2>\n<p>[\/et_pb_text][et_pb_image src=&#8221;https:\/\/brevens.se\/wp-content\/uploads\/2025\/10\/attorney-1.png&#8221; title_text=&#8221;attorney-1&#8243; align=&#8221;center&#8221; _builder_version=&#8221;4.17.4&#8243; _module_preset=&#8221;default&#8221; max_width=&#8221;65px&#8221; locked=&#8221;off&#8221; global_colors_info=&#8221;{}&#8221;][\/et_pb_image][\/et_pb_column][\/et_pb_row][et_pb_row _builder_version=&#8221;4.20.0&#8243; _module_preset=&#8221;default&#8221; global_colors_info=&#8221;{}&#8221;][et_pb_column type=&#8221;4_4&#8243; _builder_version=&#8221;4.20.0&#8243; _module_preset=&#8221;default&#8221; global_colors_info=&#8221;{}&#8221;][et_pb_gallery gallery_ids=&#8221;10726,10681,10697,10701,10709&#8243; fullwidth=&#8221;on&#8221; _builder_version=&#8221;4.17.4&#8243; _module_preset=&#8221;default&#8221; auto=&#8221;on&#8221; auto_speed=&#8221;5000&#8243; global_colors_info=&#8221;{}&#8221;][\/et_pb_gallery][\/et_pb_column][\/et_pb_row][et_pb_row _builder_version=&#8221;4.17.4&#8243; _module_preset=&#8221;default&#8221; global_colors_info=&#8221;{}&#8221;][et_pb_column type=&#8221;4_4&#8243; _builder_version=&#8221;4.17.4&#8243; _module_preset=&#8221;default&#8221; global_colors_info=&#8221;{}&#8221;][et_pb_text _builder_version=&#8221;4.17.4&#8243; _module_preset=&#8221;caaf96b4-ede2-46d9-a0d0-5e908d7bafb0&#8243; text_text_color=&#8221;#FFFFFF&#8221; locked=&#8221;off&#8221; global_colors_info=&#8221;{}&#8221;]Brevens Bruks skove tilbyder en af \u200b\u200bregionens mest dynamiske vildtbestande. D\u00e5hjorte er den mest fremtr\u00e6dende vildtart, og vi kan prale af en us\u00e6dvanlig h\u00f8j og stabil bestand. Denne t\u00e6thed giver os unikke muligheder for ansvarlig vildtforvaltning og mindev\u00e6rdig jagt. Ud over de store hjortebestande er markerne hjemsted for vildsvin og sm\u00e5vildt.<\/p>\n<p>Brevens Bruk driver en begr\u00e6nset og eksklusiv jagtturisme, hvor fokus prim\u00e6rt er p\u00e5 drivjagter p\u00e5 vildsvin og d\u00e5hjorte. Ejendommen tilbyder fremragende muligheder for en oplevelse i topklasse.<\/p>\n<p>For mere information og booking af jagt, kontakt venligst:<br \/>\nJonas Karlsson, vildtmester<br \/>\njonas.karlsson@brevens.se[\/et_pb_text][\/et_pb_column][\/et_pb_row][\/et_pb_section][et_pb_section fb_built=&#8221;1&#8243; admin_label=&#8221;Our Team&#8221; _builder_version=&#8221;4.20.0&#8243; _module_preset=&#8221;default&#8221; background_color=&#8221;gcid-9fa4a1b6-767d-41ca-984c-a6f10449c843&#8243; collapsed=&#8221;on&#8221; global_colors_info=&#8221;{%22gcid-9fa4a1b6-767d-41ca-984c-a6f10449c843%22:%91%22background_color%22%93}&#8221;][et_pb_row _builder_version=&#8221;4.20.0&#8243; _module_preset=&#8221;default&#8221; global_colors_info=&#8221;{}&#8221;][et_pb_column type=&#8221;4_4&#8243; _builder_version=&#8221;4.20.0&#8243; _module_preset=&#8221;default&#8221; global_colors_info=&#8221;{}&#8221;][et_pb_text _builder_version=&#8221;4.17.4&#8243; _module_preset=&#8221;1135b8a1-c43f-4ea0-83e4-9d9eba4f5814&#8243; text_orientation=&#8221;center&#8221; global_colors_info=&#8221;{%22gcid-11d3dbbb-f6dc-4fb8-929b-9d6994368d00%22:%91%22header_2_text_color%22%93}&#8221;]<\/p>\n<h2>Fiske &amp; Fiskekort<\/h2>\n<p>[\/et_pb_text][et_pb_image src=&#8221;https:\/\/brevens.se\/wp-content\/uploads\/2025\/10\/attorney-1.png&#8221; title_text=&#8221;attorney-1&#8243; align=&#8221;center&#8221; _builder_version=&#8221;4.17.4&#8243; _module_preset=&#8221;default&#8221; max_width=&#8221;65px&#8221; locked=&#8221;off&#8221; global_colors_info=&#8221;{}&#8221;][\/et_pb_image][\/et_pb_column][\/et_pb_row][et_pb_row column_structure=&#8221;1_2,1_2&#8243; _builder_version=&#8221;4.20.0&#8243; _module_preset=&#8221;default&#8221; global_colors_info=&#8221;{}&#8221;][et_pb_column type=&#8221;1_2&#8243; _builder_version=&#8221;4.20.0&#8243; _module_preset=&#8221;default&#8221; global_colors_info=&#8221;{}&#8221;][et_pb_image src=&#8221;https:\/\/brevens.se\/wp-content\/uploads\/2025\/08\/Bat-sunset-kvadrat.png&#8221; title_text=&#8221;B\u00e5t sunset kvadrat&#8221; _builder_version=&#8221;4.17.4&#8243; _module_preset=&#8221;default&#8221; global_colors_info=&#8221;{}&#8221;][\/et_pb_image][\/et_pb_column][et_pb_column type=&#8221;1_2&#8243; _builder_version=&#8221;4.17.4&#8243; _module_preset=&#8221;default&#8221; global_colors_info=&#8221;{}&#8221;][et_pb_image src=&#8221;https:\/\/brevens.se\/wp-content\/uploads\/2018\/03\/Rityta-4.jpg&#8221; title_text=&#8221;Fiske&#8221; _builder_version=&#8221;4.17.4&#8243; _module_preset=&#8221;default&#8221; global_colors_info=&#8221;{}&#8221;][\/et_pb_image][\/et_pb_column][\/et_pb_row][et_pb_row _builder_version=&#8221;4.17.4&#8243; _module_preset=&#8221;default&#8221; global_colors_info=&#8221;{}&#8221;][et_pb_column type=&#8221;4_4&#8243; _builder_version=&#8221;4.17.4&#8243; _module_preset=&#8221;default&#8221; global_colors_info=&#8221;{}&#8221;][et_pb_text _builder_version=&#8221;4.17.4&#8243; _module_preset=&#8221;caaf96b4-ede2-46d9-a0d0-5e908d7bafb0&#8243; text_text_color=&#8221;#FFFFFF&#8221; locked=&#8221;off&#8221; global_colors_info=&#8221;{}&#8221;]Vores st\u00f8rste s\u00f8 hedder &#8220;Sottern&#8221; og er 2800 hektar stor. I Sottern er der et 700 hektar stort naturreservat &#8220;Sotterns Sk\u00e4rg\u00e5rd&#8221;. Dette omr\u00e5de blev fredet i 1997 for at beskytte bestanden af \u200b\u200bfiske\u00f8rn og lom. Adgang er forbudt der fra 15. maj til 15. juni. I Sottern er der blandt andet gedde, aborre og sandart.<\/p>\n<p><a href=\"https:\/\/brevens.se\/wp-content\/uploads\/2018\/07\/sjokort.jpg\" target=\"_blank\" rel=\"noopener\">S\u00f8kort over Sottern<\/a> (Bem\u00e6rk venligst, at dette kun er et simpelt kort over s\u00f8en. Der er mange klipper i s\u00f8en, som ikke er markeret, s\u00e5 k\u00f8r forsigtigt.) Den lilla del tilh\u00f8rer ikke Brevens Bruk AB&#8217;s fiskevand.<br \/>\nBem\u00e6rk venligst, at fiskeri i naturreservatet ikke er tilladt.\u00a0<a href=\"https:\/\/www.ifiske.se\/karta-sottern.htm\" target=\"_blank\" rel=\"noopener noreferrer\">Billede af kort over s\u00f8en<\/a>[\/et_pb_text][\/et_pb_column][\/et_pb_row][et_pb_row column_structure=&#8221;1_2,1_2&#8243; _builder_version=&#8221;4.17.4&#8243; _module_preset=&#8221;default&#8221; global_colors_info=&#8221;{}&#8221;][et_pb_column type=&#8221;1_2&#8243; _builder_version=&#8221;4.17.4&#8243; _module_preset=&#8221;default&#8221; global_colors_info=&#8221;{}&#8221;][et_pb_text _builder_version=&#8221;4.17.4&#8243; _module_preset=&#8221;caaf96b4-ede2-46d9-a0d0-5e908d7bafb0&#8243; text_text_color=&#8221;#FFFFFF&#8221; header_2_font=&#8221;Nanum Myeongjo||||||||&#8221; header_2_text_color=&#8221;gcid-11d3dbbb-f6dc-4fb8-929b-9d6994368d00&#8243; header_2_font_size=&#8221;28px&#8221; locked=&#8221;off&#8221; global_colors_info=&#8221;{%22gcid-11d3dbbb-f6dc-4fb8-929b-9d6994368d00%22:%91%22header_2_text_color%22%93}&#8221;]<\/p>\n<h2 style=\"text-align: center;\"><b>Fiskekortspriser\u00a0<\/b><\/h2>\n<p style=\"text-align: justify;\">Gebyrerne er baseret p\u00e5 anbefalinger fra fiskevandsejerne. Med &#8220;Ortsbo&#8221; mener vi dem, der bor inden for Brevens Bruk AB&#8217;s jordbesiddelser, herunder beboere i H\u00f6gsj\u00f6, Svennevad og P\u00e5lsboda.<\/p>\n<table style=\"height: 226px;\">\n<tbody>\n<tr style=\"height: 24px;\">\n<td style=\"height: 24px; width: 227.75px;\"><strong>Fiskekort:<\/strong><\/td>\n<td style=\"height: 24px; width: 95.9219px;\"><strong>Normalpris<\/strong><\/td>\n<td style=\"height: 24px; width: 60.5625px;\"><strong>Ortsbo\u00a0<\/strong><\/td>\n<\/tr>\n<tr style=\"height: 24px;\">\n<td style=\"height: 24px; width: 227.75px;\">\u00c5rskort handredskap, 1 person<\/td>\n<td style=\"height: 24px; width: 95.9219px;\">700 kr<\/td>\n<td style=\"height: 24px; width: 60.5625px;\">500 kr<\/td>\n<\/tr>\n<tr style=\"height: 24px;\">\n<td style=\"height: 24px; width: 227.75px;\">\u00c5rskort handredskap, familj<\/td>\n<td style=\"height: 24px; width: 95.9219px;\">1050 kr<\/td>\n<td style=\"height: 24px; width: 60.5625px;\">750 kr<\/td>\n<\/tr>\n<tr style=\"height: 24px;\">\n<td style=\"height: 24px; width: 227.75px;\">\u00c5rskort trolling, 1 person<\/td>\n<td style=\"height: 24px; width: 95.9219px;\">1200 kr<\/td>\n<td style=\"height: 24px; width: 60.5625px;\">800 kr<\/td>\n<\/tr>\n<tr style=\"height: 24px;\">\n<td style=\"height: 24px; width: 227.75px;\">\u00c5rskort trolling, familj<\/td>\n<td style=\"height: 24px; width: 95.9219px;\">1800 kr<\/td>\n<td style=\"height: 24px; width: 60.5625px;\">1125 kr<\/td>\n<\/tr>\n<tr style=\"height: 0px;\">\n<td style=\"height: 0px; width: 227.75px;\"><\/td>\n<td style=\"height: 0px; width: 95.9219px;\"><\/td>\n<td style=\"height: 0px; width: 60.5625px;\"><\/td>\n<\/tr>\n<tr style=\"height: 24px;\">\n<td style=\"height: 24px; width: 227.75px;\">Dagskort handredskap, 1 person<\/td>\n<td style=\"height: 24px; width: 95.9219px;\">95 kr<\/td>\n<td style=\"height: 24px; width: 60.5625px;\">70 kr<\/td>\n<\/tr>\n<tr style=\"height: 24px;\">\n<td style=\"height: 24px; width: 227.75px;\">Dagskort handredskap, familj<\/td>\n<td style=\"height: 24px; width: 95.9219px;\">135 kr<\/td>\n<td style=\"height: 24px; width: 60.5625px;\">100 kr<\/td>\n<\/tr>\n<tr style=\"height: 24px;\">\n<td style=\"height: 24px; width: 227.75px;\">Dagskort trolling, 1 person<\/td>\n<td style=\"height: 24px; width: 95.9219px;\">170 kr<\/td>\n<td style=\"height: 24px; width: 60.5625px;\">100 kr<\/td>\n<\/tr>\n<tr style=\"height: 24px;\">\n<td style=\"height: 24px; width: 227.75px;\">Dagskort trolling, familj<\/td>\n<td style=\"height: 24px; width: 95.9219px;\">200 kr<\/td>\n<td style=\"height: 24px; width: 60.5625px;\">150 kr<\/td>\n<\/tr>\n<\/tbody>\n<\/table>\n<p>H\u00e5ndfiskeri for unge op til 18 \u00e5r er gratis.<\/p>\n<p>F\u00f6r att k\u00f6pa\u00a0<strong>dagskort: <\/strong>Anv\u00e4nd iFiske app eller hemsida:\u00a0<a href=\"https:\/\/www.ifiske.se\/fiskekort-sottern.htm\">https:\/\/www.ifiske.se\/fiskekort-sottern.htm<\/a><\/p>\n<p>F\u00f6r att k\u00f6pa\u00a0<strong>\u00e5rskort<\/strong>: Anv\u00e4nd iFiske\u00a0eller kontakta v\u00e5rt kontor eller v\u00e5ra \u00e5terf\u00f6rs\u00e4ljare:<\/p>\n<ul>\n<li style=\"list-style-type: none;\">\n<ul>\n<li style=\"list-style-type: none;\">\n<ul>\n<li>iFiske app eller hemsida\u00a0<a href=\"https:\/\/www.ifiske.se\/fiskekort-sottern.htm\">https:\/\/www.ifiske.se\/fiskekort-sottern.htm<\/a><\/li>\n<li>Brevens Bruk AB,\u00a0<a href=\"tel:019-585850\" target=\"_blank\" rel=\"noopener\">019-585850<\/a>,\u00a0<a href=\"mailto:bbab@brevens.se\" target=\"_blank\" rel=\"noopener\">bbab@brevens.se<\/a><\/li>\n<li>OKQ8, Norra Storgatan 21, P\u00e5lsboda<\/li>\n<\/ul>\n<\/li>\n<\/ul>\n<\/li>\n<\/ul>\n<p>[\/et_pb_text][\/et_pb_column][et_pb_column type=&#8221;1_2&#8243; _builder_version=&#8221;4.17.4&#8243; _module_preset=&#8221;default&#8221; global_colors_info=&#8221;{}&#8221;][et_pb_text _builder_version=&#8221;4.17.4&#8243; _module_preset=&#8221;caaf96b4-ede2-46d9-a0d0-5e908d7bafb0&#8243; text_text_color=&#8221;#FFFFFF&#8221; header_2_font=&#8221;Nanum Myeongjo||||||||&#8221; header_2_text_color=&#8221;gcid-11d3dbbb-f6dc-4fb8-929b-9d6994368d00&#8243; header_2_font_size=&#8221;28px&#8221; locked=&#8221;off&#8221; global_colors_info=&#8221;{%22gcid-11d3dbbb-f6dc-4fb8-929b-9d6994368d00%22:%91%22header_2_text_color%22%93}&#8221;]<\/p>\n<h2 style=\"text-align: center;\"><b>Fiskeregler<\/b><\/h2>\n<p>Ved overtr\u00e6delse af nedenst\u00e5ende regler opkr\u00e6ves et kontrolgebyr af fiskeriinspekt\u00f8ren.<\/p>\n<ul>\n<li>Kortet er personligt og skal medbringes under fiskeri og fremvises efter anmodning under kontrol.<\/li>\n<li>Kun fiskeri med h\u00e5ndredskaber er tilladt. Der m\u00e5 ikke anvendes fiskenet. Om sommeren m\u00e5 man ikke have mere end \u00e9t h\u00e5ndredskab pr. person.<\/li>\n<li>For gedder m\u00e5 den fangede fisk v\u00e6re mindst 45 cm og h\u00f8jst 3 fisk\/dag og kort.<\/li>\n<li>For gedder m\u00e5 den fangede fisk v\u00e6re mindst 45 cm og h\u00f8jst 90 cm og h\u00f8jst 3 gedder\/dag og kort.<\/li>\n<li>Til trollingfiskeri kr\u00e6ves et s\u00e6rligt fisketegn.<\/li>\n<li>Til trollingfiskeri h\u00f8jst 4 st\u00e6nger\/kort eller h\u00f8jst 6 st\u00e6nger\/b\u00e5d.<\/li>\n<li>Til isfiskeri h\u00f8jst 5 fiskeredskaber pr. kort og kun med h\u00e5ndredskaber eller s\u00e5kaldt engeldon.<\/li>\n<li>Med &#8220;Ortsbo&#8221; mener vi dem, der bor inden for Brevens Bruk AB&#8217;s jordbesiddelser, inklusive beboere i H\u00f6gsj\u00f6, Svennevad og P\u00e5lsboda.<\/li>\n<li>Familie henviser til dem, der bor i samme husstand.<\/li>\n<li>H\u00e5ndfiskeri for unge op til 18 \u00e5r er gratis (vis ID er p\u00e5kr\u00e6vet).<\/li>\n<li>V\u00e6r hensynsfuld over for ynglende fugle. Fisk ikke t\u00e6ttere end 200 m fra ynglende fiske\u00f8rne og 300 m fra ynglende svartbag.<\/li>\n<li>Fiskeri er forbudt inden for det omr\u00e5de, der er markeret p\u00e5 kortet, mellem 15. maj og 20. juni.<\/li>\n<\/ul>\n<p>For yderligere information om regler inden for naturreservatet, bes\u00f8g L\u00e4nsstyrelsens hjemmeside: www.lansstyrelsen.se\/orebro\/besoksmal\/naturreservat\/sotterens-skargard[\/et_pb_text][\/et_pb_column][\/et_pb_row][\/et_pb_section][et_pb_section fb_built=&#8221;1&#8243; admin_label=&#8221;About&#8221; _builder_version=&#8221;4.17.4&#8243; _module_preset=&#8221;default&#8221; background_color=&#8221;gcid-9fa4a1b6-767d-41ca-984c-a6f10449c843&#8243; locked=&#8221;off&#8221; collapsed=&#8221;on&#8221; global_colors_info=&#8221;{%22gcid-9fa4a1b6-767d-41ca-984c-a6f10449c843%22:%91%22background_color%22%93}&#8221;][et_pb_row column_structure=&#8221;1_2,1_2&#8243; make_equal=&#8221;on&#8221; _builder_version=&#8221;4.17.4&#8243; _module_preset=&#8221;default&#8221; global_colors_info=&#8221;{}&#8221;][et_pb_column type=&#8221;1_2&#8243; _builder_version=&#8221;4.17.4&#8243; _module_preset=&#8221;default&#8221; background_image=&#8221;https:\/\/brevens.se\/wp-content\/uploads\/2025\/11\/8-4.png&#8221; global_colors_info=&#8221;{}&#8221;][et_pb_divider show_divider=&#8221;off&#8221; _builder_version=&#8221;4.20.0&#8243; _module_preset=&#8221;default&#8221; height_tablet=&#8221;40vw&#8221; height_phone=&#8221;40vw&#8221; height_last_edited=&#8221;on|desktop&#8221; global_colors_info=&#8221;{}&#8221;][\/et_pb_divider][\/et_pb_column][et_pb_column type=&#8221;1_2&#8243; _builder_version=&#8221;4.17.4&#8243; _module_preset=&#8221;default&#8221; global_colors_info=&#8221;{}&#8221;][et_pb_text _builder_version=&#8221;4.17.4&#8243; _module_preset=&#8221;1135b8a1-c43f-4ea0-83e4-9d9eba4f5814&#8243; global_colors_info=&#8221;{%22gcid-11d3dbbb-f6dc-4fb8-929b-9d6994368d00%22:%91%22header_2_text_color%22%93}&#8221;]<\/p>\n<h2>BOMNYCKLAR<\/h2>\n<p>[\/et_pb_text][et_pb_image src=&#8221;https:\/\/brevens.se\/wp-content\/uploads\/2025\/10\/attorney-1.png&#8221; title_text=&#8221;attorney-1&#8243; _builder_version=&#8221;4.20.0&#8243; _module_preset=&#8221;default&#8221; max_width=&#8221;65px&#8221; locked=&#8221;off&#8221; global_colors_info=&#8221;{}&#8221;][\/et_pb_image][et_pb_text _builder_version=&#8221;4.17.4&#8243; _module_preset=&#8221;caaf96b4-ede2-46d9-a0d0-5e908d7bafb0&#8243; text_text_color=&#8221;#FFFFFF&#8221; locked=&#8221;off&#8221; global_colors_info=&#8221;{}&#8221;]<\/p>\n<p style=\"text-align: justify;\">Brevens Bruk AB erbjuder bomnycklar i Sottern vid Gillberga, Kilsmo och Knipphammaren. Den koster 500 kr\/\u00e5ret och ger tillg\u00e5ng till en av ramperna.<\/p>\n<p style=\"text-align: justify;\">F\u00f6r mer information: <a href=\"mailto:bbab@brevens.se\">bbab@brevens.se<\/a><\/p>\n<p>[\/et_pb_text][\/et_pb_column][\/et_pb_row][\/et_pb_section][et_pb_section fb_built=&#8221;1&#8243; admin_label=&#8221;Footer&#8221; _builder_version=&#8221;4.17.4&#8243; _module_preset=&#8221;default&#8221; background_color=&#8221;#000c24&#8243; background_enable_image=&#8221;off&#8221; saved_tabs=&#8221;all&#8221; collapsed=&#8221;on&#8221; global_colors_info=&#8221;{}&#8221;][et_pb_row column_structure=&#8221;1_3,1_3,1_3&#8243; _builder_version=&#8221;4.20.0&#8243; _module_preset=&#8221;default&#8221; global_colors_info=&#8221;{}&#8221;][et_pb_column type=&#8221;1_3&#8243; _builder_version=&#8221;4.20.0&#8243; _module_preset=&#8221;default&#8221; global_colors_info=&#8221;{}&#8221;][et_pb_text _builder_version=&#8221;4.17.4&#8243; _module_preset=&#8221;423778a7-703b-4c7c-9d49-f65bfcc5ec39&#8243; text_orientation=&#8221;center&#8221; global_colors_info=&#8221;{%22gcid-11d3dbbb-f6dc-4fb8-929b-9d6994368d00%22:%91%22header_4_text_color%22%93}&#8221;]<\/p>\n<h4>KONTORET<\/h4>\n<p>[\/et_pb_text][et_pb_text _builder_version=&#8221;4.17.4&#8243; _module_preset=&#8221;76f1215c-7bba-4a34-a809-3e128146c4f4&#8243; text_font=&#8221;||||||||&#8221; text_text_color=&#8221;#FFFFFF&#8221; text_orientation=&#8221;center&#8221; custom_margin=&#8221;||10px||false|false&#8221; global_colors_info=&#8221;{}&#8221;]<\/p>\n<div class=\"et_pb_module et_pb_text et_pb_text_17 et_pb_text_align_center et_pb_bg_layout_light\">\n<div class=\"et_pb_text_inner\">\n<p>Bruksgatan 6<br \/>\n715 96 Brevens Bruk<\/p>\n<p>Klockan 08:00 \u2013 12:00<\/p>\n<\/div>\n<\/div>\n<p>[\/et_pb_text][\/et_pb_column][et_pb_column type=&#8221;1_3&#8243; _builder_version=&#8221;4.20.0&#8243; _module_preset=&#8221;default&#8221; global_colors_info=&#8221;{}&#8221;][et_pb_image src=&#8221;https:\/\/brevens.se\/wp-content\/uploads\/2025\/10\/cropped-Logga-PNG-vit-utan-bakgrund.png&#8221; title_text=&#8221;cropped-Logga-PNG-vit-utan-bakgrund.png&#8221; align=&#8221;center&#8221; _builder_version=&#8221;4.17.4&#8243; _module_preset=&#8221;default&#8221; max_height=&#8221;80px&#8221; global_colors_info=&#8221;{}&#8221;][\/et_pb_image][et_pb_text _builder_version=&#8221;4.17.4&#8243; _module_preset=&#8221;423778a7-703b-4c7c-9d49-f65bfcc5ec39&#8243; header_4_text_color=&#8221;#FFFFFF&#8221; text_orientation=&#8221;center&#8221; global_colors_info=&#8221;{}&#8221;]<\/p>\n<h4>Brevens Bruk AB<\/h4>\n<p>[\/et_pb_text][\/et_pb_column][et_pb_column type=&#8221;1_3&#8243; _builder_version=&#8221;4.20.0&#8243; _module_preset=&#8221;default&#8221; global_colors_info=&#8221;{}&#8221;][et_pb_text _builder_version=&#8221;4.17.4&#8243; _module_preset=&#8221;423778a7-703b-4c7c-9d49-f65bfcc5ec39&#8243; text_orientation=&#8221;center&#8221; locked=&#8221;off&#8221; global_colors_info=&#8221;{%22gcid-11d3dbbb-f6dc-4fb8-929b-9d6994368d00%22:%91%22header_4_text_color%22%93}&#8221;]<\/p>\n<h4>Kontakt<\/h4>\n<p>[\/et_pb_text][et_pb_text _builder_version=&#8221;4.17.4&#8243; _module_preset=&#8221;76f1215c-7bba-4a34-a809-3e128146c4f4&#8243; text_font=&#8221;||||||||&#8221; text_text_color=&#8221;#FFFFFF&#8221; text_orientation=&#8221;center&#8221; custom_margin=&#8221;||10px||false|false&#8221; global_colors_info=&#8221;{}&#8221;]<\/p>\n<div class=\"et_pb_module et_pb_text et_pb_text_17 et_pb_text_align_center et_pb_bg_layout_light\">\n<div class=\"et_pb_text_inner\">\n<p>+46 019-58 58 50<br \/>\n<span style=\"font-size: 16px;\">Klockan 08:00-12:00<\/span><\/p>\n<p>bbab@brevens.se<\/p>\n<p>&nbsp;<\/p>\n<p>&nbsp;<\/p>\n<\/div>\n<\/div>\n<p>[\/et_pb_text][\/et_pb_column][\/et_pb_row][et_pb_row _builder_version=&#8221;4.20.0&#8243; _module_preset=&#8221;default&#8221; custom_padding=&#8221;0px||0px||true|&#8221; global_colors_info=&#8221;{}&#8221;][et_pb_column type=&#8221;4_4&#8243; _builder_version=&#8221;4.20.0&#8243; _module_preset=&#8221;default&#8221; global_colors_info=&#8221;{}&#8221;][et_pb_social_media_follow icon_color=&#8221;#000000&#8243; _builder_version=&#8221;4.17.4&#8243; _module_preset=&#8221;default&#8221; text_orientation=&#8221;center&#8221; custom_margin=&#8221;||||false|false&#8221; border_radii=&#8221;on|100px|100px|100px|100px&#8221; locked=&#8221;off&#8221; global_colors_info=&#8221;{}&#8221; theme_builder_area=&#8221;post_content&#8221;][et_pb_social_media_follow_network social_network=&#8221;facebook&#8221; url=&#8221;https:\/\/www.facebook.com\/BrevensBrukAB&#8221; _builder_version=&#8221;4.17.4&#8243; _module_preset=&#8221;default&#8221; background_color=&#8221;gcid-11d3dbbb-f6dc-4fb8-929b-9d6994368d00&#8243; background_enable_color=&#8221;on&#8221; custom_padding=&#8221;8px|8px|8px|8px|true|true&#8221; global_colors_info=&#8221;{%22gcid-11d3dbbb-f6dc-4fb8-929b-9d6994368d00%22:%91%22background_color%22%93}&#8221; theme_builder_area=&#8221;post_content&#8221; follow_button=&#8221;off&#8221; url_new_window=&#8221;on&#8221;]facebook[\/et_pb_social_media_follow_network][et_pb_social_media_follow_network social_network=&#8221;instagram&#8221; url=&#8221;https:\/\/www.instagram.com\/brevensbrukab\/&#8221; _builder_version=&#8221;4.17.4&#8243; _module_preset=&#8221;default&#8221; background_color=&#8221;gcid-11d3dbbb-f6dc-4fb8-929b-9d6994368d00&#8243; background_enable_color=&#8221;on&#8221; custom_padding=&#8221;8px|8px|8px|8px|true|true&#8221; global_colors_info=&#8221;{%22gcid-11d3dbbb-f6dc-4fb8-929b-9d6994368d00%22:%91%22background_color%22%93}&#8221; theme_builder_area=&#8221;post_content&#8221; follow_button=&#8221;off&#8221; url_new_window=&#8221;on&#8221;]instagram[\/et_pb_social_media_follow_network][\/et_pb_social_media_follow][et_pb_divider color=&#8221;gcid-11d3dbbb-f6dc-4fb8-929b-9d6994368d00&#8243; _builder_version=&#8221;4.20.0&#8243; _module_preset=&#8221;default&#8221; custom_margin=&#8221;||0px||false|false&#8221; global_colors_info=&#8221;{%22gcid-11d3dbbb-f6dc-4fb8-929b-9d6994368d00%22:%91%22color%22%93}&#8221; theme_builder_area=&#8221;post_content&#8221;][\/et_pb_divider][\/et_pb_column][\/et_pb_row][\/et_pb_section]<\/p>\n","protected":false},"excerpt":{"rendered":"<p>Jagt &amp; Fiske Brevens Bruk driver en begr\u00e6nset og eksklusiv jagtturisme, hvor fokus prim\u00e6rt er p\u00e5 drivjagt p\u00e5 vildsvin og d\u00e5dyr. Vi tilbyder ogs\u00e5 fine fiskevande i Sottern. Jagt i Brevens Bruk Brevens Bruks skove tilbyder en af \u200b\u200bregionens mest dynamiske vildtbestande. D\u00e5hjorte er den mest fremtr\u00e6dende vildtart, og vi kan prale af en us\u00e6dvanlig [&hellip;]<\/p>\n","protected":false},"author":3,"featured_media":0,"parent":0,"menu_order":0,"comment_status":"closed","ping_status":"closed","template":"","meta":{"_et_pb_use_builder":"on","_et_pb_old_content":"","_et_gb_content_width":""},"_links":{"self":[{"href":"https:\/\/brevens.se\/da\/wp-json\/wp\/v2\/pages\/11335"}],"collection":[{"href":"https:\/\/brevens.se\/da\/wp-json\/wp\/v2\/pages"}],"about":[{"href":"https:\/\/brevens.se\/da\/wp-json\/wp\/v2\/types\/page"}],"author":[{"embeddable":true,"href":"https:\/\/brevens.se\/da\/wp-json\/wp\/v2\/users\/3"}],"replies":[{"embeddable":true,"href":"https:\/\/brevens.se\/da\/wp-json\/wp\/v2\/comments?post=11335"}],"version-history":[{"count":9,"href":"https:\/\/brevens.se\/da\/wp-json\/wp\/v2\/pages\/11335\/revisions"}],"predecessor-version":[{"id":11367,"href":"https:\/\/brevens.se\/da\/wp-json\/wp\/v2\/pages\/11335\/revisions\/11367"}],"wp:attachment":[{"href":"https:\/\/brevens.se\/da\/wp-json\/wp\/v2\/media?parent=11335"}],"curies":[{"name":"wp","href":"https:\/\/api.w.org\/{rel}","templated":true}]}}