{"id":11486,"date":"2026-01-23T11:44:30","date_gmt":"2026-01-23T10:44:30","guid":{"rendered":"https:\/\/brevens.se\/?page_id=11486"},"modified":"2026-01-23T12:20:41","modified_gmt":"2026-01-23T11:20:41","slug":"visit-brevens-bruk","status":"publish","type":"page","link":"https:\/\/brevens.se\/da\/visit-brevens-bruk\/","title":{"rendered":"Visit Brevens Bruk"},"content":{"rendered":"<p>[et_pb_section fb_built=&#8221;1&#8243; admin_label=&#8221;Header&#8221; _builder_version=&#8221;4.17.4&#8243; _module_preset=&#8221;default&#8221; background_color=&#8221;gcid-2f3f3e09-0a26-4ea7-8906-5e1128945e3f&#8221; locked=&#8221;off&#8221; collapsed=&#8221;on&#8221; global_colors_info=&#8221;{%22gcid-2f3f3e09-0a26-4ea7-8906-5e1128945e3f%22:%91%22background_color%22%93}&#8221;][et_pb_row _builder_version=&#8221;4.20.0&#8243; _module_preset=&#8221;default&#8221; global_colors_info=&#8221;{}&#8221;][et_pb_column type=&#8221;4_4&#8243; _builder_version=&#8221;4.20.0&#8243; _module_preset=&#8221;default&#8221; global_colors_info=&#8221;{}&#8221;][et_pb_image src=&#8221;https:\/\/brevens.se\/wp-content\/uploads\/2025\/10\/attorney-2.png&#8221; title_text=&#8221;attorney-2&#8243; _builder_version=&#8221;4.20.0&#8243; _module_preset=&#8221;default&#8221; max_width=&#8221;130px&#8221; module_alignment=&#8221;center&#8221; global_colors_info=&#8221;{}&#8221;][\/et_pb_image][et_pb_text _builder_version=&#8221;4.17.4&#8243; _module_preset=&#8221;aadaa8eb-75bf-40ac-af24-3fea60bfd4dd&#8221; header_2_font=&#8221;Playfair Display||||||||&#8221; header_2_font_size=&#8221;50px&#8221; text_orientation=&#8221;center&#8221; global_colors_info=&#8221;{}&#8221;]<\/p>\n<h2>Visit Brevens Bruk<\/h2>\n<p>[\/et_pb_text][et_pb_text _builder_version=&#8221;4.17.4&#8243; _module_preset=&#8221;default&#8221; text_font_size=&#8221;16px&#8221; global_colors_info=&#8221;{}&#8221;]<\/p>\n<p style=\"text-align: center;\">Natur, kultur, motion \u2013 her er noget for enhver smag!<\/p>\n<p style=\"text-align: center;\">Omkring halvtreds kilometer syd\u00f8st for \u00d6rebro ligger Brevens Bruk, en velbevaret og smuk landsby, sandsynligvis det fineste eksempel p\u00e5 gammel svensk jernbrugstradition \u2013 bevaret i mere eller mindre sin oprindelige stand.<\/p>\n<p>[\/et_pb_text][\/et_pb_column][\/et_pb_row][\/et_pb_section][et_pb_section fb_built=&#8221;1&#8243; admin_label=&#8221;Blog&#8221; _builder_version=&#8221;4.17.4&#8243; _module_preset=&#8221;default&#8221; background_color=&#8221;gcid-9fa4a1b6-767d-41ca-984c-a6f10449c843&#8243; collapsed=&#8221;on&#8221; global_colors_info=&#8221;{%22gcid-9fa4a1b6-767d-41ca-984c-a6f10449c843%22:%91%22background_color%22%93}&#8221;][et_pb_row _builder_version=&#8221;4.20.0&#8243; _module_preset=&#8221;default&#8221; global_colors_info=&#8221;{}&#8221;][et_pb_column type=&#8221;4_4&#8243; _builder_version=&#8221;4.20.0&#8243; _module_preset=&#8221;default&#8221; global_colors_info=&#8221;{}&#8221;][et_pb_gallery gallery_ids=&#8221;10581,10585,10589,10593,10597,10601,10605,10609,10613,10617,10621,10625,10629,10633,10637,10641,10645,10649,10653,10657,10661&#8243; fullwidth=&#8221;on&#8221; _builder_version=&#8221;4.17.4&#8243; _module_preset=&#8221;default&#8221; pagination_text_color=&#8221;#FFFFFF&#8221; auto=&#8221;on&#8221; auto_speed=&#8221;5000&#8243; global_colors_info=&#8221;{}&#8221;][\/et_pb_gallery][\/et_pb_column][\/et_pb_row][\/et_pb_section][et_pb_section fb_built=&#8221;1&#8243; admin_label=&#8221;Blog&#8221; _builder_version=&#8221;4.20.0&#8243; _module_preset=&#8221;default&#8221; background_color=&#8221;gcid-2f3f3e09-0a26-4ea7-8906-5e1128945e3f&#8221; collapsed=&#8221;on&#8221; global_colors_info=&#8221;{%22gcid-2f3f3e09-0a26-4ea7-8906-5e1128945e3f%22:%91%22background_color%22%93}&#8221;][et_pb_row column_structure=&#8221;1_3,1_3,1_3&#8243; use_custom_gutter=&#8221;on&#8221; gutter_width=&#8221;2&#8243; _builder_version=&#8221;4.17.4&#8243; _module_preset=&#8221;default&#8221; global_colors_info=&#8221;{}&#8221;][et_pb_column type=&#8221;1_3&#8243; _builder_version=&#8221;4.20.0&#8243; _module_preset=&#8221;default&#8221; global_colors_info=&#8221;{}&#8221;][et_pb_blurb title=&#8221;Aktiviteter&#8221; url=&#8221;https:\/\/brevens.se\/da\/aktiviteter\/&#8221; image=&#8221;https:\/\/brevens.se\/wp-content\/uploads\/2023\/09\/Sport-Motion.png&#8221; _builder_version=&#8221;4.17.4&#8243; _module_preset=&#8221;default&#8221; header_level=&#8221;h2&#8243; header_text_align=&#8221;center&#8221; header_font_size=&#8221;30px&#8221; body_text_align=&#8221;left&#8221; body_font_size=&#8221;16px&#8221; animation=&#8221;off&#8221; link_option_url=&#8221;https:\/\/brevens.se\/da\/aktiviteter\/&#8221; border_width_all_image=&#8221;2px&#8221; border_color_all_image=&#8221;#000000&#8243; global_colors_info=&#8221;{}&#8221;]<\/p>\n<p style=\"text-align: justify;\">Brevens tilbyder alt fra stille og fredfyldte vandreture gennem den historiske landsby til actionfyldte mountainbike-ruter i skoven.<\/p>\n<p>[\/et_pb_blurb][et_pb_blurb title=&#8221;Skov &amp; S\u00f8&#8221; url=&#8221;https:\/\/brevens.se\/natur\/&#8221; image=&#8221;https:\/\/brevens.se\/wp-content\/uploads\/2025\/11\/Skog-sjo-hemsida.png&#8221; _builder_version=&#8221;4.17.4&#8243; _module_preset=&#8221;default&#8221; header_level=&#8221;h2&#8243; header_text_align=&#8221;center&#8221; header_font_size=&#8221;30px&#8221; body_font_size=&#8221;16px&#8221; animation=&#8221;off&#8221; link_option_url=&#8221;https:\/\/brevens.se\/natur\/&#8221; border_width_all_image=&#8221;2px&#8221; border_color_all_image=&#8221;#000000&#8243; global_colors_info=&#8221;{}&#8221;]<\/p>\n<p style=\"text-align: justify;\">Brevens Bruk har smukke skovomr\u00e5der med vandrestier, samt en r\u00e6kke sv\u00f8mmeomr\u00e5der med shelters og grillpladser.<\/p>\n<p>[\/et_pb_blurb][\/et_pb_column][et_pb_column type=&#8221;1_3&#8243; _builder_version=&#8221;4.20.0&#8243; _module_preset=&#8221;default&#8221; global_colors_info=&#8221;{}&#8221;][et_pb_blurb title=&#8221;Kunst &amp; Kultur&#8221; url=&#8221;https:\/\/brevens.se\/da\/kunst-kultur\/&#8221; image=&#8221;https:\/\/brevens.se\/wp-content\/uploads\/2023\/09\/Konstkultur.png&#8221; _builder_version=&#8221;4.17.4&#8243; _module_preset=&#8221;default&#8221; header_level=&#8221;h2&#8243; header_text_align=&#8221;center&#8221; header_font_size=&#8221;30px&#8221; body_font_size=&#8221;16px&#8221; animation=&#8221;off&#8221; link_option_url=&#8221;https:\/\/brevens.se\/da\/kunst-kultur\/&#8221; border_width_all_image=&#8221;2px&#8221; border_color_all_image=&#8221;#000000&#8243; global_colors_info=&#8221;{}&#8221;]<\/p>\n<p style=\"text-align: justify;\">Bes\u00f8g jernv\u00e6rksmuseet og se produktionen fra det gamle jernv\u00e6rk, eller oplev risteriet og modelmagasinet.<\/p>\n<p>[\/et_pb_blurb][et_pb_blurb title=&#8221;Vinter&#8221; image=&#8221;https:\/\/brevens.se\/wp-content\/uploads\/2024\/10\/11.png&#8221; _builder_version=&#8221;4.17.4&#8243; _module_preset=&#8221;default&#8221; header_level=&#8221;h2&#8243; header_text_align=&#8221;center&#8221; header_font_size=&#8221;30px&#8221; body_font_size=&#8221;16px&#8221; animation=&#8221;off&#8221; hover_enabled=&#8221;0&#8243; border_width_all_image=&#8221;2px&#8221; border_color_all_image=&#8221;#000000&#8243; global_colors_info=&#8221;{}&#8221; url=&#8221;https:\/\/brevens.se\/da\/vinter\/&#8221; link_option_url=&#8221;https:\/\/brevens.se\/da\/vinter\/&#8221; sticky_enabled=&#8221;0&#8243;]<\/p>\n<p style=\"text-align: justify;\">Om vinteren, n\u00e5r sneforholdene er gode, s\u00f8rger de lokale sportsklubber for, at der er gode skispor i omr\u00e5derne omkring Brevens Bruk.<\/p>\n<p>[\/et_pb_blurb][\/et_pb_column][et_pb_column type=&#8221;1_3&#8243; _builder_version=&#8221;4.20.0&#8243; _module_preset=&#8221;default&#8221; global_colors_info=&#8221;{}&#8221;][et_pb_blurb title=&#8221;Mad &amp; Drikke&#8221; url=&#8221;https:\/\/brevens.se\/da\/mad-drikke\/&#8221; image=&#8221;https:\/\/brevens.se\/wp-content\/uploads\/2025\/11\/Brevensgarden-hemsida.png&#8221; _builder_version=&#8221;4.17.4&#8243; _module_preset=&#8221;default&#8221; header_level=&#8221;h2&#8243; header_text_align=&#8221;center&#8221; header_font_size=&#8221;30px&#8221; body_font_size=&#8221;16px&#8221; animation=&#8221;off&#8221; link_option_url=&#8221;https:\/\/brevens.se\/da\/mad-drikke\/&#8221; border_width_all_image=&#8221;2px&#8221; border_color_all_image=&#8221;#000000&#8243; global_colors_info=&#8221;{}&#8221;]<\/p>\n<p style=\"text-align: justify;\">I landlige og fredelige omgivelser kan du pr\u00f8ve lokalt Brevens-k\u00f8d p\u00e5 Brevensg\u00e5rden eller nyde en kop kaffe p\u00e5 Brevens Caf\u00e9 &amp; Butik.<\/p>\n<p>[\/et_pb_blurb][et_pb_blurb title=&#8221;Midsommer&#8221; url=&#8221;https:\/\/brevens.se\/midsommar\/&#8221; image=&#8221;https:\/\/brevens.se\/wp-content\/uploads\/2024\/10\/5.png&#8221; _builder_version=&#8221;4.17.4&#8243; _module_preset=&#8221;default&#8221; header_level=&#8221;h2&#8243; header_text_align=&#8221;center&#8221; header_font_size=&#8221;30px&#8221; body_font_size=&#8221;16px&#8221; animation=&#8221;off&#8221; link_option_url=&#8221;https:\/\/brevens.se\/midsommar\/&#8221; border_width_all_image=&#8221;2px&#8221; border_color_all_image=&#8221;#000000&#8243; global_colors_info=&#8221;{}&#8221;]<\/p>\n<p style=\"text-align: justify;\">Midsommerfejringen i Brevens Bruk har gamle r\u00f8dder, indrammet af fine kranse, et midsommeroptog, fest og musik.<\/p>\n<p>[\/et_pb_blurb][\/et_pb_column][\/et_pb_row][\/et_pb_section][et_pb_section fb_built=&#8221;1&#8243; admin_label=&#8221;Footer&#8221; _builder_version=&#8221;4.17.4&#8243; _module_preset=&#8221;default&#8221; background_color=&#8221;#000c24&#8243; background_enable_image=&#8221;off&#8221; saved_tabs=&#8221;all&#8221; collapsed=&#8221;on&#8221; global_colors_info=&#8221;{}&#8221;][et_pb_row column_structure=&#8221;1_3,1_3,1_3&#8243; _builder_version=&#8221;4.20.0&#8243; _module_preset=&#8221;default&#8221; global_colors_info=&#8221;{}&#8221;][et_pb_column type=&#8221;1_3&#8243; _builder_version=&#8221;4.20.0&#8243; _module_preset=&#8221;default&#8221; global_colors_info=&#8221;{}&#8221;][et_pb_text _builder_version=&#8221;4.17.4&#8243; _module_preset=&#8221;423778a7-703b-4c7c-9d49-f65bfcc5ec39&#8243; text_orientation=&#8221;center&#8221; global_colors_info=&#8221;{%22gcid-11d3dbbb-f6dc-4fb8-929b-9d6994368d00%22:%91%22header_4_text_color%22%93}&#8221;]<\/p>\n<h4>KONTORET<\/h4>\n<p>[\/et_pb_text][et_pb_text _builder_version=&#8221;4.17.4&#8243; _module_preset=&#8221;76f1215c-7bba-4a34-a809-3e128146c4f4&#8243; text_font=&#8221;||||||||&#8221; text_text_color=&#8221;#FFFFFF&#8221; text_orientation=&#8221;center&#8221; custom_margin=&#8221;||10px||false|false&#8221; global_colors_info=&#8221;{}&#8221;]<\/p>\n<div class=\"et_pb_module et_pb_text et_pb_text_17 et_pb_text_align_center et_pb_bg_layout_light\">\n<div class=\"et_pb_text_inner\">\n<p>Bruksgatan 6<br \/>\n715 96 Brevens Bruk<\/p>\n<p>Klockan 08:00 \u2013 12:00<\/p>\n<\/div>\n<\/div>\n<p>[\/et_pb_text][\/et_pb_column][et_pb_column type=&#8221;1_3&#8243; _builder_version=&#8221;4.20.0&#8243; _module_preset=&#8221;default&#8221; global_colors_info=&#8221;{}&#8221;][et_pb_image src=&#8221;https:\/\/brevens.se\/wp-content\/uploads\/2025\/10\/cropped-Logga-PNG-vit-utan-bakgrund.png&#8221; title_text=&#8221;cropped-Logga-PNG-vit-utan-bakgrund.png&#8221; align=&#8221;center&#8221; _builder_version=&#8221;4.17.4&#8243; _module_preset=&#8221;default&#8221; max_height=&#8221;80px&#8221; global_colors_info=&#8221;{}&#8221;][\/et_pb_image][et_pb_text _builder_version=&#8221;4.17.4&#8243; _module_preset=&#8221;423778a7-703b-4c7c-9d49-f65bfcc5ec39&#8243; header_4_text_color=&#8221;#FFFFFF&#8221; text_orientation=&#8221;center&#8221; global_colors_info=&#8221;{}&#8221;]<\/p>\n<h4>Brevens Bruk AB<\/h4>\n<p>[\/et_pb_text][\/et_pb_column][et_pb_column type=&#8221;1_3&#8243; _builder_version=&#8221;4.20.0&#8243; _module_preset=&#8221;default&#8221; global_colors_info=&#8221;{}&#8221;][et_pb_text _builder_version=&#8221;4.17.4&#8243; _module_preset=&#8221;423778a7-703b-4c7c-9d49-f65bfcc5ec39&#8243; text_orientation=&#8221;center&#8221; locked=&#8221;off&#8221; global_colors_info=&#8221;{%22gcid-11d3dbbb-f6dc-4fb8-929b-9d6994368d00%22:%91%22header_4_text_color%22%93}&#8221;]<\/p>\n<h4>Kontakt<\/h4>\n<p>[\/et_pb_text][et_pb_text _builder_version=&#8221;4.17.4&#8243; _module_preset=&#8221;76f1215c-7bba-4a34-a809-3e128146c4f4&#8243; text_font=&#8221;||||||||&#8221; text_text_color=&#8221;#FFFFFF&#8221; text_orientation=&#8221;center&#8221; custom_margin=&#8221;||10px||false|false&#8221; global_colors_info=&#8221;{}&#8221;]<\/p>\n<div class=\"et_pb_module et_pb_text et_pb_text_17 et_pb_text_align_center et_pb_bg_layout_light\">\n<div class=\"et_pb_text_inner\">\n<p>+46 019-58 58 50<br \/>\n<span style=\"font-size: 16px;\">Klockan 08:00-12:00<\/span><\/p>\n<p>bbab@brevens.se<\/p>\n<p>&nbsp;<\/p>\n<p>&nbsp;<\/p>\n<\/div>\n<\/div>\n<p>[\/et_pb_text][\/et_pb_column][\/et_pb_row][et_pb_row _builder_version=&#8221;4.20.0&#8243; _module_preset=&#8221;default&#8221; custom_padding=&#8221;0px||0px||true|&#8221; global_colors_info=&#8221;{}&#8221;][et_pb_column type=&#8221;4_4&#8243; _builder_version=&#8221;4.20.0&#8243; _module_preset=&#8221;default&#8221; global_colors_info=&#8221;{}&#8221;][et_pb_social_media_follow icon_color=&#8221;#000000&#8243; _builder_version=&#8221;4.17.4&#8243; _module_preset=&#8221;default&#8221; text_orientation=&#8221;center&#8221; custom_margin=&#8221;||||false|false&#8221; border_radii=&#8221;on|100px|100px|100px|100px&#8221; locked=&#8221;off&#8221; global_colors_info=&#8221;{}&#8221; theme_builder_area=&#8221;post_content&#8221;][et_pb_social_media_follow_network social_network=&#8221;facebook&#8221; url=&#8221;https:\/\/www.facebook.com\/BrevensBrukAB&#8221; _builder_version=&#8221;4.17.4&#8243; _module_preset=&#8221;default&#8221; background_color=&#8221;gcid-11d3dbbb-f6dc-4fb8-929b-9d6994368d00&#8243; background_enable_color=&#8221;on&#8221; custom_padding=&#8221;8px|8px|8px|8px|true|true&#8221; global_colors_info=&#8221;{%22gcid-11d3dbbb-f6dc-4fb8-929b-9d6994368d00%22:%91%22background_color%22%93}&#8221; theme_builder_area=&#8221;post_content&#8221; follow_button=&#8221;off&#8221; url_new_window=&#8221;on&#8221;]facebook[\/et_pb_social_media_follow_network][et_pb_social_media_follow_network social_network=&#8221;instagram&#8221; url=&#8221;https:\/\/www.instagram.com\/brevensbrukab\/&#8221; _builder_version=&#8221;4.17.4&#8243; _module_preset=&#8221;default&#8221; background_color=&#8221;gcid-11d3dbbb-f6dc-4fb8-929b-9d6994368d00&#8243; background_enable_color=&#8221;on&#8221; custom_padding=&#8221;8px|8px|8px|8px|true|true&#8221; global_colors_info=&#8221;{%22gcid-11d3dbbb-f6dc-4fb8-929b-9d6994368d00%22:%91%22background_color%22%93}&#8221; theme_builder_area=&#8221;post_content&#8221; follow_button=&#8221;off&#8221; url_new_window=&#8221;on&#8221;]instagram[\/et_pb_social_media_follow_network][\/et_pb_social_media_follow][et_pb_divider color=&#8221;gcid-11d3dbbb-f6dc-4fb8-929b-9d6994368d00&#8243; _builder_version=&#8221;4.20.0&#8243; _module_preset=&#8221;default&#8221; custom_margin=&#8221;||0px||false|false&#8221; global_colors_info=&#8221;{%22gcid-11d3dbbb-f6dc-4fb8-929b-9d6994368d00%22:%91%22color%22%93}&#8221; theme_builder_area=&#8221;post_content&#8221;][\/et_pb_divider][\/et_pb_column][\/et_pb_row][\/et_pb_section]<\/p>\n","protected":false},"excerpt":{"rendered":"<p>Visit Brevens Bruk Natur, kultur, motion \u2013 her er noget for enhver smag! Omkring halvtreds kilometer syd\u00f8st for \u00d6rebro ligger Brevens Bruk, en velbevaret og smuk landsby, sandsynligvis det fineste eksempel p\u00e5 gammel svensk jernbrugstradition \u2013 bevaret i mere eller mindre sin oprindelige stand. Brevens tilbyder alt fra stille og fredfyldte vandreture gennem den historiske [&hellip;]<\/p>\n","protected":false},"author":3,"featured_media":0,"parent":0,"menu_order":0,"comment_status":"closed","ping_status":"closed","template":"","meta":{"_et_pb_use_builder":"on","_et_pb_old_content":"","_et_gb_content_width":""},"_links":{"self":[{"href":"https:\/\/brevens.se\/da\/wp-json\/wp\/v2\/pages\/11486"}],"collection":[{"href":"https:\/\/brevens.se\/da\/wp-json\/wp\/v2\/pages"}],"about":[{"href":"https:\/\/brevens.se\/da\/wp-json\/wp\/v2\/types\/page"}],"author":[{"embeddable":true,"href":"https:\/\/brevens.se\/da\/wp-json\/wp\/v2\/users\/3"}],"replies":[{"embeddable":true,"href":"https:\/\/brevens.se\/da\/wp-json\/wp\/v2\/comments?post=11486"}],"version-history":[{"count":11,"href":"https:\/\/brevens.se\/da\/wp-json\/wp\/v2\/pages\/11486\/revisions"}],"predecessor-version":[{"id":11595,"href":"https:\/\/brevens.se\/da\/wp-json\/wp\/v2\/pages\/11486\/revisions\/11595"}],"wp:attachment":[{"href":"https:\/\/brevens.se\/da\/wp-json\/wp\/v2\/media?parent=11486"}],"curies":[{"name":"wp","href":"https:\/\/api.w.org\/{rel}","templated":true}]}}