{"id":9581,"date":"2025-08-05T10:41:56","date_gmt":"2025-08-05T08:41:56","guid":{"rendered":"https:\/\/brevens.se\/viken\/"},"modified":"2025-10-21T10:55:46","modified_gmt":"2025-10-21T08:55:46","slug":"viken","status":"publish","type":"page","link":"https:\/\/brevens.se\/da\/viken\/","title":{"rendered":"Viken"},"content":{"rendered":"<p>[et_pb_section fb_built=&#8221;1&#8243; fullwidth=&#8221;on&#8221; admin_label=&#8221;Coffee Hero Section&#8221; _builder_version=&#8221;4.17.4&#8243; custom_padding=&#8221;0|0px|0|0px&#8221; top_divider_color=&#8221;#e09900&#8243; locked=&#8221;off&#8221; global_colors_info=&#8221;{}&#8221;][et_pb_fullwidth_image _builder_version=&#8221;4.16&#8243; background_color_gradient_direction=&#8221;360deg&#8221; background_image=&#8221;https:\/\/brevens.se\/wp-content\/uploads\/2018\/04\/hero.jpg&#8221; custom_padding=&#8221;150px||50px|&#8221; filter_sepia=&#8221;50%&#8221; custom_css_main_element=&#8221;filter: none;||height: 0px;&#8221; global_colors_info=&#8221;{}&#8221;][\/et_pb_fullwidth_image][\/et_pb_section][et_pb_section fb_built=&#8221;1&#8243; admin_label=&#8221;Coffee Menu&#8221; module_class=&#8221;subpage-section&#8221; _builder_version=&#8221;4.16&#8243; background_color=&#8221;#fffcf2&#8243; custom_padding=&#8221;0px|0px|0px|&#8221; top_divider_style=&#8221;slant&#8221; top_divider_color=&#8221;#fffcf2&#8243; global_colors_info=&#8221;{}&#8221;][et_pb_row admin_label=&#8221;Coffee Items&#8221; _builder_version=&#8221;4.16&#8243; custom_margin=&#8221;|||&#8221; custom_padding=&#8221;60px|0px|20px|0px||&#8221; locked=&#8221;off&#8221; global_colors_info=&#8221;{}&#8221;][et_pb_column type=&#8221;4_4&#8243; _builder_version=&#8221;4.16&#8243; custom_padding=&#8221;|||&#8221; global_colors_info=&#8221;{}&#8221; custom_padding__hover=&#8221;|||&#8221;][et_pb_image src=&#8221;https:\/\/brevens.se\/wp-content\/uploads\/2025\/10\/Viken-Header.png&#8221; title_text=&#8221;Viken Header&#8221; align=&#8221;center&#8221; force_fullwidth=&#8221;on&#8221; _builder_version=&#8221;4.17.4&#8243; _module_preset=&#8221;default&#8221; global_colors_info=&#8221;{}&#8221;][\/et_pb_image][et_pb_text admin_label=&#8221;Jordbruket&#8221; _builder_version=&#8221;4.17.4&#8243; text_font=&#8221;Nunito||||||||&#8221; text_font_size=&#8221;18px&#8221; text_line_height=&#8221;1.8em&#8221; header_font=&#8221;Playfair Display||||||||&#8221; header_text_align=&#8221;left&#8221; header_text_color=&#8221;#000000&#8243; header_font_size=&#8221;43px&#8221; header_line_height=&#8221;1.7em&#8221; header_2_font=&#8221;Playfair Display||||||||&#8221; header_2_text_color=&#8221;#000000&#8243; header_3_font=&#8221;Playfair Display|600|||||||&#8221; header_3_font_size=&#8221;40px&#8221; global_colors_info=&#8221;{}&#8221;]<\/p>\n<h3 class=\"h1\">Viken<\/h3>\n<p>&nbsp;<\/p>\n<div class=\"kvgmc6g5 cxmmr5t8 oygrvhab hcukyx3x c1et5uql ii04i59q\">\n<div dir=\"auto\">\n<div dir=\"auto\"><\/div>\n<div dir=\"auto\" style=\"text-align: justify;\">Huset best\u00e5r af to separate lejligheder i det samme hus, der blev renoveret i 2022. Hver lejlighed har et fuldt udstyret k\u00f8kken med stue, to sovev\u00e6relser, et badev\u00e6relse og en indglasset veranda med en dejlig udsigt over Sottern &#8211; uanset om det er solrigt eller regnfuldt &#8211; det er altid en oplevelse at sidde der og betragte naturen. Om n\u00f8dvendigt kan den forbundne d\u00f8r \u00e5bnes, og hele huset kan bruges, og I kan rumme 8 personer. Kontakt os venligst, hvis I \u00f8nsker at leje hele huset.<\/div>\n<div dir=\"auto\"><\/div>\n<\/div>\n<div dir=\"auto\" style=\"text-align: justify;\">Omr\u00e5det omkring Brevens Bruk og Kilsmo er rigt p\u00e5 dyreliv. Is\u00e6r hjorte og traner ses ofte i n\u00e6rheden af \u200b\u200bhuset. Udnyt de omkringliggende skove til at plukke b\u00e6r og svampe, eller bes\u00f8g et af omr\u00e5dets naturreservater. Vi \u00f8nsker jer en afslappende ferie i vores smukke omgivelser!<\/div>\n<div dir=\"auto\">\n<div dir=\"auto\" style=\"text-align: justify;\"><\/div>\n<div dir=\"auto\">\n<p>Sengelinned og h\u00e5ndkl\u00e6der kan lejes for 150 SEK\/person.<br \/>\nSlutreng\u00f8ring udf\u00f8res selv eller kan bookes for et gebyr p\u00e5 1200 SEK pr. hus.<\/p>\n<p>Hvis I \u00f8nsker at booke mere end 14 dage, bedes I kontakte os.<\/p>\n<\/div>\n<\/div>\n<\/div>\n<div class=\"cxmmr5t8 oygrvhab hcukyx3x c1et5uql o9v6fnle ii04i59q\">\n<div dir=\"auto\">\n<p><span style=\"font-family: inherit; font-weight: normal; font-size: large;\">Telefon\u00a0<a href=\"tel:019-585850\" target=\"_blenk\" rel=\"noopener\">019 \u2013 58 58 50<\/a><br \/>\nE-post:\u00a0<a href=\"mailto:bbab@brevens.se\" target=\"_blank\" rel=\"noopener\">bbab@brevens.se<\/a><\/span><\/p>\n<p style=\"text-align: justify;\">\n<\/div>\n<\/div>\n<p>[\/et_pb_text][et_pb_code _builder_version=&#8221;4.17.4&#8243; _module_preset=&#8221;default&#8221; background_color=&#8221;RGBA(255,255,255,0)&#8221; custom_margin=&#8221;||-50px||false|false&#8221; custom_padding=&#8221;||0px||false|false&#8221; global_colors_info=&#8221;{}&#8221;]<script async src=\"https:\/\/secured.sirvoy.com\/widget\/sirvoy.js\" data-form-id=\"8a2049fb4a6c9202\" data-lang=\"sv\" data-wp-plugin-version=\"4.0\"><\/script>[\/et_pb_code][\/et_pb_column][\/et_pb_row][et_pb_row _builder_version=&#8221;4.17.4&#8243; _module_preset=&#8221;default&#8221; global_colors_info=&#8221;{}&#8221;][et_pb_column type=&#8221;4_4&#8243; _builder_version=&#8221;4.17.4&#8243; _module_preset=&#8221;default&#8221; global_colors_info=&#8221;{}&#8221;][et_pb_gallery gallery_ids=&#8221;9562,9157,9158,9160,9154,9152,9153,9161,9150,9163,9151,9162,9804&#8243; posts_number=&#8221;8&#8243; show_title_and_caption=&#8221;off&#8221; _builder_version=&#8221;4.17.4&#8243; _module_preset=&#8221;default&#8221; global_colors_info=&#8221;{}&#8221;][\/et_pb_gallery][\/et_pb_column][\/et_pb_row][et_pb_row admin_label=&#8221;Coffee Items&#8221; _builder_version=&#8221;4.16&#8243; custom_margin=&#8221;|||&#8221; custom_padding=&#8221;60px|0px|20px|0px||&#8221; locked=&#8221;off&#8221; global_colors_info=&#8221;{}&#8221;][et_pb_column type=&#8221;4_4&#8243; _builder_version=&#8221;4.16&#8243; custom_padding=&#8221;|||&#8221; global_colors_info=&#8221;{}&#8221; custom_padding__hover=&#8221;|||&#8221;][et_pb_text _builder_version=&#8221;4.17.4&#8243; _module_preset=&#8221;default&#8221; global_colors_info=&#8221;{}&#8221;]<\/p>\n<p style=\"text-align: center;\"><strong>I hvert hus findes:<\/strong><\/p>\n<table style=\"width: 100%; border-collapse: collapse; border-style: none;\">\n<tbody>\n<tr>\n<td style=\"width: 33.3333%;\">\n<ul>\n<li style=\"text-align: left;\"><span style=\"font-size: large;\">Wifi<\/span><\/li>\n<li style=\"text-align: left;\"><span style=\"font-size: large;\">Parkering<\/span><\/li>\n<li style=\"text-align: left;\"><span style=\"font-size: large;\">S\u00f8udsigt<\/span><\/li>\n<li style=\"text-align: left;\"><span style=\"font-size: large;\">Grill<\/span><\/li>\n<li style=\"text-align: left;\"><span style=\"font-size: large;\">Smart TV<\/span><\/li>\n<li style=\"text-align: left;\"><span style=\"font-size: large;\">Udem\u00f8bler<\/span><\/li>\n<li><span style=\"font-size: large;\">Motorb\u00e5d indg\u00e5r<\/span><\/li>\n<\/ul>\n<\/td>\n<td style=\"width: 33.3333%; text-align: left;\">\n<ul>\n<li><span style=\"font-size: large;\">Opvaskemaskine<\/span><\/li>\n<li><span style=\"font-size: large;\">Elkedel<\/span><\/li>\n<li><span style=\"font-size: large;\">Kaffebrygger<\/span><\/li>\n<li><span style=\"font-size: large;\">Ovn<\/span><\/li>\n<li><span style=\"font-size: large;\">K\u00f8l &amp; frys<\/span><\/li>\n<li><span style=\"font-size: large;\">Mikroovn<\/span><\/li>\n<li><span style=\"font-size: large;\">St\u00f8vsuger<\/span><\/li>\n<\/ul>\n<\/td>\n<td style=\"width: 33.3333%;\">\n<ul>\n<li><span style=\"font-size: large;\">K\u00f8kken<\/span><\/li>\n<li><span style=\"font-size: large;\">Stue<\/span><\/li>\n<li><span style=\"font-size: large;\">Badev\u00e6relse<\/span><\/li>\n<li><span style=\"font-size: large;\">Rum 1 med to enkelsenge<\/span><\/li>\n<li><span style=\"font-size: large;\">Rum 2 med to enkelsenge<\/span><\/li>\n<li><span style=\"font-size: large;\">Altan<\/span><\/li>\n<li><span style=\"font-size: large;\">B\u00e5drampe &amp; brygge<\/span><\/li>\n<\/ul>\n<\/td>\n<\/tr>\n<\/tbody>\n<\/table>\n<p>[\/et_pb_text][et_pb_text _builder_version=&#8221;4.17.4&#8243; _module_preset=&#8221;default&#8221; hover_enabled=&#8221;0&#8243; global_colors_info=&#8221;{}&#8221; sticky_enabled=&#8221;0&#8243;]<\/p>\n<table style=\"width: 100%; border-collapse: collapse; border-style: none;\">\n<tbody>\n<tr>\n<td style=\"width: 33.3333%;\">\n<p style=\"text-align: center;\"><strong>Husregler<\/strong><\/p>\n<ul>\n<li><span style=\"font-size: large;\">Tillgang til huset klokken 14:00<\/span><\/li>\n<li><span style=\"font-size: large;\">Afrejse senest klokken 11:00<\/span><\/li>\n<li><span style=\"font-size: large;\">Minimumalder for udlejning: 18 \u00e5r<\/span><\/li>\n<li><span style=\"font-size: large;\">Husdyr tilladt<\/span><\/li>\n<li><span style=\"font-size: large;\">Rygning ikke tilladt<\/span><\/li>\n<\/ul>\n<p>&nbsp;<\/p>\n<\/td>\n<td style=\"width: 33.3333%; text-align: left;\">\n<p style=\"text-align: center;\"><strong>I omr\u00e5det<\/strong><\/p>\n<ul>\n<li><span style=\"font-size: large;\">Solberga strand 1,8 km<\/span><\/li>\n<li><span style=\"font-size: large;\">R\u00f6da Sand 7,6 km<\/span><\/li>\n<li><span style=\"font-size: large;\">Brevensg\u00e5rden Pub &amp; Restaurang 5 km<\/span><\/li>\n<li><span style=\"font-size: large;\">Brevens Caf\u00e9 &amp; Butik 5 km<\/span><\/li>\n<\/ul>\n<p>&nbsp;<\/p>\n<\/td>\n<td style=\"width: 33.3333%;\">\n<p style=\"text-align: center;\"><strong>Udflugt<\/strong><\/p>\n<p style=\"text-align: center;\"><strong><\/strong><\/p>\n<ul>\n<li><span style=\"font-size: large;\">Ving\u00e5ker Factory Outlet 24 km<\/span><\/li>\n<li><span style=\"font-size: large;\">S\u00e4fstaholm slott Ving\u00e5ker<\/span><\/li>\n<li><span style=\"font-size: large;\">Gustavsvik 56 km<\/span><\/li>\n<li><span style=\"font-size: large;\">Marieberg Ink\u00f6pscentrum 52 km<\/span><\/li>\n<li><span style=\"font-size: large;\">\u00d6rebro slott 58 km<\/span><\/li>\n<\/ul>\n<\/td>\n<\/tr>\n<\/tbody>\n<\/table>\n<p>[\/et_pb_text][\/et_pb_column][\/et_pb_row][\/et_pb_section][et_pb_section fb_built=&#8221;1&#8243; fullwidth=&#8221;on&#8221; _builder_version=&#8221;4.17.4&#8243; _module_preset=&#8221;default&#8221; global_colors_info=&#8221;{}&#8221;][et_pb_fullwidth_map address=&#8221;Kilsmo 509, 715 95 Kilsmo, Sverige&#8221; zoom_level=&#8221;11&#8243; address_lat=&#8221;59.0629092&#8243; address_lng=&#8221;15.5460533&#8243; _builder_version=&#8221;4.17.4&#8243; _module_preset=&#8221;default&#8221; border_width_all=&#8221;2px&#8221; global_colors_info=&#8221;{}&#8221;][et_pb_map_pin title=&#8221;Viken&#8221; pin_address=&#8221;Kilsmo 509, 715 95 Kilsmo, Sverige&#8221; zoom_level=&#8221;10&#8243; pin_address_lat=&#8221;59.0629092&#8243; pin_address_lng=&#8221;15.5460533&#8243; _builder_version=&#8221;4.17.4&#8243; _module_preset=&#8221;default&#8221; global_colors_info=&#8221;{}&#8221;]Kilsmo 509, 715 95 Kilsmo[\/et_pb_map_pin][\/et_pb_fullwidth_map][\/et_pb_section][et_pb_section fb_built=&#8221;1&#8243; _builder_version=&#8221;4.17.4&#8243; _module_preset=&#8221;default&#8221; background_color=&#8221;#fffcf2&#8243; global_colors_info=&#8221;{}&#8221;][\/et_pb_section]<\/p>\n","protected":false},"excerpt":{"rendered":"<p>Viken &nbsp; Huset best\u00e5r af to separate lejligheder i det samme hus, der blev renoveret i 2022. Hver lejlighed har et fuldt udstyret k\u00f8kken med stue, to sovev\u00e6relser, et badev\u00e6relse og en indglasset veranda med en dejlig udsigt over Sottern &#8211; uanset om det er solrigt eller regnfuldt &#8211; det er altid en oplevelse at [&hellip;]<\/p>\n","protected":false},"author":3,"featured_media":0,"parent":0,"menu_order":0,"comment_status":"closed","ping_status":"closed","template":"","meta":{"_et_pb_use_builder":"on","_et_pb_old_content":"","_et_gb_content_width":""},"_links":{"self":[{"href":"https:\/\/brevens.se\/da\/wp-json\/wp\/v2\/pages\/9581"}],"collection":[{"href":"https:\/\/brevens.se\/da\/wp-json\/wp\/v2\/pages"}],"about":[{"href":"https:\/\/brevens.se\/da\/wp-json\/wp\/v2\/types\/page"}],"author":[{"embeddable":true,"href":"https:\/\/brevens.se\/da\/wp-json\/wp\/v2\/users\/3"}],"replies":[{"embeddable":true,"href":"https:\/\/brevens.se\/da\/wp-json\/wp\/v2\/comments?post=9581"}],"version-history":[{"count":25,"href":"https:\/\/brevens.se\/da\/wp-json\/wp\/v2\/pages\/9581\/revisions"}],"predecessor-version":[{"id":10253,"href":"https:\/\/brevens.se\/da\/wp-json\/wp\/v2\/pages\/9581\/revisions\/10253"}],"wp:attachment":[{"href":"https:\/\/brevens.se\/da\/wp-json\/wp\/v2\/media?parent=9581"}],"curies":[{"name":"wp","href":"https:\/\/api.w.org\/{rel}","templated":true}]}}