{"id":9585,"date":"2025-08-05T10:43:52","date_gmt":"2025-08-05T08:43:52","guid":{"rendered":"https:\/\/brevens.se\/talludden\/"},"modified":"2025-10-21T10:45:23","modified_gmt":"2025-10-21T08:45:23","slug":"talludden","status":"publish","type":"page","link":"https:\/\/brevens.se\/da\/talludden\/","title":{"rendered":"Talludden"},"content":{"rendered":"<p>[et_pb_section fb_built=&#8221;1&#8243; fullwidth=&#8221;on&#8221; admin_label=&#8221;Coffee Hero Section&#8221; _builder_version=&#8221;4.17.4&#8243; custom_padding=&#8221;0|0px|0|0px&#8221; top_divider_color=&#8221;#e09900&#8243; locked=&#8221;off&#8221; global_colors_info=&#8221;{}&#8221;][et_pb_fullwidth_image _builder_version=&#8221;4.16&#8243; background_color_gradient_direction=&#8221;360deg&#8221; background_image=&#8221;https:\/\/brevens.se\/wp-content\/uploads\/2018\/04\/hero.jpg&#8221; custom_padding=&#8221;150px||50px|&#8221; filter_sepia=&#8221;50%&#8221; custom_css_main_element=&#8221;filter: none;||height: 0px;&#8221; global_colors_info=&#8221;{}&#8221;][\/et_pb_fullwidth_image][\/et_pb_section][et_pb_section fb_built=&#8221;1&#8243; admin_label=&#8221;Coffee Menu&#8221; module_class=&#8221;subpage-section&#8221; _builder_version=&#8221;4.17.4&#8243; background_color=&#8221;#fffcf2&#8243; custom_padding=&#8221;0px|0px|0px|&#8221; top_divider_color=&#8221;#fffcf2&#8243; global_colors_info=&#8221;{}&#8221;][et_pb_row admin_label=&#8221;Coffee Items&#8221; _builder_version=&#8221;4.16&#8243; custom_margin=&#8221;|||&#8221; custom_padding=&#8221;60px|0px|60px|0px&#8221; locked=&#8221;off&#8221; global_colors_info=&#8221;{}&#8221;][et_pb_column type=&#8221;4_4&#8243; _builder_version=&#8221;4.16&#8243; custom_padding=&#8221;|||&#8221; global_colors_info=&#8221;{}&#8221; custom_padding__hover=&#8221;|||&#8221;][et_pb_image src=&#8221;https:\/\/brevens.se\/wp-content\/uploads\/2025\/10\/Talludden-header.png&#8221; title_text=&#8221;Talludden header&#8221; force_fullwidth=&#8221;on&#8221; _builder_version=&#8221;4.17.4&#8243; _module_preset=&#8221;default&#8221; global_colors_info=&#8221;{}&#8221;][\/et_pb_image][et_pb_text admin_label=&#8221;Jordbruket&#8221; _builder_version=&#8221;4.17.4&#8243; text_font=&#8221;Nunito||||||||&#8221; text_font_size=&#8221;18px&#8221; text_line_height=&#8221;1.8em&#8221; header_font=&#8221;Playfair Display|500|||||||&#8221; header_text_align=&#8221;left&#8221; header_text_color=&#8221;#000000&#8243; header_font_size=&#8221;40px&#8221; header_line_height=&#8221;1.7em&#8221; header_3_font=&#8221;Playfair Display||||||||&#8221; header_3_font_size=&#8221;40px&#8221; hover_enabled=&#8221;0&#8243; global_colors_info=&#8221;{}&#8221; sticky_enabled=&#8221;0&#8243;]<\/p>\n<h3 class=\"h1\">Talludden<\/h3>\n<p>&nbsp;<\/p>\n<div class=\"kvgmc6g5 cxmmr5t8 oygrvhab hcukyx3x c1et5uql ii04i59q\">\n<div dir=\"auto\">\n<p style=\"text-align: justify;\">Sommerhuset ligger lige uden for Brevens Bruk, kun 400 meter fra badeomr\u00e5det R\u00f6da Sand. Talludden blev bygget i 1900 og er l\u00f8bende blevet renoveret siden 2007. Det ligger 20 meter fra vandet, direkte ved Brevens \u00e5. Du kan tilberede friskfanget fisk ved grillpladsen. En rob\u00e5d er inkluderet i lejen.<\/p>\n<p style=\"text-align: justify;\">Sommerhuset har 3 sovev\u00e6relser med i alt 6 senge (hvoraf to har k\u00f8jesenge og en med en dobbeltseng), et badev\u00e6relse og et fuldt udstyret k\u00f8kken\/stue. Huset har et opholdsareal p\u00e5 cirka 70 kvadratmeter. Husets hjerte er det \u00e5bne k\u00f8kken\/stue med en stor spiseplads og pejs. Derfra har du en fantastisk udsigt over \u00e5en p\u00e5 den ene side og vidtstrakte enge og skove p\u00e5 den anden.<\/p>\n<p style=\"text-align: justify;\">Omr\u00e5det omkring Brevens Bruk er rigt p\u00e5 dyreliv. Is\u00e6r faldne hjorte og traner ses ofte i n\u00e6rheden af \u200b\u200bhuset. Udnyt de omkringliggende skove til at plukke b\u00e6r og svampe, eller bes\u00f8g et af naturreservaterne i omr\u00e5det. \u00d6rebro eller Nyk\u00f6ping er perfekte dagsture. Sportinteresserede kan spille frisbeegolf, tennis eller pr\u00f8ve det udend\u00f8rs fitnesscenter. Vi \u00f8nsker jer en afslappende ferie i vores smukke omgivelser!<\/p>\n<p>Sengelinned og h\u00e5ndkl\u00e6der kan lejes for 150 SEK\/person.<br \/>Slutreng\u00f8ring udf\u00f8res selv eller kan bestilles for et gebyr p\u00e5 1500 SEK.<\/p>\n<p>&nbsp;<\/p>\n<\/div>\n<\/div>\n<div class=\"cxmmr5t8 oygrvhab hcukyx3x c1et5uql o9v6fnle ii04i59q\">\n<div dir=\"auto\">\n<p><span style=\"font-family: inherit; font-weight: normal; font-size: large;\">Om du vil booke mere end 14 dagar, kontakt oss gerne.<br \/>Telefon\u00a0<a href=\"tel:019-585850\" target=\"_blenk\" rel=\"noopener\">019 \u2013 58 58 50<\/a><br \/>E-mail: <a href=\"mailto:bbab@brevens.se\" target=\"_blank\" rel=\"noopener\">bbab@brevens.se<\/a><\/span><\/p>\n<p style=\"text-align: justify;\">\n<\/div>\n<\/div>\n<p>[\/et_pb_text][\/et_pb_column][\/et_pb_row][et_pb_row _builder_version=&#8221;4.17.4&#8243; _module_preset=&#8221;default&#8221; global_colors_info=&#8221;{}&#8221;][et_pb_column type=&#8221;4_4&#8243; _builder_version=&#8221;4.17.4&#8243; _module_preset=&#8221;default&#8221; global_colors_info=&#8221;{}&#8221;][et_pb_code _builder_version=&#8221;4.17.4&#8243; _module_preset=&#8221;default&#8221; background_color=&#8221;RGBA(255,255,255,0)&#8221; custom_margin=&#8221;||-50px||false|false&#8221; custom_padding=&#8221;||0px||false|false&#8221; global_colors_info=&#8221;{}&#8221;]<script async src=\"https:\/\/secured.sirvoy.com\/widget\/sirvoy.js\" data-form-id=\"8a2049fb4a6c9202\" data-lang=\"sv\" data-wp-plugin-version=\"4.0\"><\/script>[\/et_pb_code][\/et_pb_column][\/et_pb_row][et_pb_row _builder_version=&#8221;4.17.4&#8243; _module_preset=&#8221;default&#8221; global_colors_info=&#8221;{}&#8221;][et_pb_column type=&#8221;4_4&#8243; _builder_version=&#8221;4.17.4&#8243; _module_preset=&#8221;default&#8221; global_colors_info=&#8221;{}&#8221;][et_pb_gallery gallery_ids=&#8221;9563,8383,9558,8385,8384,8387,8388,8389,8290,8289,8652,8651,8653,8654,9689,9825&#8243; posts_number=&#8221;8&#8243; show_title_and_caption=&#8221;off&#8221; _builder_version=&#8221;4.17.4&#8243; _module_preset=&#8221;default&#8221; global_colors_info=&#8221;{}&#8221;][\/et_pb_gallery][\/et_pb_column][\/et_pb_row][et_pb_row _builder_version=&#8221;4.17.4&#8243; _module_preset=&#8221;default&#8221; global_colors_info=&#8221;{}&#8221;][et_pb_column type=&#8221;4_4&#8243; _builder_version=&#8221;4.17.4&#8243; _module_preset=&#8221;default&#8221; global_colors_info=&#8221;{}&#8221;][et_pb_text _builder_version=&#8221;4.17.4&#8243; _module_preset=&#8221;default&#8221; global_colors_info=&#8221;{}&#8221;]<\/p>\n<p style=\"text-align: center;\"><strong>I huset findes:<\/strong><\/p>\n<table style=\"border-collapse: collapse; width: 100%;\" border=\"1\">\n<tbody>\n<tr>\n<td style=\"width: 33.3333%;\">\n<ul>\n<li><span style=\"font-size: large;\">Wifi<\/span><\/li>\n<li><span style=\"font-size: large;\">Parkering<\/span><\/li>\n<li><span style=\"font-size: large;\">S\u00f8udsigt<\/span><\/li>\n<li><span style=\"font-size: large;\">Grill<\/span><\/li>\n<li><span style=\"font-size: large;\">Smart TV<\/span><\/li>\n<li><span style=\"font-size: large;\">Udem\u00f8bler<\/span><\/li>\n<li><span style=\"font-size: large;\">B\u00e5d indg\u00e5r<\/span><\/li>\n<\/ul>\n<\/td>\n<td style=\"width: 33.3333%;\">\n<ul>\n<li><span style=\"font-size: large;\">Elkedel<\/span><\/li>\n<li><span style=\"font-size: large;\">Kaffebrygger<\/span><\/li>\n<li><span style=\"font-size: large;\">Ovn<\/span><\/li>\n<li><span style=\"font-size: large;\">K\u00f8l &amp; frys<\/span><\/li>\n<li><span style=\"font-size: large;\">Mikroovn<\/span><\/li>\n<li><span style=\"font-size: large;\">St\u00f8vsuger<\/span><\/li>\n<\/ul>\n<\/td>\n<td style=\"width: 33.3333%;\">\n<ul>\n<li><span style=\"font-size: large;\">K\u00f8kken<\/span><\/li>\n<li><span style=\"font-size: large;\">Stue<\/span><\/li>\n<li><span style=\"font-size: large;\">Badev\u00e6relse<\/span><\/li>\n<li><span style=\"font-size: large;\">Rum 1 med dobbelseng<\/span><\/li>\n<li><span style=\"font-size: large;\">Rum 2 og 3 med k\u00f8jesenge<\/span><\/li>\n<\/ul>\n<\/td>\n<\/tr>\n<\/tbody>\n<\/table>\n<p>[\/et_pb_text][et_pb_text _builder_version=&#8221;4.17.4&#8243; _module_preset=&#8221;default&#8221; global_colors_info=&#8221;{}&#8221;]<\/p>\n<table style=\"border-collapse: collapse; width: 100%;\" border=\"1\">\n<tbody>\n<tr>\n<td style=\"width: 33.3333%;\">\n<p style=\"text-align: center;\"><strong><span style=\"color: #666666; font-size: large;\">Husregler<\/span><\/strong><\/p>\n<ul>\n<li><span style=\"font-size: large;\">Tillgang til huset klokken 14:00<\/span><\/li>\n<li><span style=\"font-size: large;\">Afrejse senest klokken 11:00<\/span><\/li>\n<li><span style=\"font-size: large;\">Minimumalder for udlejning: 18 \u00e5r<\/span><\/li>\n<li><span style=\"font-size: large;\">Husdyr tilladt<\/span><\/li>\n<li><span style=\"font-size: large;\">Rygning ikke tilladt<\/span><\/li>\n<\/ul>\n<\/td>\n<td style=\"width: 33.3333%;\">\n<p style=\"text-align: center;\"><strong>I omr\u00e5det<\/strong><\/p>\n<ul>\n<li><span style=\"font-size: large;\">Solberga strand 6 km<\/span><\/li>\n<li><span style=\"font-size: large;\">R\u00f6da Sand 300 meter<\/span><\/li>\n<li><span style=\"font-size: large;\">Brevensg\u00e5rden Pub &amp; Restaurang 1 km<\/span><\/li>\n<li><span style=\"font-size: large;\">Brevens Caf\u00e9 &amp; Butik 500 meter<\/span><\/li>\n<\/ul>\n<\/td>\n<td style=\"width: 33.3333%;\">\n<p style=\"text-align: center;\"><strong>Udflugt<\/strong><\/p>\n<ul>\n<li><span style=\"font-size: large;\">Ving\u00e5ker Factory Outlet 30 km<\/span><\/li>\n<li><span style=\"font-size: large;\">S\u00e4ftsaholm Slott<\/span><\/li>\n<li><span style=\"font-size: large;\">Gustavsvik 60 km<\/span><\/li>\n<li><span style=\"font-size: large;\">\u00d6rebro slott 62 km<\/span><\/li>\n<li><span style=\"font-size: large;\">Marieberg k\u00f6pscentrum 60 km<\/span><\/li>\n<\/ul>\n<\/td>\n<\/tr>\n<\/tbody>\n<\/table>\n<p>&nbsp;<\/p>\n<p>[\/et_pb_text][\/et_pb_column][\/et_pb_row][\/et_pb_section][et_pb_section fb_built=&#8221;1&#8243; fullwidth=&#8221;on&#8221; _builder_version=&#8221;4.17.4&#8243; _module_preset=&#8221;default&#8221; global_colors_info=&#8221;{}&#8221;][et_pb_fullwidth_map address=&#8221;Hunnebergsv\u00e4gen 6, 715 96 Brevens bruk, Sverige&#8221; zoom_level=&#8221;12&#8243; address_lat=&#8221;59.0110486&#8243; address_lng=&#8221;15.5781774&#8243; _builder_version=&#8221;4.17.4&#8243; _module_preset=&#8221;default&#8221; global_colors_info=&#8221;{}&#8221;][et_pb_map_pin title=&#8221;Talludden&#8221; pin_address=&#8221;Hunnebergsv\u00e4gen 6, 715 96 Brevens bruk, Sverige&#8221; pin_address_lat=&#8221;59.0110486&#8243; pin_address_lng=&#8221;15.5781774&#8243; _builder_version=&#8221;4.17.4&#8243; _module_preset=&#8221;default&#8221; global_colors_info=&#8221;{}&#8221;]<\/p>\n<p>Hunnebergsv\u00e4gen 6, 715 96 Brevens Bruk<\/p>\n<p>[\/et_pb_map_pin][\/et_pb_fullwidth_map][\/et_pb_section]<\/p>\n","protected":false},"excerpt":{"rendered":"<p>Talludden &nbsp; Sommerhuset ligger lige uden for Brevens Bruk, kun 400 meter fra badeomr\u00e5det R\u00f6da Sand. Talludden blev bygget i 1900 og er l\u00f8bende blevet renoveret siden 2007. Det ligger 20 meter fra vandet, direkte ved Brevens \u00e5. Du kan tilberede friskfanget fisk ved grillpladsen. En rob\u00e5d er inkluderet i lejen. Sommerhuset har 3 sovev\u00e6relser [&hellip;]<\/p>\n","protected":false},"author":3,"featured_media":0,"parent":0,"menu_order":0,"comment_status":"closed","ping_status":"closed","template":"","meta":{"_et_pb_use_builder":"on","_et_pb_old_content":"","_et_gb_content_width":""},"_links":{"self":[{"href":"https:\/\/brevens.se\/da\/wp-json\/wp\/v2\/pages\/9585"}],"collection":[{"href":"https:\/\/brevens.se\/da\/wp-json\/wp\/v2\/pages"}],"about":[{"href":"https:\/\/brevens.se\/da\/wp-json\/wp\/v2\/types\/page"}],"author":[{"embeddable":true,"href":"https:\/\/brevens.se\/da\/wp-json\/wp\/v2\/users\/3"}],"replies":[{"embeddable":true,"href":"https:\/\/brevens.se\/da\/wp-json\/wp\/v2\/comments?post=9585"}],"version-history":[{"count":15,"href":"https:\/\/brevens.se\/da\/wp-json\/wp\/v2\/pages\/9585\/revisions"}],"predecessor-version":[{"id":10240,"href":"https:\/\/brevens.se\/da\/wp-json\/wp\/v2\/pages\/9585\/revisions\/10240"}],"wp:attachment":[{"href":"https:\/\/brevens.se\/da\/wp-json\/wp\/v2\/media?parent=9585"}],"curies":[{"name":"wp","href":"https:\/\/api.w.org\/{rel}","templated":true}]}}