{"id":9605,"date":"2025-08-05T10:52:07","date_gmt":"2025-08-05T08:52:07","guid":{"rendered":"https:\/\/brevens.se\/bruksgatan-11\/"},"modified":"2025-08-13T11:52:45","modified_gmt":"2025-08-13T09:52:45","slug":"bruksgatan-11","status":"publish","type":"page","link":"https:\/\/brevens.se\/da\/bruksgatan-11\/","title":{"rendered":"Bruksgatan 11"},"content":{"rendered":"<p>[et_pb_section fb_built=&#8221;1&#8243; fullwidth=&#8221;on&#8221; next_background_color=&#8221;#fffcf2&#8243; admin_label=&#8221;Coffee Hero Section&#8221; _builder_version=&#8221;4.16&#8243; custom_padding=&#8221;0|0px|0|0px&#8221; top_divider_color=&#8221;#e09900&#8243; bottom_divider_style=&#8221;slant&#8221; locked=&#8221;off&#8221; global_colors_info=&#8221;{}&#8221;][et_pb_fullwidth_image _builder_version=&#8221;4.16&#8243; background_color_gradient_direction=&#8221;360deg&#8221; background_image=&#8221;https:\/\/brevens.se\/wp-content\/uploads\/2018\/04\/hero.jpg&#8221; custom_padding=&#8221;150px||50px|&#8221; filter_sepia=&#8221;50%&#8221; custom_css_main_element=&#8221;filter: none;||height: 0px;&#8221; global_colors_info=&#8221;{}&#8221;][\/et_pb_fullwidth_image][\/et_pb_section][et_pb_section fb_built=&#8221;1&#8243; admin_label=&#8221;Coffee Menu&#8221; module_class=&#8221;subpage-section&#8221; _builder_version=&#8221;4.16&#8243; background_color=&#8221;#fffcf2&#8243; custom_padding=&#8221;0px|0px|0px|&#8221; top_divider_style=&#8221;slant&#8221; top_divider_color=&#8221;#fffcf2&#8243; global_colors_info=&#8221;{}&#8221;][et_pb_row admin_label=&#8221;Coffee Items&#8221; _builder_version=&#8221;4.16&#8243; custom_margin=&#8221;|||&#8221; custom_padding=&#8221;60px|0px|60px|0px&#8221; locked=&#8221;off&#8221; global_colors_info=&#8221;{}&#8221;][et_pb_column type=&#8221;4_4&#8243; _builder_version=&#8221;4.16&#8243; custom_padding=&#8221;|||&#8221; global_colors_info=&#8221;{}&#8221; custom_padding__hover=&#8221;|||&#8221;][et_pb_text admin_label=&#8221;Jordbruket&#8221; _builder_version=&#8221;4.17.4&#8243; text_font=&#8221;Nunito||||||||&#8221; text_font_size=&#8221;18px&#8221; text_line_height=&#8221;1.8em&#8221; header_font=&#8221;Playfair Display|500|||||||&#8221; header_text_color=&#8221;#000000&#8243; header_font_size=&#8221;40px&#8221; header_line_height=&#8221;1.7em&#8221; hover_enabled=&#8221;0&#8243; global_colors_info=&#8221;{}&#8221; sticky_enabled=&#8221;0&#8243;]<\/p>\n<h1 class=\"h1\">\u00a0Bruksgatan 11\u00a0<\/h1>\n<div class=\"kvgmc6g5 cxmmr5t8 oygrvhab hcukyx3x c1et5uql ii04i59q\">\n<div dir=\"auto\">\n<p>&nbsp;<\/p>\n<p>Fuldt udstyret studiolejlighed p\u00e5 tredje sal i hjertet af Brevens Bruk. Lille tek\u00f8kken, toilet med bruser, to senge plus mulighed for en ekstra seng.<\/p>\n<p>Du kan v\u00e6lge indkvartering med eller uden sengelinned, h\u00e5ndkl\u00e6der og reng\u00f8ring.<\/p>\n<\/div>\n<\/div>\n<div class=\"cxmmr5t8 oygrvhab hcukyx3x c1et5uql o9v6fnle ii04i59q\">\n<div dir=\"auto\">\n<p><span style=\"font-family: inherit; font-weight: normal; font-size: large;\">Om du vill booke mere end 14 dage, kontakt os gerne.<br \/>Telefon\u00a0<a href=\"tel:019-585850\" target=\"_blenk\" rel=\"noopener\">019 \u2013 58 58 50<\/a><br \/>E-mail: <a href=\"mailto:bbab@brevens.se\" target=\"_blank\" rel=\"noopener\">bbab@brevens.se<\/a><\/span><\/p>\n<p style=\"text-align: justify;\">\n<\/div>\n<\/div>\n<p>[\/et_pb_text][\/et_pb_column][\/et_pb_row][et_pb_row _builder_version=&#8221;4.17.4&#8243; _module_preset=&#8221;default&#8221; global_colors_info=&#8221;{}&#8221;][et_pb_column type=&#8221;4_4&#8243; _builder_version=&#8221;4.17.4&#8243; _module_preset=&#8221;default&#8221; global_colors_info=&#8221;{}&#8221;][et_pb_gallery gallery_ids=&#8221;9568,8358,8359,8360,9553,9552,9525,9372&#8243; posts_number=&#8221;8&#8243; show_title_and_caption=&#8221;off&#8221; _builder_version=&#8221;4.17.4&#8243; _module_preset=&#8221;default&#8221; hover_enabled=&#8221;0&#8243; global_colors_info=&#8221;{}&#8221; sticky_enabled=&#8221;0&#8243;][\/et_pb_gallery][\/et_pb_column][\/et_pb_row][\/et_pb_section][et_pb_section fb_built=&#8221;1&#8243; fullwidth=&#8221;on&#8221; _builder_version=&#8221;4.17.4&#8243; _module_preset=&#8221;default&#8221; global_colors_info=&#8221;{}&#8221;][et_pb_fullwidth_map address=&#8221;Bruksgatan 11, 715 96 Brevens bruk, Sverige&#8221; zoom_level=&#8221;14&#8243; address_lat=&#8221;59.0125289&#8243; address_lng=&#8221;15.5822152&#8243; _builder_version=&#8221;4.17.4&#8243; _module_preset=&#8221;default&#8221; global_colors_info=&#8221;{}&#8221;][et_pb_map_pin title=&#8221;Lejlighed&#8221; pin_address=&#8221;Bruksgatan 11, 715 96 Brevens bruk, Sverige&#8221; pin_address_lat=&#8221;59.0125289&#8243; pin_address_lng=&#8221;15.5822152&#8243; _builder_version=&#8221;4.17.4&#8243; _module_preset=&#8221;default&#8221; global_colors_info=&#8221;{}&#8221;]Bruksgatan 11, 715 96 Brevens Bruk[\/et_pb_map_pin][\/et_pb_fullwidth_map][\/et_pb_section]<\/p>\n","protected":false},"excerpt":{"rendered":"<p>\u00a0Bruksgatan 11\u00a0 &nbsp; Fuldt udstyret studiolejlighed p\u00e5 tredje sal i hjertet af Brevens Bruk. Lille tek\u00f8kken, toilet med bruser, to senge plus mulighed for en ekstra seng. Du kan v\u00e6lge indkvartering med eller uden sengelinned, h\u00e5ndkl\u00e6der og reng\u00f8ring. Om du vill booke mere end 14 dage, kontakt os gerne.Telefon\u00a0019 \u2013 58 58 50E-mail: bbab@brevens.se Bruksgatan [&hellip;]<\/p>\n","protected":false},"author":3,"featured_media":0,"parent":0,"menu_order":0,"comment_status":"closed","ping_status":"closed","template":"","meta":{"_et_pb_use_builder":"on","_et_pb_old_content":"","_et_gb_content_width":""},"_links":{"self":[{"href":"https:\/\/brevens.se\/da\/wp-json\/wp\/v2\/pages\/9605"}],"collection":[{"href":"https:\/\/brevens.se\/da\/wp-json\/wp\/v2\/pages"}],"about":[{"href":"https:\/\/brevens.se\/da\/wp-json\/wp\/v2\/types\/page"}],"author":[{"embeddable":true,"href":"https:\/\/brevens.se\/da\/wp-json\/wp\/v2\/users\/3"}],"replies":[{"embeddable":true,"href":"https:\/\/brevens.se\/da\/wp-json\/wp\/v2\/comments?post=9605"}],"version-history":[{"count":7,"href":"https:\/\/brevens.se\/da\/wp-json\/wp\/v2\/pages\/9605\/revisions"}],"predecessor-version":[{"id":9849,"href":"https:\/\/brevens.se\/da\/wp-json\/wp\/v2\/pages\/9605\/revisions\/9849"}],"wp:attachment":[{"href":"https:\/\/brevens.se\/da\/wp-json\/wp\/v2\/media?parent=9605"}],"curies":[{"name":"wp","href":"https:\/\/api.w.org\/{rel}","templated":true}]}}