{"id":10075,"date":"2025-10-14T13:23:04","date_gmt":"2025-10-14T11:23:04","guid":{"rendered":"https:\/\/brevens.se\/landwirtschaft\/"},"modified":"2026-05-13T13:15:12","modified_gmt":"2026-05-13T11:15:12","slug":"landwirtschaft","status":"publish","type":"page","link":"https:\/\/brevens.se\/de\/landwirtschaft\/","title":{"rendered":"Landwirtschaft"},"content":{"rendered":"<p>[et_pb_section fb_built=&#8220;1&#8243; _builder_version=&#8220;4.17.4&#8243; _module_preset=&#8220;default&#8220; background_color=&#8220;gcid-2f3f3e09-0a26-4ea7-8906-5e1128945e3f&#8220; global_colors_info=&#8220;{%22gcid-2f3f3e09-0a26-4ea7-8906-5e1128945e3f%22:%91%22background_color%22%93}&#8220;][et_pb_row _builder_version=&#8220;4.17.4&#8243; _module_preset=&#8220;default&#8220; global_colors_info=&#8220;{}&#8220;][et_pb_column type=&#8220;4_4&#8243; _builder_version=&#8220;4.17.4&#8243; _module_preset=&#8220;default&#8220; global_colors_info=&#8220;{}&#8220;][et_pb_image src=&#8220;https:\/\/brevens.se\/wp-content\/uploads\/2025\/10\/attorney-2.png&#8220; title_text=&#8220;attorney-2&#8243; align=&#8220;center&#8220; _builder_version=&#8220;4.17.4&#8243; _module_preset=&#8220;default&#8220; max_width=&#8220;130px&#8220; global_colors_info=&#8220;{}&#8220;][\/et_pb_image][et_pb_text _builder_version=&#8220;4.17.4&#8243; _module_preset=&#8220;default&#8220; header_text_color=&#8220;gcid-2f3f3e09-0a26-4ea7-8906-5e1128945e3f&#8220; header_font_size=&#8220;50px&#8220; header_2_font=&#8220;Playfair Display||||||||&#8220; header_2_text_align=&#8220;center&#8220; header_2_text_color=&#8220;#000000&#8243; header_2_font_size=&#8220;50px&#8220; global_colors_info=&#8220;{%22gcid-2f3f3e09-0a26-4ea7-8906-5e1128945e3f%22:%91%22header_text_color%22%93}&#8220;]<\/p>\n<h2>Landwirtschaft<\/h2>\n<p>[\/et_pb_text][et_pb_text _builder_version=&#8220;4.17.4&#8243; _module_preset=&#8220;default&#8220; text_font_size=&#8220;20px&#8220; global_colors_info=&#8220;{}&#8220;]<\/p>\n<p style=\"text-align: center;\">Brevens Bruk hat 500 ha landwirtschaftliche Fl\u00e4che, wovon 320 ha in eigener Regie bewirtschaftet werden. Die restlichen 120 ha sind verpachtet. Es werden vor allem verschiedene Getreidearten angebaut.<\/p>\n<p>[\/et_pb_text][\/et_pb_column][\/et_pb_row][\/et_pb_section][et_pb_section fb_built=&#8220;1&#8243; _builder_version=&#8220;4.17.4&#8243; _module_preset=&#8220;default&#8220; background_color=&#8220;gcid-9fa4a1b6-767d-41ca-984c-a6f10449c843&#8243; global_colors_info=&#8220;{%22gcid-9fa4a1b6-767d-41ca-984c-a6f10449c843%22:%91%22background_color%22%93}&#8220;][et_pb_row _builder_version=&#8220;4.17.4&#8243; _module_preset=&#8220;default&#8220; global_colors_info=&#8220;{}&#8220;][et_pb_column type=&#8220;4_4&#8243; _builder_version=&#8220;4.17.4&#8243; _module_preset=&#8220;default&#8220; global_colors_info=&#8220;{}&#8220;][et_pb_gallery gallery_ids=&#8220;10758,10762,10766,10770,10774,10778,10782,10786,10790,10794&#8243; fullwidth=&#8220;on&#8220; _builder_version=&#8220;4.17.4&#8243; _module_preset=&#8220;default&#8220; auto=&#8220;on&#8220; auto_speed=&#8220;5000&#8243; global_colors_info=&#8220;{}&#8220;][\/et_pb_gallery][\/et_pb_column][\/et_pb_row][\/et_pb_section][et_pb_section fb_built=&#8220;1&#8243; admin_label=&#8220;Coffee Menu&#8220; module_class=&#8220;subpage-section&#8220; _builder_version=&#8220;4.17.4&#8243; background_color=&#8220;#e0dad2&#8243; custom_padding=&#8220;0px|0px|0px|&#8220; top_divider_color=&#8220;#fffcf2&#8243; global_colors_info=&#8220;{}&#8220;][et_pb_row column_structure=&#8220;2_3,1_3&#8243; admin_label=&#8220;Coffee Items&#8220; _builder_version=&#8220;4.16&#8243; width=&#8220;76.8%&#8220; custom_margin=&#8220;|||&#8220; custom_padding=&#8220;60px|0px|60px|0px&#8220; locked=&#8220;off&#8220; global_colors_info=&#8220;{}&#8220;][et_pb_column type=&#8220;2_3&#8243; _builder_version=&#8220;4.16&#8243; custom_padding=&#8220;|||&#8220; global_colors_info=&#8220;{}&#8220; custom_padding__hover=&#8220;|||&#8220;][et_pb_text admin_label=&#8220;Jordbruket&#8220; _builder_version=&#8220;4.17.4&#8243; text_font=&#8220;Nunito||||||||&#8220; text_font_size=&#8220;18px&#8220; text_line_height=&#8220;1.8em&#8220; header_font=&#8220;Oswald||||||||&#8220; header_font_size=&#8220;38px&#8220; header_line_height=&#8220;1.7em&#8220; header_2_font=&#8220;Playfair Display|600|||||||&#8220; header_2_font_size=&#8220;40px&#8220; global_colors_info=&#8220;{}&#8220;]<\/p>\n<h2>Landwirtschaft<\/h2>\n<p>&nbsp;<\/p>\n<p style=\"text-align: justify;\">Brevens Bruk AB betreibt heute rund 500 Hektar Landwirtschaft, davon 320 Hektar in Eigenleistung (der Rest ist verpachtet). Der Schwerpunkt liegt auf dem Pflanzenanbau mit Gerste, Weizen und Saatgr\u00fcnland.<\/p>\n<p style=\"text-align: justify;\">Die Landwirtschaft ist f\u00fcr Brevens Bruk in vielerlei Hinsicht wichtig. Sie bildet ein eigenst\u00e4ndiges Standbein zur Forstwirtschaft, schafft wundersch\u00f6ne Landschaften, die nicht zuletzt f\u00fcr den Tourismus von Bedeutung sind, und erm\u00f6glicht uns einen Maschinenpark, der nicht nur die landwirtschaftlichen Fl\u00e4chen bearbeitet, sondern auch Schnee r\u00e4umt, im Winter Silage f\u00fcr unser Wild ausbringt, unsere eigenen Stra\u00dfen in gutem Zustand h\u00e4lt und die Landschaft offen h\u00e4lt. Im Sommer werden die Felder von Rindern, Pferden und Schafen beweidet. Im Herbst 2018 wurde in Bystad ein neuer Kuhstall eingeweiht. Dort werden rund 100 K\u00fche mit K\u00e4lbern grasen, haupts\u00e4chlich auf Bystad N\u00e4s. Die ersten K\u00fche kamen bereits im September an.<\/p>\n<p style=\"text-align: justify;\">Im Fr\u00fchjahr 2018 erhielt Brevens Bruk AB eine F\u00f6rderung aus dem Europ\u00e4ischen Landwirtschaftsfonds f\u00fcr die Entwicklung des l\u00e4ndlichen Raums. Die F\u00f6rderung bezieht sich auf den Bau eines Kuhstalls im Stallgebiet Bystad. Mit einer grasenden Deichherde m\u00f6chte Brevens Bruk AB eine offene und lebendige Landschaft schaffen und so auch Fl\u00e4chen nutzen, die sonst nicht genutzt w\u00fcrden.<\/p>\n<p><em>\u00a0<\/em><\/p>\n<p>[\/et_pb_text][\/et_pb_column][et_pb_column type=&#8220;1_3&#8243; _builder_version=&#8220;4.16&#8243; custom_padding=&#8220;|||&#8220; global_colors_info=&#8220;{}&#8220; custom_padding__hover=&#8220;|||&#8220;][et_pb_image align_tablet=&#8220;center&#8220; align_phone=&#8220;center&#8220; align_last_edited=&#8220;on|desktop&#8220; _builder_version=&#8220;4.17.4&#8243; filter_sepia=&#8220;25%&#8220; global_colors_info=&#8220;{}&#8220;][\/et_pb_image][et_pb_image src=&#8220;https:\/\/brevens.se\/wp-content\/uploads\/2018\/05\/EU_flagga_landsbygdsutv21.png&#8220; title_text=&#8220;EU_flagga_landsbygdsutv21&#8243; align=&#8220;center&#8220; _builder_version=&#8220;4.17.4&#8243; _module_preset=&#8220;default&#8220; global_colors_info=&#8220;{}&#8220;][\/et_pb_image][et_pb_image src=&#8220;https:\/\/brevens.se\/wp-content\/uploads\/2022\/11\/krav_marke_farg.png&#8220; title_text=&#8220;krav_marke_farg&#8220; _builder_version=&#8220;4.17.4&#8243; _module_preset=&#8220;default&#8220; global_colors_info=&#8220;{}&#8220;][\/et_pb_image][\/et_pb_column][\/et_pb_row][\/et_pb_section][et_pb_section fb_built=&#8220;1&#8243; admin_label=&#8220;Footer&#8220; _builder_version=&#8220;4.17.4&#8243; _module_preset=&#8220;default&#8220; background_color=&#8220;#000c24&#8243; background_enable_image=&#8220;off&#8220; saved_tabs=&#8220;all&#8220; collapsed=&#8220;on&#8220; global_colors_info=&#8220;{}&#8220;][et_pb_row column_structure=&#8220;1_3,1_3,1_3&#8243; _builder_version=&#8220;4.20.0&#8243; _module_preset=&#8220;default&#8220; global_colors_info=&#8220;{}&#8220;][et_pb_column type=&#8220;1_3&#8243; _builder_version=&#8220;4.20.0&#8243; _module_preset=&#8220;default&#8220; global_colors_info=&#8220;{}&#8220;][et_pb_text _builder_version=&#8220;4.17.4&#8243; _module_preset=&#8220;423778a7-703b-4c7c-9d49-f65bfcc5ec39&#8243; text_orientation=&#8220;center&#8220; global_colors_info=&#8220;{%22gcid-11d3dbbb-f6dc-4fb8-929b-9d6994368d00%22:%91%22header_4_text_color%22%93}&#8220;]<\/p>\n<h4>BREVENS BRUK AB<\/h4>\n<p>[\/et_pb_text][et_pb_text _builder_version=&#8220;4.17.4&#8243; _module_preset=&#8220;76f1215c-7bba-4a34-a809-3e128146c4f4&#8243; text_font=&#8220;||||||||&#8220; text_text_color=&#8220;#FFFFFF&#8220; text_orientation=&#8220;center&#8220; custom_margin=&#8220;||10px||false|false&#8220; global_colors_info=&#8220;{}&#8220;]<\/p>\n<div class=\"et_pb_module et_pb_text et_pb_text_17 et_pb_text_align_center et_pb_bg_layout_light\">\n<div class=\"et_pb_text_inner\">\n<p>Bruksgatan 6<br \/>\n715 96 Brevens Bruk<\/p>\n<p>08:00 \u2013 12:00<\/p>\n<\/div>\n<\/div>\n<p>[\/et_pb_text][\/et_pb_column][et_pb_column type=&#8220;1_3&#8243; _builder_version=&#8220;4.20.0&#8243; _module_preset=&#8220;default&#8220; global_colors_info=&#8220;{}&#8220;][et_pb_image src=&#8220;https:\/\/brevens.se\/wp-content\/uploads\/2025\/10\/cropped-Logga-PNG-vit-utan-bakgrund.png&#8220; title_text=&#8220;cropped-Logga-PNG-vit-utan-bakgrund.png&#8220; align=&#8220;center&#8220; _builder_version=&#8220;4.17.4&#8243; _module_preset=&#8220;default&#8220; max_height=&#8220;80px&#8220; global_colors_info=&#8220;{}&#8220;][\/et_pb_image][et_pb_text _builder_version=&#8220;4.17.4&#8243; _module_preset=&#8220;423778a7-703b-4c7c-9d49-f65bfcc5ec39&#8243; header_4_text_color=&#8220;#FFFFFF&#8220; text_orientation=&#8220;center&#8220; global_colors_info=&#8220;{}&#8220;]<\/p>\n<h4>Brevens Bruk AB<\/h4>\n<p>[\/et_pb_text][\/et_pb_column][et_pb_column type=&#8220;1_3&#8243; _builder_version=&#8220;4.20.0&#8243; _module_preset=&#8220;default&#8220; global_colors_info=&#8220;{}&#8220;][et_pb_text _builder_version=&#8220;4.17.4&#8243; _module_preset=&#8220;423778a7-703b-4c7c-9d49-f65bfcc5ec39&#8243; text_orientation=&#8220;center&#8220; locked=&#8220;off&#8220; global_colors_info=&#8220;{%22gcid-11d3dbbb-f6dc-4fb8-929b-9d6994368d00%22:%91%22header_4_text_color%22%93}&#8220;]<\/p>\n<h4>Kontakt<\/h4>\n<p>[\/et_pb_text][et_pb_text _builder_version=&#8220;4.17.4&#8243; _module_preset=&#8220;76f1215c-7bba-4a34-a809-3e128146c4f4&#8243; text_font=&#8220;||||||||&#8220; text_text_color=&#8220;#FFFFFF&#8220; text_orientation=&#8220;center&#8220; custom_margin=&#8220;||10px||false|false&#8220; global_colors_info=&#8220;{}&#8220;]<\/p>\n<div class=\"et_pb_module et_pb_text et_pb_text_17 et_pb_text_align_center et_pb_bg_layout_light\">\n<div class=\"et_pb_text_inner\">\n<p>+46 019-58 58 50<br \/>\n<span style=\"font-size: 16px;\">08:00-12:00<\/span><\/p>\n<p>bbab@brevens.se<\/p>\n<p>&nbsp;<\/p>\n<p>&nbsp;<\/p>\n<\/div>\n<\/div>\n<p>[\/et_pb_text][\/et_pb_column][\/et_pb_row][et_pb_row _builder_version=&#8220;4.20.0&#8243; _module_preset=&#8220;default&#8220; custom_padding=&#8220;0px||0px||true|&#8220; global_colors_info=&#8220;{}&#8220;][et_pb_column type=&#8220;4_4&#8243; _builder_version=&#8220;4.20.0&#8243; _module_preset=&#8220;default&#8220; global_colors_info=&#8220;{}&#8220;][et_pb_social_media_follow icon_color=&#8220;#000000&#8243; _builder_version=&#8220;4.17.4&#8243; _module_preset=&#8220;default&#8220; text_orientation=&#8220;center&#8220; custom_margin=&#8220;||||false|false&#8220; border_radii=&#8220;on|100px|100px|100px|100px&#8220; locked=&#8220;off&#8220; global_colors_info=&#8220;{}&#8220;][et_pb_social_media_follow_network social_network=&#8220;facebook&#8220; url=&#8220;https:\/\/www.facebook.com\/BrevensBrukAB&#8220; _builder_version=&#8220;4.17.4&#8243; _module_preset=&#8220;default&#8220; background_color=&#8220;gcid-11d3dbbb-f6dc-4fb8-929b-9d6994368d00&#8243; background_enable_color=&#8220;on&#8220; custom_padding=&#8220;8px|8px|8px|8px|true|true&#8220; global_colors_info=&#8220;{%22gcid-11d3dbbb-f6dc-4fb8-929b-9d6994368d00%22:%91%22background_color%22%93}&#8220; follow_button=&#8220;off&#8220; url_new_window=&#8220;on&#8220;]facebook[\/et_pb_social_media_follow_network][et_pb_social_media_follow_network social_network=&#8220;instagram&#8220; url=&#8220;https:\/\/www.instagram.com\/brevensbrukab\/&#8220; _builder_version=&#8220;4.17.4&#8243; _module_preset=&#8220;default&#8220; background_color=&#8220;gcid-11d3dbbb-f6dc-4fb8-929b-9d6994368d00&#8243; background_enable_color=&#8220;on&#8220; custom_padding=&#8220;8px|8px|8px|8px|true|true&#8220; global_colors_info=&#8220;{%22gcid-11d3dbbb-f6dc-4fb8-929b-9d6994368d00%22:%91%22background_color%22%93}&#8220; follow_button=&#8220;off&#8220; url_new_window=&#8220;on&#8220;]instagram[\/et_pb_social_media_follow_network][\/et_pb_social_media_follow][et_pb_divider color=&#8220;gcid-11d3dbbb-f6dc-4fb8-929b-9d6994368d00&#8243; _builder_version=&#8220;4.20.0&#8243; _module_preset=&#8220;default&#8220; custom_margin=&#8220;||0px||false|false&#8220; global_colors_info=&#8220;{%22gcid-11d3dbbb-f6dc-4fb8-929b-9d6994368d00%22:%91%22color%22%93}&#8220;][\/et_pb_divider][\/et_pb_column][\/et_pb_row][\/et_pb_section]<\/p>\n","protected":false},"excerpt":{"rendered":"<p>LandwirtschaftBrevens Bruk hat 500 ha landwirtschaftliche Fl\u00e4che, wovon 320 ha in eigener Regie bewirtschaftet werden. Die restlichen 120 ha sind verpachtet. Es werden vor allem verschiedene Getreidearten angebaut.Landwirtschaft &nbsp; Brevens Bruk AB betreibt heute rund 500 Hektar Landwirtschaft, davon 320 Hektar in Eigenleistung (der Rest ist verpachtet). Der Schwerpunkt liegt auf dem Pflanzenanbau mit Gerste, [&hellip;]<\/p>\n","protected":false},"author":3,"featured_media":0,"parent":0,"menu_order":0,"comment_status":"closed","ping_status":"closed","template":"","meta":{"_et_pb_use_builder":"on","_et_pb_old_content":"","_et_gb_content_width":""},"_links":{"self":[{"href":"https:\/\/brevens.se\/de\/wp-json\/wp\/v2\/pages\/10075"}],"collection":[{"href":"https:\/\/brevens.se\/de\/wp-json\/wp\/v2\/pages"}],"about":[{"href":"https:\/\/brevens.se\/de\/wp-json\/wp\/v2\/types\/page"}],"author":[{"embeddable":true,"href":"https:\/\/brevens.se\/de\/wp-json\/wp\/v2\/users\/3"}],"replies":[{"embeddable":true,"href":"https:\/\/brevens.se\/de\/wp-json\/wp\/v2\/comments?post=10075"}],"version-history":[{"count":12,"href":"https:\/\/brevens.se\/de\/wp-json\/wp\/v2\/pages\/10075\/revisions"}],"predecessor-version":[{"id":11959,"href":"https:\/\/brevens.se\/de\/wp-json\/wp\/v2\/pages\/10075\/revisions\/11959"}],"wp:attachment":[{"href":"https:\/\/brevens.se\/de\/wp-json\/wp\/v2\/media?parent=10075"}],"curies":[{"name":"wp","href":"https:\/\/api.w.org\/{rel}","templated":true}]}}