{"id":11343,"date":"2026-01-16T11:21:03","date_gmt":"2026-01-16T10:21:03","guid":{"rendered":"https:\/\/brevens.se\/?page_id=11343"},"modified":"2026-01-16T11:24:20","modified_gmt":"2026-01-16T10:24:20","slug":"jagen-angeln","status":"publish","type":"page","link":"https:\/\/brevens.se\/de\/jagen-angeln\/","title":{"rendered":"Jagen &#038; Angeln"},"content":{"rendered":"<p>[et_pb_section fb_built=&#8220;1&#8243; admin_label=&#8220;Header&#8220; _builder_version=&#8220;4.17.4&#8243; _module_preset=&#8220;default&#8220; background_color=&#8220;gcid-2f3f3e09-0a26-4ea7-8906-5e1128945e3f&#8220; background_enable_image=&#8220;off&#8220; locked=&#8220;off&#8220; collapsed=&#8220;on&#8220; global_colors_info=&#8220;{%22gcid-9fa4a1b6-767d-41ca-984c-a6f10449c843%22:%91%22background_color_gradient_stops%22%93,%22gcid-2f3f3e09-0a26-4ea7-8906-5e1128945e3f%22:%91%22background_color%22%93}&#8220;][et_pb_row _builder_version=&#8220;4.20.0&#8243; _module_preset=&#8220;default&#8220; custom_padding=&#8220;4px|||||&#8220; global_colors_info=&#8220;{}&#8220;][et_pb_column type=&#8220;4_4&#8243; _builder_version=&#8220;4.20.0&#8243; _module_preset=&#8220;default&#8220; global_colors_info=&#8220;{}&#8220;][et_pb_image src=&#8220;https:\/\/brevens.se\/wp-content\/uploads\/2025\/10\/attorney-2.png&#8220; title_text=&#8220;attorney-2&#8243; align=&#8220;center&#8220; _builder_version=&#8220;4.17.4&#8243; _module_preset=&#8220;default&#8220; max_width=&#8220;130px&#8220; global_colors_info=&#8220;{}&#8220;][\/et_pb_image][et_pb_text _builder_version=&#8220;4.17.4&#8243; _module_preset=&#8220;49424117-6ec6-45e5-8d8a-f215d560b2d0&#8243; header_text_color=&#8220;gcid-11d3dbbb-f6dc-4fb8-929b-9d6994368d00&#8243; header_2_font=&#8220;Playfair Display||||||||&#8220; header_2_font_size=&#8220;50px&#8220; text_orientation=&#8220;center&#8220; global_colors_info=&#8220;{%22gcid-11d3dbbb-f6dc-4fb8-929b-9d6994368d00%22:%91%22header_text_color%22%93}&#8220;]<\/p>\n<h2>Jagen &amp; Angeln<\/h2>\n<p>[\/et_pb_text][et_pb_text _builder_version=&#8220;4.17.4&#8243; _module_preset=&#8220;default&#8220; text_font_size=&#8220;18px&#8220; text_orientation=&#8220;center&#8220; global_colors_info=&#8220;{}&#8220;]Brevens Bruk bietet einen exklusiven Jagdtourismus in begrenztem Umfang an, der sich vor allem auf Dr\u00fcckjagden auf Wildschweine und Damhirsche konzentriert.<br \/>\nWir bieten au\u00dferdem hervorragende Angelgew\u00e4sser im Sotternsee.[\/et_pb_text][\/et_pb_column][\/et_pb_row][\/et_pb_section][et_pb_section fb_built=&#8220;1&#8243; admin_label=&#8220;Our Team&#8220; _builder_version=&#8220;4.20.0&#8243; _module_preset=&#8220;default&#8220; background_color=&#8220;gcid-9fa4a1b6-767d-41ca-984c-a6f10449c843&#8243; collapsed=&#8220;on&#8220; global_colors_info=&#8220;{%22gcid-9fa4a1b6-767d-41ca-984c-a6f10449c843%22:%91%22background_color%22%93}&#8220;][et_pb_row _builder_version=&#8220;4.20.0&#8243; _module_preset=&#8220;default&#8220; global_colors_info=&#8220;{}&#8220;][et_pb_column type=&#8220;4_4&#8243; _builder_version=&#8220;4.20.0&#8243; _module_preset=&#8220;default&#8220; global_colors_info=&#8220;{}&#8220;][et_pb_text _builder_version=&#8220;4.17.4&#8243; _module_preset=&#8220;1135b8a1-c43f-4ea0-83e4-9d9eba4f5814&#8243; text_orientation=&#8220;center&#8220; global_colors_info=&#8220;{%22gcid-11d3dbbb-f6dc-4fb8-929b-9d6994368d00%22:%91%22header_2_text_color%22%93}&#8220;]<\/p>\n<h2>Jagen<\/h2>\n<p>[\/et_pb_text][et_pb_image src=&#8220;https:\/\/brevens.se\/wp-content\/uploads\/2025\/10\/attorney-1.png&#8220; title_text=&#8220;attorney-1&#8243; align=&#8220;center&#8220; _builder_version=&#8220;4.17.4&#8243; _module_preset=&#8220;default&#8220; max_width=&#8220;65px&#8220; locked=&#8220;off&#8220; global_colors_info=&#8220;{}&#8220;][\/et_pb_image][\/et_pb_column][\/et_pb_row][et_pb_row _builder_version=&#8220;4.20.0&#8243; _module_preset=&#8220;default&#8220; global_colors_info=&#8220;{}&#8220;][et_pb_column type=&#8220;4_4&#8243; _builder_version=&#8220;4.20.0&#8243; _module_preset=&#8220;default&#8220; global_colors_info=&#8220;{}&#8220;][et_pb_gallery gallery_ids=&#8220;10728,10683,10699,10703,10711&#8243; fullwidth=&#8220;on&#8220; _builder_version=&#8220;4.17.4&#8243; _module_preset=&#8220;default&#8220; auto=&#8220;on&#8220; auto_speed=&#8220;5000&#8243; global_colors_info=&#8220;{}&#8220;][\/et_pb_gallery][\/et_pb_column][\/et_pb_row][et_pb_row _builder_version=&#8220;4.17.4&#8243; _module_preset=&#8220;default&#8220; global_colors_info=&#8220;{}&#8220;][et_pb_column type=&#8220;4_4&#8243; _builder_version=&#8220;4.17.4&#8243; _module_preset=&#8220;default&#8220; global_colors_info=&#8220;{}&#8220;][et_pb_text _builder_version=&#8220;4.17.4&#8243; _module_preset=&#8220;caaf96b4-ede2-46d9-a0d0-5e908d7bafb0&#8243; text_text_color=&#8220;#FFFFFF&#8220; locked=&#8220;off&#8220; global_colors_info=&#8220;{}&#8220;]Die W\u00e4lder von Brevens Bruk sind reich an Wild, wobei Damwild die dominierende Wildart ist. Es gibt auch Wildschweine, Elche, Kaninchen und Auerh\u00e4hne. Der Hirschbestand ist in den letzten Jahren aufgrund der hohen Damwilddichte zur\u00fcckgegangen. Brevens Bruk bietet einen begrenzten Jagdtourismus an, haupts\u00e4chlich auf Damwild und Wildschweine.<\/p>\n<p>F\u00fcr weitere Informationen und Jagdbuchungen kontaktieren Sie bitte<br \/>\nJonas Karlsson, angestellter J\u00e4ger<br \/>\n<a href=\"mailto:%20jonas.karlsson@brevens.se\">jonas.karlsson@brevens.se<\/a>[\/et_pb_text][\/et_pb_column][\/et_pb_row][\/et_pb_section][et_pb_section fb_built=&#8220;1&#8243; admin_label=&#8220;Our Team&#8220; _builder_version=&#8220;4.20.0&#8243; _module_preset=&#8220;default&#8220; background_color=&#8220;gcid-9fa4a1b6-767d-41ca-984c-a6f10449c843&#8243; collapsed=&#8220;on&#8220; global_colors_info=&#8220;{%22gcid-9fa4a1b6-767d-41ca-984c-a6f10449c843%22:%91%22background_color%22%93}&#8220;][et_pb_row _builder_version=&#8220;4.20.0&#8243; _module_preset=&#8220;default&#8220; global_colors_info=&#8220;{}&#8220;][et_pb_column type=&#8220;4_4&#8243; _builder_version=&#8220;4.20.0&#8243; _module_preset=&#8220;default&#8220; global_colors_info=&#8220;{}&#8220;][et_pb_text _builder_version=&#8220;4.17.4&#8243; _module_preset=&#8220;1135b8a1-c43f-4ea0-83e4-9d9eba4f5814&#8243; text_orientation=&#8220;center&#8220; global_colors_info=&#8220;{%22gcid-11d3dbbb-f6dc-4fb8-929b-9d6994368d00%22:%91%22header_2_text_color%22%93}&#8220;]<\/p>\n<h2>Angeln &amp; Angelscheine<\/h2>\n<p>[\/et_pb_text][et_pb_image src=&#8220;https:\/\/brevens.se\/wp-content\/uploads\/2025\/10\/attorney-1.png&#8220; title_text=&#8220;attorney-1&#8243; align=&#8220;center&#8220; _builder_version=&#8220;4.17.4&#8243; _module_preset=&#8220;default&#8220; max_width=&#8220;65px&#8220; locked=&#8220;off&#8220; global_colors_info=&#8220;{}&#8220;][\/et_pb_image][\/et_pb_column][\/et_pb_row][et_pb_row column_structure=&#8220;1_2,1_2&#8243; _builder_version=&#8220;4.20.0&#8243; _module_preset=&#8220;default&#8220; global_colors_info=&#8220;{}&#8220;][et_pb_column type=&#8220;1_2&#8243; _builder_version=&#8220;4.20.0&#8243; _module_preset=&#8220;default&#8220; global_colors_info=&#8220;{}&#8220;][et_pb_image src=&#8220;https:\/\/brevens.se\/wp-content\/uploads\/2025\/08\/Bat-sunset-kvadrat.png&#8220; title_text=&#8220;B\u00e5t sunset kvadrat&#8220; _builder_version=&#8220;4.17.4&#8243; _module_preset=&#8220;default&#8220; global_colors_info=&#8220;{}&#8220;][\/et_pb_image][\/et_pb_column][et_pb_column type=&#8220;1_2&#8243; _builder_version=&#8220;4.17.4&#8243; _module_preset=&#8220;default&#8220; global_colors_info=&#8220;{}&#8220;][et_pb_image src=&#8220;https:\/\/brevens.se\/wp-content\/uploads\/2018\/03\/Rityta-4.jpg&#8220; title_text=&#8220;Fiske&#8220; _builder_version=&#8220;4.17.4&#8243; _module_preset=&#8220;default&#8220; global_colors_info=&#8220;{}&#8220;][\/et_pb_image][\/et_pb_column][\/et_pb_row][et_pb_row _builder_version=&#8220;4.17.4&#8243; _module_preset=&#8220;default&#8220; global_colors_info=&#8220;{}&#8220;][et_pb_column type=&#8220;4_4&#8243; _builder_version=&#8220;4.17.4&#8243; _module_preset=&#8220;default&#8220; global_colors_info=&#8220;{}&#8220;][et_pb_text _builder_version=&#8220;4.17.4&#8243; _module_preset=&#8220;caaf96b4-ede2-46d9-a0d0-5e908d7bafb0&#8243; text_text_color=&#8220;#FFFFFF&#8220; locked=&#8220;off&#8220; global_colors_info=&#8220;{}&#8220;]Brevens Bruk hat nicht nur wildreiche W\u00e4lder sondern auch fischreiche Gew\u00e4sser. Unser gr\u00f6\u03b2ter See hei\u03b2t \u201eSottern\u201c und ist 2800 ha gro\u03b2. Im Sottern befindet sich ein 700 ha gro\u03b2es Natura 2000 Gebiet, der sogenannte \u201eSottern Sk\u00e4rg\u00e5rd\u201c. Dieses Gebiet wurde 1997 unter Schutz gestellt um den Bestand an Fischadler und Seetaucher zu sichern. Dort ist der Zutritt von 15 Mai bis 15 Juni verboten. Im Sottern gibt es u.a. Hecht, Barsch, Zander, Aal und Rotauge.<\/p>\n<p><a href=\"https:\/\/brevens.se\/de\/wp-content\/uploads\/2018\/07\/sjokort.jpg\" target=\"_blank\" rel=\"noopener\">Seekarte vom Sottern<\/a>[\/et_pb_text][\/et_pb_column][\/et_pb_row][et_pb_row column_structure=&#8220;1_2,1_2&#8243; _builder_version=&#8220;4.17.4&#8243; _module_preset=&#8220;default&#8220; global_colors_info=&#8220;{}&#8220;][et_pb_column type=&#8220;1_2&#8243; _builder_version=&#8220;4.17.4&#8243; _module_preset=&#8220;default&#8220; global_colors_info=&#8220;{}&#8220;][et_pb_text _builder_version=&#8220;4.17.4&#8243; _module_preset=&#8220;caaf96b4-ede2-46d9-a0d0-5e908d7bafb0&#8243; text_text_color=&#8220;#FFFFFF&#8220; header_2_font=&#8220;Nanum Myeongjo||||||||&#8220; header_2_text_color=&#8220;gcid-11d3dbbb-f6dc-4fb8-929b-9d6994368d00&#8243; header_2_font_size=&#8220;28px&#8220; locked=&#8220;off&#8220; global_colors_info=&#8220;{%22gcid-11d3dbbb-f6dc-4fb8-929b-9d6994368d00%22:%91%22header_2_text_color%22%93}&#8220;]<\/p>\n<h2 style=\"text-align: center;\"><b>Preise f\u00fcr Angelscheine<\/b><\/h2>\n<p style=\"text-align: justify;\">Die Geb\u00fchren richten sich nach den Empfehlungen der Gew\u00e4sserbesitzer. Mit \u201eOrtsbo\u201c sind diejenigen gemeint, die auf den Grundst\u00fccken von Brevens Bruk AB wohnen, einschlie\u00dflich der Einwohner von H\u00f6gsj\u00f6, Svennevad und P\u00e5lsboda.<\/p>\n<table style=\"height: 226px;\">\n<tbody>\n<tr style=\"height: 24px;\">\n<td style=\"height: 24px; width: 227.75px;\"><strong>Fiskekort:<\/strong><\/td>\n<td style=\"height: 24px; width: 95.9219px;\"><strong>Normalpris<\/strong><\/td>\n<td style=\"height: 24px; width: 60.5625px;\"><strong>Ortsbo\u00a0<\/strong><\/td>\n<\/tr>\n<tr style=\"height: 24px;\">\n<td style=\"height: 24px; width: 227.75px;\">\u00c5rskort handredskap, 1 person<\/td>\n<td style=\"height: 24px; width: 95.9219px;\">700 kr<\/td>\n<td style=\"height: 24px; width: 60.5625px;\">500 kr<\/td>\n<\/tr>\n<tr style=\"height: 24px;\">\n<td style=\"height: 24px; width: 227.75px;\">\u00c5rskort handredskap, familj<\/td>\n<td style=\"height: 24px; width: 95.9219px;\">1050 kr<\/td>\n<td style=\"height: 24px; width: 60.5625px;\">750 kr<\/td>\n<\/tr>\n<tr style=\"height: 24px;\">\n<td style=\"height: 24px; width: 227.75px;\">\u00c5rskort trolling, 1 person<\/td>\n<td style=\"height: 24px; width: 95.9219px;\">1200 kr<\/td>\n<td style=\"height: 24px; width: 60.5625px;\">800 kr<\/td>\n<\/tr>\n<tr style=\"height: 24px;\">\n<td style=\"height: 24px; width: 227.75px;\">\u00c5rskort trolling, familj<\/td>\n<td style=\"height: 24px; width: 95.9219px;\">1800 kr<\/td>\n<td style=\"height: 24px; width: 60.5625px;\">1125 kr<\/td>\n<\/tr>\n<tr style=\"height: 0px;\">\n<td style=\"height: 0px; width: 227.75px;\"><\/td>\n<td style=\"height: 0px; width: 95.9219px;\"><\/td>\n<td style=\"height: 0px; width: 60.5625px;\"><\/td>\n<\/tr>\n<tr style=\"height: 24px;\">\n<td style=\"height: 24px; width: 227.75px;\">Dagskort handredskap, 1 person<\/td>\n<td style=\"height: 24px; width: 95.9219px;\">95 kr<\/td>\n<td style=\"height: 24px; width: 60.5625px;\">70 kr<\/td>\n<\/tr>\n<tr style=\"height: 24px;\">\n<td style=\"height: 24px; width: 227.75px;\">Dagskort handredskap, familj<\/td>\n<td style=\"height: 24px; width: 95.9219px;\">135 kr<\/td>\n<td style=\"height: 24px; width: 60.5625px;\">100 kr<\/td>\n<\/tr>\n<tr style=\"height: 24px;\">\n<td style=\"height: 24px; width: 227.75px;\">Dagskort trolling, 1 person<\/td>\n<td style=\"height: 24px; width: 95.9219px;\">170 kr<\/td>\n<td style=\"height: 24px; width: 60.5625px;\">100 kr<\/td>\n<\/tr>\n<tr style=\"height: 24px;\">\n<td style=\"height: 24px; width: 227.75px;\">Dagskort trolling, familj<\/td>\n<td style=\"height: 24px; width: 95.9219px;\">200 kr<\/td>\n<td style=\"height: 24px; width: 60.5625px;\">150 kr<\/td>\n<\/tr>\n<\/tbody>\n<\/table>\n<p>Angeln mit Handangeln ist f\u00fcr Jugendliche bis 18 Jahre kostenlos.<\/p>\n<p>Tageskarten erhalten Sie \u00fcber die iFiske-App oder auf unserer Website: <a href=\"https:\/\/www.ifiske.se\/fiskekort-sottern.htm\">https:\/\/www.ifiske.se\/fiskekort-sottern.htm<\/a><\/p>\n<p>Jahreskarten erhalten Sie \u00fcber iFiske oder kontaktieren Sie uns bzw. unsere H\u00e4ndler:<\/p>\n<ul>\n<li>iFiske-App oder Website: <a href=\"https:\/\/www.ifiske.se\/fiskekort-sottern.htm\">https:\/\/www.ifiske.se\/fiskekort-sottern.htm<\/a><\/li>\n<li>Brevens Bruk AB, +44 19 585850, bbab@brevens.se<\/li>\n<li>OKQ8, Norra Storgatan 21, P\u00e5lsboda<\/li>\n<\/ul>\n<p>[\/et_pb_text][\/et_pb_column][et_pb_column type=&#8220;1_2&#8243; _builder_version=&#8220;4.17.4&#8243; _module_preset=&#8220;default&#8220; global_colors_info=&#8220;{}&#8220;][et_pb_text _builder_version=&#8220;4.17.4&#8243; _module_preset=&#8220;caaf96b4-ede2-46d9-a0d0-5e908d7bafb0&#8243; text_text_color=&#8220;#FFFFFF&#8220; header_2_font=&#8220;Nanum Myeongjo||||||||&#8220; header_2_text_color=&#8220;gcid-11d3dbbb-f6dc-4fb8-929b-9d6994368d00&#8243; header_2_font_size=&#8220;28px&#8220; locked=&#8220;off&#8220; global_colors_info=&#8220;{%22gcid-11d3dbbb-f6dc-4fb8-929b-9d6994368d00%22:%91%22header_2_text_color%22%93}&#8220;]<\/p>\n<h2 style=\"text-align: center;\"><b>Angelregeln<\/b><\/h2>\n<p>Bei Versto\u00df gegen die folgenden Regeln wird vom Fischereiaufseher eine Kontrollgeb\u00fchr erhoben.<\/p>\n<ul>\n<li>Die Angelkarte ist personengebunden und muss beim Angeln mitgef\u00fchrt und auf Verlangen bei Kontrollen vorgezeigt werden. Es ist ausschlie\u00dflich das<\/li>\n<li>Angeln mit Handangelger\u00e4t erlaubt. Die Verwendung von Netzen ist untersagt.<\/li>\n<li>Im Sommer darf pro Person nur ein Handangelger\u00e4t mitgef\u00fchrt werden.<\/li>\n<li>F\u00fcr Hechte gilt: Die Fische m\u00fcssen mindestens 45 cm lang sein, und es d\u00fcrfen maximal 3 Hechte pro Tag und Angelkarte gefangen werden.<\/li>\n<li>F\u00fcr Hechte gilt: Die Fische m\u00fcssen mindestens 45 cm und maximal 90 cm lang sein, und es d\u00fcrfen maximal 3 Hechte pro Tag und Angelkarte gefangen werden.<\/li>\n<li>Zum Schleppangeln ist eine spezielle Angelerlaubnis erforderlich.<\/li>\n<li>Beim Schleppangeln sind maximal 4 Ruten pro Angelkarte oder maximal 6 Ruten pro Boot erlaubt.<\/li>\n<li>Beim Eisangeln sind maximal 5 Angelger\u00e4te pro Angelkarte erlaubt, und es d\u00fcrfen nur Handangelger\u00e4te oder sogenannte Angelruten verwendet werden.<\/li>\n<li>Mit \u201eOrtsbo\u201c sind alle Personen gemeint, die auf den Grundst\u00fccken der Brevens Bruk AB leben, einschlie\u00dflich der Einwohner von H\u00f6gsj\u00f6, Svennevad und P\u00e5lsboda.<\/li>\n<li>Familie bezeichnet Personen, die im selben Haushalt leben.<\/li>\n<li>Angeln mit der Hand ist f\u00fcr Jugendliche bis 18 Jahre kostenlos (Ausweis erforderlich).<\/li>\n<li>Bitte nehmen Sie R\u00fccksicht auf br\u00fctende V\u00f6gel. Angeln Sie nicht n\u00e4her als 200 m an br\u00fctenden Fischadlern und 300 m an br\u00fctenden Goldtrottellummen.<\/li>\n<li>Das Angeln ist im auf der Karte markierten Gebiet vom 15. Mai bis 20. Juni verboten.<\/li>\n<\/ul>\n<p>Weitere Informationen zu den Regeln im Naturschutzgebiet finden Sie auf der Website der Bezirksverwaltung: www.lansstyrelsen.se\/orebro\/besoksmal\/naturresservat\/sotterens-skargard[\/et_pb_text][\/et_pb_column][\/et_pb_row][\/et_pb_section][et_pb_section fb_built=&#8220;1&#8243; admin_label=&#8220;About&#8220; _builder_version=&#8220;4.17.4&#8243; _module_preset=&#8220;default&#8220; background_color=&#8220;gcid-9fa4a1b6-767d-41ca-984c-a6f10449c843&#8243; locked=&#8220;off&#8220; collapsed=&#8220;on&#8220; global_colors_info=&#8220;{%22gcid-9fa4a1b6-767d-41ca-984c-a6f10449c843%22:%91%22background_color%22%93}&#8220;][et_pb_row column_structure=&#8220;1_2,1_2&#8243; make_equal=&#8220;on&#8220; _builder_version=&#8220;4.17.4&#8243; _module_preset=&#8220;default&#8220; global_colors_info=&#8220;{}&#8220;][et_pb_column type=&#8220;1_2&#8243; _builder_version=&#8220;4.17.4&#8243; _module_preset=&#8220;default&#8220; background_image=&#8220;https:\/\/brevens.se\/wp-content\/uploads\/2025\/11\/8-4.png&#8220; global_colors_info=&#8220;{}&#8220;][et_pb_divider show_divider=&#8220;off&#8220; _builder_version=&#8220;4.20.0&#8243; _module_preset=&#8220;default&#8220; height_tablet=&#8220;40vw&#8220; height_phone=&#8220;40vw&#8220; height_last_edited=&#8220;on|desktop&#8220; global_colors_info=&#8220;{}&#8220;][\/et_pb_divider][\/et_pb_column][et_pb_column type=&#8220;1_2&#8243; _builder_version=&#8220;4.17.4&#8243; _module_preset=&#8220;default&#8220; global_colors_info=&#8220;{}&#8220;][et_pb_text _builder_version=&#8220;4.17.4&#8243; _module_preset=&#8220;1135b8a1-c43f-4ea0-83e4-9d9eba4f5814&#8243; global_colors_info=&#8220;{%22gcid-11d3dbbb-f6dc-4fb8-929b-9d6994368d00%22:%91%22header_2_text_color%22%93}&#8220;]<\/p>\n<h2>BOMNYCKLAR<\/h2>\n<p>[\/et_pb_text][et_pb_image src=&#8220;https:\/\/brevens.se\/wp-content\/uploads\/2025\/10\/attorney-1.png&#8220; title_text=&#8220;attorney-1&#8243; _builder_version=&#8220;4.20.0&#8243; _module_preset=&#8220;default&#8220; max_width=&#8220;65px&#8220; locked=&#8220;off&#8220; global_colors_info=&#8220;{}&#8220;][\/et_pb_image][et_pb_text _builder_version=&#8220;4.17.4&#8243; _module_preset=&#8220;caaf96b4-ede2-46d9-a0d0-5e908d7bafb0&#8243; text_text_color=&#8220;#FFFFFF&#8220; locked=&#8220;off&#8220; global_colors_info=&#8220;{}&#8220;]<\/p>\n<p style=\"text-align: justify;\">Brevens Bruk AB erbjuder bomnycklar i Sottern vid Gillberga, Kilsmo och Knipphammaren. Den koster 500 kr\/\u00e5ret och ger tillg\u00e5ng till en av ramperna.<\/p>\n<p style=\"text-align: justify;\">F\u00f6r mer information: <a href=\"mailto:bbab@brevens.se\">bbab@brevens.se<\/a><\/p>\n<p>[\/et_pb_text][\/et_pb_column][\/et_pb_row][\/et_pb_section][et_pb_section fb_built=&#8220;1&#8243; admin_label=&#8220;Footer&#8220; _builder_version=&#8220;4.17.4&#8243; _module_preset=&#8220;default&#8220; background_color=&#8220;#000c24&#8243; background_enable_image=&#8220;off&#8220; saved_tabs=&#8220;all&#8220; collapsed=&#8220;on&#8220; global_colors_info=&#8220;{}&#8220;][et_pb_row column_structure=&#8220;1_3,1_3,1_3&#8243; _builder_version=&#8220;4.20.0&#8243; _module_preset=&#8220;default&#8220; global_colors_info=&#8220;{}&#8220;][et_pb_column type=&#8220;1_3&#8243; _builder_version=&#8220;4.20.0&#8243; _module_preset=&#8220;default&#8220; global_colors_info=&#8220;{}&#8220;][et_pb_text _builder_version=&#8220;4.17.4&#8243; _module_preset=&#8220;423778a7-703b-4c7c-9d49-f65bfcc5ec39&#8243; text_orientation=&#8220;center&#8220; global_colors_info=&#8220;{%22gcid-11d3dbbb-f6dc-4fb8-929b-9d6994368d00%22:%91%22header_4_text_color%22%93}&#8220;]<\/p>\n<h4>KONTORET<\/h4>\n<p>[\/et_pb_text][et_pb_text _builder_version=&#8220;4.17.4&#8243; _module_preset=&#8220;76f1215c-7bba-4a34-a809-3e128146c4f4&#8243; text_font=&#8220;||||||||&#8220; text_text_color=&#8220;#FFFFFF&#8220; text_orientation=&#8220;center&#8220; custom_margin=&#8220;||10px||false|false&#8220; global_colors_info=&#8220;{}&#8220;]<\/p>\n<div class=\"et_pb_module et_pb_text et_pb_text_17 et_pb_text_align_center et_pb_bg_layout_light\">\n<div class=\"et_pb_text_inner\">\n<p>Bruksgatan 6<br \/>\n715 96 Brevens Bruk<\/p>\n<p>Klockan 08:00 \u2013 12:00<\/p>\n<\/div>\n<\/div>\n<p>[\/et_pb_text][\/et_pb_column][et_pb_column type=&#8220;1_3&#8243; _builder_version=&#8220;4.20.0&#8243; _module_preset=&#8220;default&#8220; global_colors_info=&#8220;{}&#8220;][et_pb_image src=&#8220;https:\/\/brevens.se\/wp-content\/uploads\/2025\/10\/cropped-Logga-PNG-vit-utan-bakgrund.png&#8220; title_text=&#8220;cropped-Logga-PNG-vit-utan-bakgrund.png&#8220; align=&#8220;center&#8220; _builder_version=&#8220;4.17.4&#8243; _module_preset=&#8220;default&#8220; max_height=&#8220;80px&#8220; global_colors_info=&#8220;{}&#8220;][\/et_pb_image][et_pb_text _builder_version=&#8220;4.17.4&#8243; _module_preset=&#8220;423778a7-703b-4c7c-9d49-f65bfcc5ec39&#8243; header_4_text_color=&#8220;#FFFFFF&#8220; text_orientation=&#8220;center&#8220; global_colors_info=&#8220;{}&#8220;]<\/p>\n<h4>Brevens Bruk AB<\/h4>\n<p>[\/et_pb_text][\/et_pb_column][et_pb_column type=&#8220;1_3&#8243; _builder_version=&#8220;4.20.0&#8243; _module_preset=&#8220;default&#8220; global_colors_info=&#8220;{}&#8220;][et_pb_text _builder_version=&#8220;4.17.4&#8243; _module_preset=&#8220;423778a7-703b-4c7c-9d49-f65bfcc5ec39&#8243; text_orientation=&#8220;center&#8220; locked=&#8220;off&#8220; global_colors_info=&#8220;{%22gcid-11d3dbbb-f6dc-4fb8-929b-9d6994368d00%22:%91%22header_4_text_color%22%93}&#8220;]<\/p>\n<h4>Kontakt<\/h4>\n<p>[\/et_pb_text][et_pb_text _builder_version=&#8220;4.17.4&#8243; _module_preset=&#8220;76f1215c-7bba-4a34-a809-3e128146c4f4&#8243; text_font=&#8220;||||||||&#8220; text_text_color=&#8220;#FFFFFF&#8220; text_orientation=&#8220;center&#8220; custom_margin=&#8220;||10px||false|false&#8220; global_colors_info=&#8220;{}&#8220;]<\/p>\n<div class=\"et_pb_module et_pb_text et_pb_text_17 et_pb_text_align_center et_pb_bg_layout_light\">\n<div class=\"et_pb_text_inner\">\n<p>+46 019-58 58 50<br \/>\n<span style=\"font-size: 16px;\">Klockan 08:00-12:00<\/span><\/p>\n<p>bbab@brevens.se<\/p>\n<p>&nbsp;<\/p>\n<p>&nbsp;<\/p>\n<\/div>\n<\/div>\n<p>[\/et_pb_text][\/et_pb_column][\/et_pb_row][et_pb_row _builder_version=&#8220;4.20.0&#8243; _module_preset=&#8220;default&#8220; custom_padding=&#8220;0px||0px||true|&#8220; global_colors_info=&#8220;{}&#8220;][et_pb_column type=&#8220;4_4&#8243; _builder_version=&#8220;4.20.0&#8243; _module_preset=&#8220;default&#8220; global_colors_info=&#8220;{}&#8220;][et_pb_social_media_follow icon_color=&#8220;#000000&#8243; _builder_version=&#8220;4.17.4&#8243; _module_preset=&#8220;default&#8220; text_orientation=&#8220;center&#8220; custom_margin=&#8220;||||false|false&#8220; border_radii=&#8220;on|100px|100px|100px|100px&#8220; locked=&#8220;off&#8220; global_colors_info=&#8220;{}&#8220; theme_builder_area=&#8220;post_content&#8220;][et_pb_social_media_follow_network social_network=&#8220;facebook&#8220; url=&#8220;https:\/\/www.facebook.com\/BrevensBrukAB&#8220; _builder_version=&#8220;4.17.4&#8243; _module_preset=&#8220;default&#8220; background_color=&#8220;gcid-11d3dbbb-f6dc-4fb8-929b-9d6994368d00&#8243; background_enable_color=&#8220;on&#8220; custom_padding=&#8220;8px|8px|8px|8px|true|true&#8220; global_colors_info=&#8220;{%22gcid-11d3dbbb-f6dc-4fb8-929b-9d6994368d00%22:%91%22background_color%22%93}&#8220; theme_builder_area=&#8220;post_content&#8220; follow_button=&#8220;off&#8220; url_new_window=&#8220;on&#8220;]facebook[\/et_pb_social_media_follow_network][et_pb_social_media_follow_network social_network=&#8220;instagram&#8220; url=&#8220;https:\/\/www.instagram.com\/brevensbrukab\/&#8220; _builder_version=&#8220;4.17.4&#8243; _module_preset=&#8220;default&#8220; background_color=&#8220;gcid-11d3dbbb-f6dc-4fb8-929b-9d6994368d00&#8243; background_enable_color=&#8220;on&#8220; custom_padding=&#8220;8px|8px|8px|8px|true|true&#8220; global_colors_info=&#8220;{%22gcid-11d3dbbb-f6dc-4fb8-929b-9d6994368d00%22:%91%22background_color%22%93}&#8220; theme_builder_area=&#8220;post_content&#8220; follow_button=&#8220;off&#8220; url_new_window=&#8220;on&#8220;]instagram[\/et_pb_social_media_follow_network][\/et_pb_social_media_follow][et_pb_divider color=&#8220;gcid-11d3dbbb-f6dc-4fb8-929b-9d6994368d00&#8243; _builder_version=&#8220;4.20.0&#8243; _module_preset=&#8220;default&#8220; custom_margin=&#8220;||0px||false|false&#8220; global_colors_info=&#8220;{%22gcid-11d3dbbb-f6dc-4fb8-929b-9d6994368d00%22:%91%22color%22%93}&#8220; theme_builder_area=&#8220;post_content&#8220;][\/et_pb_divider][\/et_pb_column][\/et_pb_row][\/et_pb_section]<\/p>\n","protected":false},"excerpt":{"rendered":"<p>Jagen &amp; Angeln Brevens Bruk bietet einen exklusiven Jagdtourismus in begrenztem Umfang an, der sich vor allem auf Dr\u00fcckjagden auf Wildschweine und Damhirsche konzentriert. Wir bieten au\u00dferdem hervorragende Angelgew\u00e4sser im Sotternsee. Jagen Die W\u00e4lder von Brevens Bruk sind reich an Wild, wobei Damwild die dominierende Wildart ist. Es gibt auch Wildschweine, Elche, Kaninchen und Auerh\u00e4hne. [&hellip;]<\/p>\n","protected":false},"author":3,"featured_media":0,"parent":0,"menu_order":0,"comment_status":"closed","ping_status":"closed","template":"","meta":{"_et_pb_use_builder":"on","_et_pb_old_content":"","_et_gb_content_width":""},"_links":{"self":[{"href":"https:\/\/brevens.se\/de\/wp-json\/wp\/v2\/pages\/11343"}],"collection":[{"href":"https:\/\/brevens.se\/de\/wp-json\/wp\/v2\/pages"}],"about":[{"href":"https:\/\/brevens.se\/de\/wp-json\/wp\/v2\/types\/page"}],"author":[{"embeddable":true,"href":"https:\/\/brevens.se\/de\/wp-json\/wp\/v2\/users\/3"}],"replies":[{"embeddable":true,"href":"https:\/\/brevens.se\/de\/wp-json\/wp\/v2\/comments?post=11343"}],"version-history":[{"count":9,"href":"https:\/\/brevens.se\/de\/wp-json\/wp\/v2\/pages\/11343\/revisions"}],"predecessor-version":[{"id":11366,"href":"https:\/\/brevens.se\/de\/wp-json\/wp\/v2\/pages\/11343\/revisions\/11366"}],"wp:attachment":[{"href":"https:\/\/brevens.se\/de\/wp-json\/wp\/v2\/media?parent=11343"}],"curies":[{"name":"wp","href":"https:\/\/api.w.org\/{rel}","templated":true}]}}