{"id":11482,"date":"2026-01-23T11:43:02","date_gmt":"2026-01-23T10:43:02","guid":{"rendered":"https:\/\/brevens.se\/?page_id=11482"},"modified":"2026-05-13T13:30:14","modified_gmt":"2026-05-13T11:30:14","slug":"visit-brevens-bruk","status":"publish","type":"page","link":"https:\/\/brevens.se\/de\/visit-brevens-bruk\/","title":{"rendered":"Visit Brevens Bruk"},"content":{"rendered":"<p>[et_pb_section fb_built=&#8220;1&#8243; admin_label=&#8220;Header&#8220; _builder_version=&#8220;4.17.4&#8243; _module_preset=&#8220;default&#8220; background_color=&#8220;gcid-2f3f3e09-0a26-4ea7-8906-5e1128945e3f&#8220; locked=&#8220;off&#8220; collapsed=&#8220;on&#8220; global_colors_info=&#8220;{%22gcid-2f3f3e09-0a26-4ea7-8906-5e1128945e3f%22:%91%22background_color%22%93}&#8220;][et_pb_row _builder_version=&#8220;4.20.0&#8243; _module_preset=&#8220;default&#8220; global_colors_info=&#8220;{}&#8220;][et_pb_column type=&#8220;4_4&#8243; _builder_version=&#8220;4.20.0&#8243; _module_preset=&#8220;default&#8220; global_colors_info=&#8220;{}&#8220;][et_pb_image src=&#8220;https:\/\/brevens.se\/wp-content\/uploads\/2025\/10\/attorney-2.png&#8220; title_text=&#8220;attorney-2&#8243; _builder_version=&#8220;4.20.0&#8243; _module_preset=&#8220;default&#8220; max_width=&#8220;130px&#8220; module_alignment=&#8220;center&#8220; global_colors_info=&#8220;{}&#8220;][\/et_pb_image][et_pb_text _builder_version=&#8220;4.17.4&#8243; _module_preset=&#8220;aadaa8eb-75bf-40ac-af24-3fea60bfd4dd&#8220; header_2_font=&#8220;Playfair Display||||||||&#8220; header_2_font_size=&#8220;50px&#8220; text_orientation=&#8220;center&#8220; global_colors_info=&#8220;{}&#8220;]<\/p>\n<h2>Visit Brevens Bruk<\/h2>\n<p>[\/et_pb_text][et_pb_text _builder_version=&#8220;4.17.4&#8243; _module_preset=&#8220;default&#8220; text_font_size=&#8220;16px&#8220; global_colors_info=&#8220;{}&#8220;]<\/p>\n<p style=\"text-align: center;\">Natur, Kultur, Aktivitet\u2013 es ist f\u00fcr jeden etwas dabei!<\/p>\n<p style=\"text-align: center;\">Brevens Bruk liegt ca. 50 km s\u00fcd\u00f6stlich von \u00d6rebro,ein wundersch\u00f6ner \u201eBruksort\u201c, in seinem urspr\u00fcnglichen Charme erhalten,die sehr gepflegten alten Geb\u00e4ude sind eine Reise wert.<\/p>\n<p>[\/et_pb_text][\/et_pb_column][\/et_pb_row][\/et_pb_section][et_pb_section fb_built=&#8220;1&#8243; admin_label=&#8220;Blog&#8220; _builder_version=&#8220;4.17.4&#8243; _module_preset=&#8220;default&#8220; background_color=&#8220;gcid-9fa4a1b6-767d-41ca-984c-a6f10449c843&#8243; collapsed=&#8220;on&#8220; global_colors_info=&#8220;{%22gcid-9fa4a1b6-767d-41ca-984c-a6f10449c843%22:%91%22background_color%22%93}&#8220;][et_pb_row _builder_version=&#8220;4.20.0&#8243; _module_preset=&#8220;default&#8220; global_colors_info=&#8220;{}&#8220;][et_pb_column type=&#8220;4_4&#8243; _builder_version=&#8220;4.20.0&#8243; _module_preset=&#8220;default&#8220; global_colors_info=&#8220;{}&#8220;][et_pb_gallery gallery_ids=&#8220;10583,10587,10591,10595,10599,10603,10607,10611,10615,10619,10623,10627,10631,10635,10639,10643,10647,10651,10655,10659,10663&#8243; fullwidth=&#8220;on&#8220; _builder_version=&#8220;4.17.4&#8243; _module_preset=&#8220;default&#8220; pagination_text_color=&#8220;#FFFFFF&#8220; auto=&#8220;on&#8220; auto_speed=&#8220;5000&#8243; global_colors_info=&#8220;{}&#8220;][\/et_pb_gallery][\/et_pb_column][\/et_pb_row][\/et_pb_section][et_pb_section fb_built=&#8220;1&#8243; admin_label=&#8220;Blog&#8220; _builder_version=&#8220;4.20.0&#8243; _module_preset=&#8220;default&#8220; background_color=&#8220;gcid-2f3f3e09-0a26-4ea7-8906-5e1128945e3f&#8220; collapsed=&#8220;on&#8220; global_colors_info=&#8220;{%22gcid-2f3f3e09-0a26-4ea7-8906-5e1128945e3f%22:%91%22background_color%22%93}&#8220;][et_pb_row column_structure=&#8220;1_3,1_3,1_3&#8243; use_custom_gutter=&#8220;on&#8220; gutter_width=&#8220;2&#8243; _builder_version=&#8220;4.17.4&#8243; _module_preset=&#8220;default&#8220; global_colors_info=&#8220;{}&#8220;][et_pb_column type=&#8220;1_3&#8243; _builder_version=&#8220;4.20.0&#8243; _module_preset=&#8220;default&#8220; global_colors_info=&#8220;{}&#8220;][et_pb_blurb title=&#8220;Aktivit\u00e4ten&#8220; url=&#8220;https:\/\/brevens.se\/de\/aktivitaeten\/&#8220; image=&#8220;https:\/\/brevens.se\/wp-content\/uploads\/2023\/09\/Sport-Motion.png&#8220; _builder_version=&#8220;4.17.4&#8243; _module_preset=&#8220;default&#8220; header_level=&#8220;h2&#8243; header_text_align=&#8220;center&#8220; header_font_size=&#8220;30px&#8220; body_text_align=&#8220;left&#8220; body_font_size=&#8220;16px&#8220; animation=&#8220;off&#8220; link_option_url=&#8220;https:\/\/brevens.se\/de\/aktivitaeten\/&#8220; border_width_all_image=&#8220;2px&#8220; border_color_all_image=&#8220;#000000&#8243; global_colors_info=&#8220;{}&#8220;]<\/p>\n<p style=\"text-align: justify;\">Brevens bietet alles von ruhigen und friedlichen Spazierg\u00e4ngen durch die historische Umgebung mit den alten H\u00e4usern bis hin zu actionreichen Mountainbike-Strecken im Wald.<\/p>\n<p>[\/et_pb_blurb][et_pb_blurb title=&#8220;Wald &#038; See&#8220; url=&#8220;https:\/\/brevens.se\/de\/natur\/&#8220; image=&#8220;https:\/\/brevens.se\/wp-content\/uploads\/2025\/11\/Skog-sjo-hemsida.png&#8220; _builder_version=&#8220;4.17.4&#8243; _module_preset=&#8220;default&#8220; header_level=&#8220;h2&#8243; header_text_align=&#8220;center&#8220; header_font_size=&#8220;30px&#8220; body_font_size=&#8220;16px&#8220; animation=&#8220;off&#8220; link_option_url=&#8220;https:\/\/brevens.se\/de\/natur\/&#8220; border_width_all_image=&#8220;2px&#8220; border_color_all_image=&#8220;#000000&#8243; global_colors_info=&#8220;{}&#8220;]<\/p>\n<p style=\"text-align: justify;\">Brevens Bruk verf\u00fcgt \u00fcber wundersch\u00f6ne Waldgebiete mit Wanderwegen sowie \u00fcber eine Reihe von Badestellen mit Schutzh\u00fctten und Grillpl\u00e4tzen.<\/p>\n<p>[\/et_pb_blurb][\/et_pb_column][et_pb_column type=&#8220;1_3&#8243; _builder_version=&#8220;4.20.0&#8243; _module_preset=&#8220;default&#8220; global_colors_info=&#8220;{}&#8220;][et_pb_blurb title=&#8220;Kunst &#038; Kultur&#8220; url=&#8220;https:\/\/brevens.se\/de\/kunst-kultur\/&#8220; image=&#8220;https:\/\/brevens.se\/wp-content\/uploads\/2023\/09\/Konstkultur.png&#8220; _builder_version=&#8220;4.17.4&#8243; _module_preset=&#8220;default&#8220; header_level=&#8220;h2&#8243; header_text_align=&#8220;center&#8220; header_font_size=&#8220;30px&#8220; body_font_size=&#8220;16px&#8220; animation=&#8220;off&#8220; link_option_url=&#8220;https:\/\/brevens.se\/de\/kunst-kultur\/&#8220; border_width_all_image=&#8220;2px&#8220; border_color_all_image=&#8220;#000000&#8243; global_colors_info=&#8220;{}&#8220;]<\/p>\n<p style=\"text-align: justify;\">Besuchen Sie das Museum und sehen Sie sich die Produktion des alten Eisenwerks an oder erleben Sie den Schmelzofen und die Modellhalle. Seit einigen Jahren gibt es auch eine kleine &#8220; Kunsthalle&#8220;.<\/p>\n<p>[\/et_pb_blurb][et_pb_blurb title=&#8220;Winter&#8220; url=&#8220;https:\/\/brevens.se\/de\/winter\/&#8220; image=&#8220;https:\/\/brevens.se\/wp-content\/uploads\/2024\/10\/11.png&#8220; _builder_version=&#8220;4.17.4&#8243; _module_preset=&#8220;default&#8220; header_level=&#8220;h2&#8243; header_text_align=&#8220;center&#8220; header_font_size=&#8220;30px&#8220; body_font_size=&#8220;16px&#8220; animation=&#8220;off&#8220; link_option_url=&#8220;https:\/\/brevens.se\/de\/winter\/&#8220; border_width_all_image=&#8220;2px&#8220; border_color_all_image=&#8220;#000000&#8243; global_colors_info=&#8220;{}&#8220;]<\/p>\n<p style=\"text-align: justify;\">Im Winter, wenn die Schneeverh\u00e4ltnisse gut sind, sorgen die \u00f6rtlichen Sportvereine daf\u00fcr, dass es in der Gegend um Brevens Bruk sch\u00f6ne Skipisten gibt.<\/p>\n<p>[\/et_pb_blurb][\/et_pb_column][et_pb_column type=&#8220;1_3&#8243; _builder_version=&#8220;4.20.0&#8243; _module_preset=&#8220;default&#8220; global_colors_info=&#8220;{}&#8220;][et_pb_blurb title=&#8220;Essen &#038; Trinken&#8220; url=&#8220;https:\/\/brevens.se\/de\/essen-trinken\/&#8220; image=&#8220;https:\/\/brevens.se\/wp-content\/uploads\/2025\/11\/Brevensgarden-hemsida.png&#8220; _builder_version=&#8220;4.17.4&#8243; _module_preset=&#8220;default&#8220; header_level=&#8220;h2&#8243; header_text_align=&#8220;center&#8220; header_font_size=&#8220;30px&#8220; body_font_size=&#8220;16px&#8220; animation=&#8220;off&#8220; link_option_url=&#8220;https:\/\/brevens.se\/de\/essen-trinken\/&#8220; border_width_all_image=&#8220;2px&#8220; border_color_all_image=&#8220;#000000&#8243; global_colors_info=&#8220;{}&#8220;]<\/p>\n<p style=\"text-align: justify;\">In l\u00e4ndlicher und friedlicher Umgebung k\u00f6nnen Sie im Brevensg\u00e5rden das lokale Brevens Hereford-Rindfleisch probieren oder\u00a0 eine Tasse Kaffee trinken.<\/p>\n<p>[\/et_pb_blurb][et_pb_blurb title=&#8220;Mittsommer&#8220; url=&#8220;https:\/\/brevens.se\/de\/mittsommer\/&#8220; image=&#8220;https:\/\/brevens.se\/wp-content\/uploads\/2024\/10\/5.png&#8220; _builder_version=&#8220;4.17.4&#8243; _module_preset=&#8220;default&#8220; header_level=&#8220;h2&#8243; header_text_align=&#8220;center&#8220; header_font_size=&#8220;30px&#8220; body_font_size=&#8220;16px&#8220; animation=&#8220;off&#8220; link_option_url=&#8220;https:\/\/brevens.se\/de\/mittsommer\/&#8220; border_width_all_image=&#8220;2px&#8220; border_color_all_image=&#8220;#000000&#8243; global_colors_info=&#8220;{}&#8220;]<\/p>\n<p style=\"text-align: justify;\">Die Mittsommerfeier in Brevens Bruk hat uralte Wurzeln und wird von wundersch\u00f6nen Kr\u00e4nzen,dem Mittsommerumzug, Festlichkeiten und Musik begleitet.<\/p>\n<p>[\/et_pb_blurb][\/et_pb_column][\/et_pb_row][\/et_pb_section][et_pb_section fb_built=&#8220;1&#8243; admin_label=&#8220;Footer&#8220; _builder_version=&#8220;4.17.4&#8243; _module_preset=&#8220;default&#8220; background_color=&#8220;#000c24&#8243; background_enable_image=&#8220;off&#8220; saved_tabs=&#8220;all&#8220; collapsed=&#8220;on&#8220; global_colors_info=&#8220;{}&#8220;][et_pb_row column_structure=&#8220;1_3,1_3,1_3&#8243; _builder_version=&#8220;4.20.0&#8243; _module_preset=&#8220;default&#8220; global_colors_info=&#8220;{}&#8220;][et_pb_column type=&#8220;1_3&#8243; _builder_version=&#8220;4.20.0&#8243; _module_preset=&#8220;default&#8220; global_colors_info=&#8220;{}&#8220;][et_pb_text _builder_version=&#8220;4.17.4&#8243; _module_preset=&#8220;423778a7-703b-4c7c-9d49-f65bfcc5ec39&#8243; text_orientation=&#8220;center&#8220; global_colors_info=&#8220;{%22gcid-11d3dbbb-f6dc-4fb8-929b-9d6994368d00%22:%91%22header_4_text_color%22%93}&#8220;]<\/p>\n<h4>KONTORET<\/h4>\n<p>[\/et_pb_text][et_pb_text _builder_version=&#8220;4.17.4&#8243; _module_preset=&#8220;76f1215c-7bba-4a34-a809-3e128146c4f4&#8243; text_font=&#8220;||||||||&#8220; text_text_color=&#8220;#FFFFFF&#8220; text_orientation=&#8220;center&#8220; custom_margin=&#8220;||10px||false|false&#8220; global_colors_info=&#8220;{}&#8220;]<\/p>\n<div class=\"et_pb_module et_pb_text et_pb_text_17 et_pb_text_align_center et_pb_bg_layout_light\">\n<div class=\"et_pb_text_inner\">\n<p>Bruksgatan 6<br \/>\n715 96 Brevens Bruk<\/p>\n<p>Klockan 08:00 \u2013 12:00<\/p>\n<\/div>\n<\/div>\n<p>[\/et_pb_text][\/et_pb_column][et_pb_column type=&#8220;1_3&#8243; _builder_version=&#8220;4.20.0&#8243; _module_preset=&#8220;default&#8220; global_colors_info=&#8220;{}&#8220;][et_pb_image src=&#8220;https:\/\/brevens.se\/wp-content\/uploads\/2025\/10\/cropped-Logga-PNG-vit-utan-bakgrund.png&#8220; title_text=&#8220;cropped-Logga-PNG-vit-utan-bakgrund.png&#8220; align=&#8220;center&#8220; _builder_version=&#8220;4.17.4&#8243; _module_preset=&#8220;default&#8220; max_height=&#8220;80px&#8220; global_colors_info=&#8220;{}&#8220;][\/et_pb_image][et_pb_text _builder_version=&#8220;4.17.4&#8243; _module_preset=&#8220;423778a7-703b-4c7c-9d49-f65bfcc5ec39&#8243; header_4_text_color=&#8220;#FFFFFF&#8220; text_orientation=&#8220;center&#8220; global_colors_info=&#8220;{}&#8220;]<\/p>\n<h4>Brevens Bruk AB<\/h4>\n<p>[\/et_pb_text][\/et_pb_column][et_pb_column type=&#8220;1_3&#8243; _builder_version=&#8220;4.20.0&#8243; _module_preset=&#8220;default&#8220; global_colors_info=&#8220;{}&#8220;][et_pb_text _builder_version=&#8220;4.17.4&#8243; _module_preset=&#8220;423778a7-703b-4c7c-9d49-f65bfcc5ec39&#8243; text_orientation=&#8220;center&#8220; locked=&#8220;off&#8220; global_colors_info=&#8220;{%22gcid-11d3dbbb-f6dc-4fb8-929b-9d6994368d00%22:%91%22header_4_text_color%22%93}&#8220;]<\/p>\n<h4>Kontakt<\/h4>\n<p>[\/et_pb_text][et_pb_text _builder_version=&#8220;4.17.4&#8243; _module_preset=&#8220;76f1215c-7bba-4a34-a809-3e128146c4f4&#8243; text_font=&#8220;||||||||&#8220; text_text_color=&#8220;#FFFFFF&#8220; text_orientation=&#8220;center&#8220; custom_margin=&#8220;||10px||false|false&#8220; global_colors_info=&#8220;{}&#8220;]<\/p>\n<div class=\"et_pb_module et_pb_text et_pb_text_17 et_pb_text_align_center et_pb_bg_layout_light\">\n<div class=\"et_pb_text_inner\">\n<p>+46 019-58 58 50<br \/>\n<span style=\"font-size: 16px;\">Klockan 08:00-12:00<\/span><\/p>\n<p>bbab@brevens.se<\/p>\n<p>&nbsp;<\/p>\n<p>&nbsp;<\/p>\n<\/div>\n<\/div>\n<p>[\/et_pb_text][\/et_pb_column][\/et_pb_row][et_pb_row _builder_version=&#8220;4.20.0&#8243; _module_preset=&#8220;default&#8220; custom_padding=&#8220;0px||0px||true|&#8220; global_colors_info=&#8220;{}&#8220;][et_pb_column type=&#8220;4_4&#8243; _builder_version=&#8220;4.20.0&#8243; _module_preset=&#8220;default&#8220; global_colors_info=&#8220;{}&#8220;][et_pb_social_media_follow icon_color=&#8220;#000000&#8243; _builder_version=&#8220;4.17.4&#8243; _module_preset=&#8220;default&#8220; text_orientation=&#8220;center&#8220; custom_margin=&#8220;||||false|false&#8220; border_radii=&#8220;on|100px|100px|100px|100px&#8220; locked=&#8220;off&#8220; global_colors_info=&#8220;{}&#8220;][et_pb_social_media_follow_network social_network=&#8220;facebook&#8220; url=&#8220;https:\/\/www.facebook.com\/BrevensBrukAB&#8220; _builder_version=&#8220;4.17.4&#8243; _module_preset=&#8220;default&#8220; background_color=&#8220;gcid-11d3dbbb-f6dc-4fb8-929b-9d6994368d00&#8243; background_enable_color=&#8220;on&#8220; custom_padding=&#8220;8px|8px|8px|8px|true|true&#8220; global_colors_info=&#8220;{%22gcid-11d3dbbb-f6dc-4fb8-929b-9d6994368d00%22:%91%22background_color%22%93}&#8220; follow_button=&#8220;off&#8220; url_new_window=&#8220;on&#8220;]facebook[\/et_pb_social_media_follow_network][et_pb_social_media_follow_network social_network=&#8220;instagram&#8220; url=&#8220;https:\/\/www.instagram.com\/brevensbrukab\/&#8220; _builder_version=&#8220;4.17.4&#8243; _module_preset=&#8220;default&#8220; background_color=&#8220;gcid-11d3dbbb-f6dc-4fb8-929b-9d6994368d00&#8243; background_enable_color=&#8220;on&#8220; custom_padding=&#8220;8px|8px|8px|8px|true|true&#8220; global_colors_info=&#8220;{%22gcid-11d3dbbb-f6dc-4fb8-929b-9d6994368d00%22:%91%22background_color%22%93}&#8220; follow_button=&#8220;off&#8220; url_new_window=&#8220;on&#8220;]instagram[\/et_pb_social_media_follow_network][\/et_pb_social_media_follow][et_pb_divider color=&#8220;gcid-11d3dbbb-f6dc-4fb8-929b-9d6994368d00&#8243; _builder_version=&#8220;4.20.0&#8243; _module_preset=&#8220;default&#8220; custom_margin=&#8220;||0px||false|false&#8220; global_colors_info=&#8220;{%22gcid-11d3dbbb-f6dc-4fb8-929b-9d6994368d00%22:%91%22color%22%93}&#8220;][\/et_pb_divider][\/et_pb_column][\/et_pb_row][\/et_pb_section]<\/p>\n","protected":false},"excerpt":{"rendered":"<p>Visit Brevens Bruk Natur, Kultur, Aktivitet\u2013 es ist f\u00fcr jeden etwas dabei! Brevens Bruk liegt ca. 50 km s\u00fcd\u00f6stlich von \u00d6rebro,ein wundersch\u00f6ner \u201eBruksort\u201c, in seinem urspr\u00fcnglichen Charme erhalten,die sehr gepflegten alten Geb\u00e4ude sind eine Reise wert. Brevens bietet alles von ruhigen und friedlichen Spazierg\u00e4ngen durch die historische Umgebung mit den alten H\u00e4usern bis hin zu [&hellip;]<\/p>\n","protected":false},"author":3,"featured_media":0,"parent":0,"menu_order":0,"comment_status":"closed","ping_status":"closed","template":"","meta":{"_et_pb_use_builder":"on","_et_pb_old_content":"","_et_gb_content_width":""},"_links":{"self":[{"href":"https:\/\/brevens.se\/de\/wp-json\/wp\/v2\/pages\/11482"}],"collection":[{"href":"https:\/\/brevens.se\/de\/wp-json\/wp\/v2\/pages"}],"about":[{"href":"https:\/\/brevens.se\/de\/wp-json\/wp\/v2\/types\/page"}],"author":[{"embeddable":true,"href":"https:\/\/brevens.se\/de\/wp-json\/wp\/v2\/users\/3"}],"replies":[{"embeddable":true,"href":"https:\/\/brevens.se\/de\/wp-json\/wp\/v2\/comments?post=11482"}],"version-history":[{"count":16,"href":"https:\/\/brevens.se\/de\/wp-json\/wp\/v2\/pages\/11482\/revisions"}],"predecessor-version":[{"id":11962,"href":"https:\/\/brevens.se\/de\/wp-json\/wp\/v2\/pages\/11482\/revisions\/11962"}],"wp:attachment":[{"href":"https:\/\/brevens.se\/de\/wp-json\/wp\/v2\/media?parent=11482"}],"curies":[{"name":"wp","href":"https:\/\/api.w.org\/{rel}","templated":true}]}}