{"id":5126,"date":"2022-06-17T10:48:02","date_gmt":"2022-06-17T08:48:02","guid":{"rendered":"https:\/\/brevens.se\/fiskartorp\/"},"modified":"2025-08-01T11:10:07","modified_gmt":"2025-08-01T09:10:07","slug":"fiskartorp","status":"publish","type":"page","link":"https:\/\/brevens.se\/de\/fiskartorp\/","title":{"rendered":"Fiskartorp"},"content":{"rendered":"<p>[et_pb_section fb_built=&#8220;1&#8243; fullwidth=&#8220;on&#8220; next_background_color=&#8220;#fffcf2&#8243; admin_label=&#8220;Coffee Hero Section&#8220; _builder_version=&#8220;4.16&#8243; custom_padding=&#8220;0|0px|0|0px&#8220; top_divider_color=&#8220;#e09900&#8243; bottom_divider_style=&#8220;slant&#8220; locked=&#8220;off&#8220; global_colors_info=&#8220;{}&#8220;][et_pb_fullwidth_image _builder_version=&#8220;4.16&#8243; background_color_gradient_direction=&#8220;360deg&#8220; background_image=&#8220;https:\/\/brevens.se\/wp-content\/uploads\/2018\/04\/hero.jpg&#8220; custom_padding=&#8220;150px||50px|&#8220; filter_sepia=&#8220;50%&#8220; custom_css_main_element=&#8220;filter: none;||height: 0px;&#8220; global_colors_info=&#8220;{}&#8220;][\/et_pb_fullwidth_image][\/et_pb_section][et_pb_section fb_built=&#8220;1&#8243; admin_label=&#8220;Coffee Menu&#8220; module_class=&#8220;subpage-section&#8220; _builder_version=&#8220;4.16&#8243; background_color=&#8220;#fffcf2&#8243; custom_padding=&#8220;0px|0px|0px|&#8220; top_divider_style=&#8220;slant&#8220; top_divider_color=&#8220;#fffcf2&#8243; global_colors_info=&#8220;{}&#8220;][et_pb_row column_structure=&#8220;2_3,1_3&#8243; admin_label=&#8220;Coffee Items&#8220; _builder_version=&#8220;4.16&#8243; custom_margin=&#8220;|||&#8220; custom_padding=&#8220;60px|0px|60px|0px&#8220; locked=&#8220;off&#8220; global_colors_info=&#8220;{}&#8220;][et_pb_column type=&#8220;2_3&#8243; _builder_version=&#8220;4.16&#8243; custom_padding=&#8220;|||&#8220; global_colors_info=&#8220;{}&#8220; custom_padding__hover=&#8220;|||&#8220;][et_pb_text admin_label=&#8220;Jordbruket&#8220; _builder_version=&#8220;4.17.4&#8243; text_font=&#8220;Nunito||||||||&#8220; text_font_size=&#8220;18px&#8220; text_line_height=&#8220;1.8em&#8220; header_font=&#8220;Oswald||||||||&#8220; header_font_size=&#8220;38px&#8220; header_line_height=&#8220;1.7em&#8220; global_colors_info=&#8220;{}&#8220;]<\/p>\n<h2 class=\"h1\">\u00a0Fiskartorp<\/h2>\n<div class=\"kvgmc6g5 cxmmr5t8 oygrvhab hcukyx3x c1et5uql ii04i59q\">\n<div dir=\"auto\">\n<p>Fantastisch gelegenes Haus auf einer Halbinsel im See Sottern. K\u00fcche, Bad, Wohnzimmer, 2 Schlafzimmer( 4 Betten).Ein kleines Motorboot inclusive. Buchungen von Mai bis Oktober m\u00f6glich.<\/p>\n<div class=\"kvgmc6g5 cxmmr5t8 oygrvhab hcukyx3x c1et5uql ii04i59q\">\n<div dir=\"auto\">\n<p>Der Preis ist ohne Bettw\u00e4sche\/Handt\u00fccher und Endreinigung. Dieses kann gegen Aufpreis dazu gebucht werden.<\/p>\n<\/div>\n<\/div>\n<div class=\"cxmmr5t8 oygrvhab hcukyx3x c1et5uql o9v6fnle ii04i59q\">\n<div dir=\"auto\">\n<p><span style=\"font-family: inherit; font-weight: normal; font-size: large;\">Kontaktieren Sie uns f\u00fcr weitere Informationen oder Buchung:<br \/>\nTelefon\u00a0<a href=\"tel:019-585850\" target=\"_blenk\" rel=\"noopener\">019 \u2013 58 58 50<\/a><br \/>\nE-post:\u00a0<a href=\"mailto:bbab@brevens.se\" target=\"_blank\" rel=\"noopener\">bbab@brevens.se<\/a><\/span><\/p>\n<\/div>\n<\/div>\n<\/div>\n<\/div>\n<p>[\/et_pb_text][\/et_pb_column][et_pb_column type=&#8220;1_3&#8243; _builder_version=&#8220;4.16&#8243; custom_padding=&#8220;|||&#8220; global_colors_info=&#8220;{}&#8220; custom_padding__hover=&#8220;|||&#8220;][et_pb_image src=&#8220;https:\/\/brevens.se\/wp-content\/uploads\/2022\/06\/Fiskartorpet-bryggan-scaled.jpg&#8220; title_text=&#8220;Fiskartorpet bryggan&#8220; align_tablet=&#8220;center&#8220; align_phone=&#8220;center&#8220; align_last_edited=&#8220;on|desktop&#8220; _builder_version=&#8220;4.17.4&#8243; filter_sepia=&#8220;25%&#8220; global_colors_info=&#8220;{}&#8220;][\/et_pb_image][\/et_pb_column][\/et_pb_row][et_pb_row _builder_version=&#8220;4.17.4&#8243; _module_preset=&#8220;default&#8220; global_colors_info=&#8220;{}&#8220;][et_pb_column type=&#8220;4_4&#8243; _builder_version=&#8220;4.17.4&#8243; _module_preset=&#8220;default&#8220; global_colors_info=&#8220;{}&#8220;][et_pb_gallery gallery_ids=&#8220;1799,1803,1801,1802,1715,1716,2406&#8243; show_title_and_caption=&#8220;off&#8220; _builder_version=&#8220;4.17.4&#8243; _module_preset=&#8220;default&#8220; global_colors_info=&#8220;{}&#8220;][\/et_pb_gallery][\/et_pb_column][\/et_pb_row][\/et_pb_section]<\/p>\n","protected":false},"excerpt":{"rendered":"<p>\u00a0Fiskartorp Fantastisch gelegenes Haus auf einer Halbinsel im See Sottern. K\u00fcche, Bad, Wohnzimmer, 2 Schlafzimmer( 4 Betten).Ein kleines Motorboot inclusive. Buchungen von Mai bis Oktober m\u00f6glich. Der Preis ist ohne Bettw\u00e4sche\/Handt\u00fccher und Endreinigung. Dieses kann gegen Aufpreis dazu gebucht werden. Kontaktieren Sie uns f\u00fcr weitere Informationen oder Buchung: Telefon\u00a0019 \u2013 58 58 50 E-post:\u00a0bbab@brevens.se<\/p>\n","protected":false},"author":3,"featured_media":0,"parent":0,"menu_order":0,"comment_status":"closed","ping_status":"closed","template":"","meta":{"_et_pb_use_builder":"on","_et_pb_old_content":"","_et_gb_content_width":""},"_links":{"self":[{"href":"https:\/\/brevens.se\/de\/wp-json\/wp\/v2\/pages\/5126"}],"collection":[{"href":"https:\/\/brevens.se\/de\/wp-json\/wp\/v2\/pages"}],"about":[{"href":"https:\/\/brevens.se\/de\/wp-json\/wp\/v2\/types\/page"}],"author":[{"embeddable":true,"href":"https:\/\/brevens.se\/de\/wp-json\/wp\/v2\/users\/3"}],"replies":[{"embeddable":true,"href":"https:\/\/brevens.se\/de\/wp-json\/wp\/v2\/comments?post=5126"}],"version-history":[{"count":12,"href":"https:\/\/brevens.se\/de\/wp-json\/wp\/v2\/pages\/5126\/revisions"}],"predecessor-version":[{"id":8135,"href":"https:\/\/brevens.se\/de\/wp-json\/wp\/v2\/pages\/5126\/revisions\/8135"}],"wp:attachment":[{"href":"https:\/\/brevens.se\/de\/wp-json\/wp\/v2\/media?parent=5126"}],"curies":[{"name":"wp","href":"https:\/\/api.w.org\/{rel}","templated":true}]}}