{"id":6404,"date":"2022-02-18T12:05:00","date_gmt":"2022-02-18T11:05:00","guid":{"rendered":"https:\/\/brevens.se\/sport-motion\/"},"modified":"2025-10-14T11:03:25","modified_gmt":"2025-10-14T09:03:25","slug":"sport-motion","status":"publish","type":"page","link":"https:\/\/brevens.se\/de\/sport-motion\/","title":{"rendered":"Sport &#038; Motion"},"content":{"rendered":"<p>[et_pb_section fb_built=&#8220;1&#8243; fullwidth=&#8220;on&#8220; admin_label=&#8220;Coffee Hero Section&#8220; _builder_version=&#8220;4.16&#8243; custom_padding=&#8220;0|0px|0|0px&#8220; top_divider_color=&#8220;#e09900&#8243; bottom_divider_style=&#8220;slant&#8220; bottom_divider_color=&#8220;#fffcf2&#8243; locked=&#8220;off&#8220; global_colors_info=&#8220;{}&#8220;][et_pb_fullwidth_image _builder_version=&#8220;4.16&#8243; background_color_gradient_direction=&#8220;360deg&#8220; background_image=&#8220;https:\/\/brevens.se\/wp-content\/uploads\/2018\/04\/hero.jpg&#8220; custom_padding=&#8220;150px||50px|&#8220; filter_sepia=&#8220;50%&#8220; custom_css_main_element=&#8220;filter: none;||height: 0px;&#8220; global_colors_info=&#8220;{}&#8220;][\/et_pb_fullwidth_image][\/et_pb_section][et_pb_section fb_built=&#8220;1&#8243; _builder_version=&#8220;4.17.4&#8243; _module_preset=&#8220;default&#8220; background_color=&#8220;#fffcf2&#8243; global_colors_info=&#8220;{}&#8220;][et_pb_row column_structure=&#8220;1_3,2_3&#8243; _builder_version=&#8220;4.16&#8243; _module_preset=&#8220;default&#8220; global_colors_info=&#8220;{}&#8220;][et_pb_column type=&#8220;1_3&#8243; _builder_version=&#8220;4.16&#8243; _module_preset=&#8220;default&#8220; global_colors_info=&#8220;{}&#8220;][et_pb_image src=&#8220;https:\/\/brevens.se\/wp-content\/uploads\/2022\/08\/20220625_141507-scaled.jpg&#8220; title_text=&#8220;20220625_141507&#8243; _builder_version=&#8220;4.17.4&#8243; _module_preset=&#8220;default&#8220; global_colors_info=&#8220;{}&#8220;][\/et_pb_image][\/et_pb_column][et_pb_column type=&#8220;2_3&#8243; _builder_version=&#8220;4.16&#8243; _module_preset=&#8220;default&#8220; global_colors_info=&#8220;{}&#8220;][et_pb_text _builder_version=&#8220;4.17.4&#8243; _module_preset=&#8220;default&#8220; inline_fonts=&#8220;Oswald&#8220; global_colors_info=&#8220;{}&#8220;]<\/p>\n<h1 style=\"text-align: justify;\"><span style=\"font-family: Oswald; font-weight: normal; font-size: xx-large;\">Discgolf<\/span><\/h1>\n<p>Discgolf oder Frisbeegolf ist eine Variante des \u00a0Golf spielens &#8211; allerdings ohne Ball und Schl\u00e4ger. Man nimmt anstelle eines Balls eine Frisbeescheibe (Disc). Genau wie beim richtigen Golf gibt es unterschiedliche Schwierigkeitsgrade und Hindernisse, das Ziel ist es mit so wenig wie m\u00f6glich Versuchen den Frisbee im Korb zu platzieren.<\/p>\n<p>\u201eTallbackens\u201c Discgolfbahn ist eine Bahn mit 18 K\u00f6rben in unterschiedlichen Landschaften. Offene gro\u00dfe Wiesenfl\u00e4chen einerseits und enge kurze Passagen im Wald andererseits. Es gibt H\u00f6henunterschiede,\u00a0 Wasserhindernisse und vieles mehr(in der N\u00e4he befindet sich ein See). Unsere Bahn ist etwas f\u00fcr Jeden, ob Kind oder Erwachsener, ob Anf\u00e4nger oder Profi, alle haben ihre Freude. Die K\u00f6rbe sind in einem Abstand von 50 bis 150 m angebracht.<\/p>\n<p>Unsere Discgolfbahn befindet sich am Badeplatz \u201dRoter Sand\u201c, dort ist auch ein Parkplatz.<\/p>\n<p>[\/et_pb_text][\/et_pb_column][\/et_pb_row][et_pb_row column_structure=&#8220;1_3,2_3&#8243; _builder_version=&#8220;4.16&#8243; _module_preset=&#8220;default&#8220; global_colors_info=&#8220;{}&#8220;][et_pb_column type=&#8220;1_3&#8243; _builder_version=&#8220;4.16&#8243; _module_preset=&#8220;default&#8220; global_colors_info=&#8220;{}&#8220;][et_pb_image src=&#8220;https:\/\/brevens.se\/wp-content\/uploads\/2022\/01\/IMGP4485.jpg&#8220; title_text=&#8220;IMGP4485&#8243; _builder_version=&#8220;4.17.4&#8243; _module_preset=&#8220;default&#8220; global_colors_info=&#8220;{}&#8220;][\/et_pb_image][\/et_pb_column][et_pb_column type=&#8220;2_3&#8243; _builder_version=&#8220;4.16&#8243; _module_preset=&#8220;default&#8220; global_colors_info=&#8220;{}&#8220;][et_pb_text _builder_version=&#8220;4.16&#8243; _module_preset=&#8220;default&#8220; inline_fonts=&#8220;Oswald&#8220; global_colors_info=&#8220;{}&#8220;]<\/p>\n<h1 style=\"text-align: justify;\"><span style=\"font-family: Oswald; font-weight: normal; font-size: xx-large;\">\u00a0Winter\u00a0<\/span><\/h1>\n<p>Langlauf<\/p>\n<p>Bei guter Schneelage gibt es eine landschaftlich wundersch\u00f6ne Loipe in der Umgebung von Brevens Bruk. Um diese k\u00fcmmert sich der ans\u00e4ssige Sportclub.<\/p>\n<p>Die beleuchtete Motionsstrecke und das Freiluftfittnesscenter in Kilsmo sind ebenfalls einen Besuch wert.<\/p>\n<p>Auf der alten Bahnstrecke zwischen Solberga Badeplatz und Brevens Bruk kann man auf einem der vielen Wanderwege die Natur entdecken.<\/p>\n<p>Die beleuchtete Motionsstrecke im Nachbarort H\u00f6gsj\u00f6 ist 2,5 km lang und w\u00e4hrend der Winterzeit beleuchtet bis 21.00 Uhr. Es gibt weiterhin unbeleuchtete Loipen von 5 und 7,5 km und eine kleine H\u00fctte zum Aufw\u00e4rmen.<\/p>\n<p>Schlittschuh laufen<\/p>\n<p>Wenn das Wetter es erlaubt kann man auf dem See \u201cSottern\u201c Schlittschuh laufen. Am Badeplatz \u201cSolberga \u201egibt es einen Parkplatz.<\/p>\n<p style=\"text-align: justify;\"><span style=\"font-size: large;\"><\/span><\/p>\n<p>[\/et_pb_text][\/et_pb_column][\/et_pb_row][et_pb_row column_structure=&#8220;1_3,2_3&#8243; _builder_version=&#8220;4.16&#8243; _module_preset=&#8220;default&#8220; global_colors_info=&#8220;{}&#8220;][et_pb_column type=&#8220;1_3&#8243; _builder_version=&#8220;4.16&#8243; _module_preset=&#8220;default&#8220; global_colors_info=&#8220;{}&#8220;][et_pb_image src=&#8220;https:\/\/brevens.se\/wp-content\/uploads\/2022\/01\/20220106_144704-1.jpg&#8220; title_text=&#8220;20220106_144704 (1)&#8220; _builder_version=&#8220;4.17.4&#8243; _module_preset=&#8220;default&#8220; global_colors_info=&#8220;{}&#8220;][\/et_pb_image][\/et_pb_column][et_pb_column type=&#8220;2_3&#8243; _builder_version=&#8220;4.16&#8243; _module_preset=&#8220;default&#8220; global_colors_info=&#8220;{}&#8220;][et_pb_text _builder_version=&#8220;4.16&#8243; _module_preset=&#8220;default&#8220; inline_fonts=&#8220;Oswald&#8220; global_colors_info=&#8220;{}&#8220;]<\/p>\n<h1 style=\"text-align: justify;\"><span style=\"font-family: Oswald; font-weight: normal; font-size: xx-large;\">\u00a0Mountainbike\u00a0<\/span><\/h1>\n<p>In einem Gebiet welches Ringsberg hei\u00dft gibt es Mountainbikestrecken in unterschiedlichen Schwierigkeitsgraden. Man kann z.B. am Badeplatz \u201eSolberga\u201c starten und dann den Schildern folgen, welche die unterschiedlichen Strecken und Schwierigkeitsgrade demonstrieren.<\/p>\n<p>Achtung: Mountainbikewege und Wanderwege kreuzen einander!!Macht Euch bemerkbar und nehmt R\u00fccksicht aufeinander!!<\/p>\n<p style=\"text-align: justify;\">Mehr Information unter: <a href=\"https:\/\/bergslagencycling.se\/\">https:\/\/bergslagencycling.se\/\u00a0<\/a><\/p>\n<p style=\"text-align: justify;\"><span style=\"font-size: large;\"><\/span><\/p>\n<p>[\/et_pb_text][\/et_pb_column][\/et_pb_row][et_pb_row column_structure=&#8220;1_3,2_3&#8243; _builder_version=&#8220;4.16&#8243; _module_preset=&#8220;default&#8220; global_colors_info=&#8220;{}&#8220;][et_pb_column type=&#8220;1_3&#8243; _builder_version=&#8220;4.16&#8243; _module_preset=&#8220;default&#8220; global_colors_info=&#8220;{}&#8220;][et_pb_image src=&#8220;https:\/\/brevens.se\/wp-content\/uploads\/2022\/08\/20220729_073400-scaled.jpg&#8220; title_text=&#8220;20220729_073400&#8243; _builder_version=&#8220;4.17.4&#8243; _module_preset=&#8220;default&#8220; global_colors_info=&#8220;{}&#8220;][\/et_pb_image][\/et_pb_column][et_pb_column type=&#8220;2_3&#8243; _builder_version=&#8220;4.16&#8243; _module_preset=&#8220;default&#8220; global_colors_info=&#8220;{}&#8220;][et_pb_text _builder_version=&#8220;4.16&#8243; _module_preset=&#8220;default&#8220; inline_fonts=&#8220;Oswald&#8220; global_colors_info=&#8220;{}&#8220;]<\/p>\n<h1 style=\"text-align: justify;\"><span style=\"font-family: Oswald; font-weight: normal; font-size: xx-large;\">\u00a0Fitnesscenter im Gr\u00fcnen\u00a0<\/span><\/h1>\n<p style=\"text-align: justify;\"><a href=\"https:\/\/bergslagencycling.se\/\"><\/a><\/p>\n<div dir=\"auto\" style=\"text-align: justify;\"><span style=\"color: #554433; font-size: 18px;\">Direkt neben unserem B\u00fcro umgeben von einer Steinmauer ist ein Fitnesscenter im\u201c Gr\u00fcnen\u201d. Dort sind verschiedene Maschinen aufgestellt und im Hintergrund ist eine Tennisbahn.<\/span><\/div>\n<p style=\"text-align: justify;\"><a href=\"https:\/\/bergslagencycling.se\/\">\u00a0<\/a><\/p>\n<p style=\"text-align: justify;\"><span style=\"font-size: large;\"><\/span><\/p>\n<p>[\/et_pb_text][\/et_pb_column][\/et_pb_row][\/et_pb_section]<\/p>\n","protected":false},"excerpt":{"rendered":"<p>Discgolf Discgolf oder Frisbeegolf ist eine Variante des \u00a0Golf spielens &#8211; allerdings ohne Ball und Schl\u00e4ger. Man nimmt anstelle eines Balls eine Frisbeescheibe (Disc). Genau wie beim richtigen Golf gibt es unterschiedliche Schwierigkeitsgrade und Hindernisse, das Ziel ist es mit so wenig wie m\u00f6glich Versuchen den Frisbee im Korb zu platzieren. \u201eTallbackens\u201c Discgolfbahn ist eine [&hellip;]<\/p>\n","protected":false},"author":3,"featured_media":0,"parent":0,"menu_order":0,"comment_status":"closed","ping_status":"closed","template":"","meta":{"_et_pb_use_builder":"on","_et_pb_old_content":"","_et_gb_content_width":""},"_links":{"self":[{"href":"https:\/\/brevens.se\/de\/wp-json\/wp\/v2\/pages\/6404"}],"collection":[{"href":"https:\/\/brevens.se\/de\/wp-json\/wp\/v2\/pages"}],"about":[{"href":"https:\/\/brevens.se\/de\/wp-json\/wp\/v2\/types\/page"}],"author":[{"embeddable":true,"href":"https:\/\/brevens.se\/de\/wp-json\/wp\/v2\/users\/3"}],"replies":[{"embeddable":true,"href":"https:\/\/brevens.se\/de\/wp-json\/wp\/v2\/comments?post=6404"}],"version-history":[{"count":25,"href":"https:\/\/brevens.se\/de\/wp-json\/wp\/v2\/pages\/6404\/revisions"}],"predecessor-version":[{"id":10067,"href":"https:\/\/brevens.se\/de\/wp-json\/wp\/v2\/pages\/6404\/revisions\/10067"}],"wp:attachment":[{"href":"https:\/\/brevens.se\/de\/wp-json\/wp\/v2\/media?parent=6404"}],"curies":[{"name":"wp","href":"https:\/\/api.w.org\/{rel}","templated":true}]}}