{"id":6412,"date":"2022-02-18T11:57:02","date_gmt":"2022-02-18T10:57:02","guid":{"rendered":"https:\/\/brevens.se\/natur\/"},"modified":"2025-07-31T11:46:11","modified_gmt":"2025-07-31T09:46:11","slug":"natur","status":"publish","type":"page","link":"https:\/\/brevens.se\/de\/natur\/","title":{"rendered":"Natur"},"content":{"rendered":"<p>[et_pb_section fb_built=&#8220;1&#8243; fullwidth=&#8220;on&#8220; admin_label=&#8220;Coffee Hero Section&#8220; _builder_version=&#8220;4.16&#8243; custom_padding=&#8220;0|0px|0|0px&#8220; top_divider_color=&#8220;#e09900&#8243; bottom_divider_style=&#8220;slant&#8220; bottom_divider_color=&#8220;#fffcf2&#8243; locked=&#8220;off&#8220; global_colors_info=&#8220;{}&#8220;][et_pb_fullwidth_image _builder_version=&#8220;4.16&#8243; background_color_gradient_direction=&#8220;360deg&#8220; background_image=&#8220;https:\/\/brevens.se\/wp-content\/uploads\/2018\/04\/hero.jpg&#8220; custom_padding=&#8220;150px||50px|&#8220; filter_sepia=&#8220;50%&#8220; custom_css_main_element=&#8220;filter: none;||height: 0px;&#8220; global_colors_info=&#8220;{}&#8220;][\/et_pb_fullwidth_image][\/et_pb_section][et_pb_section fb_built=&#8220;1&#8243; _builder_version=&#8220;4.16&#8243; _module_preset=&#8220;default&#8220; background_color=&#8220;#fffcf2&#8243; global_colors_info=&#8220;{}&#8220;][et_pb_row column_structure=&#8220;3_5,2_5&#8243; _builder_version=&#8220;4.16&#8243; _module_preset=&#8220;default&#8220; global_colors_info=&#8220;{}&#8220;][et_pb_column type=&#8220;3_5&#8243; _builder_version=&#8220;4.16&#8243; _module_preset=&#8220;default&#8220; global_colors_info=&#8220;{}&#8220;][et_pb_text _builder_version=&#8220;4.16&#8243; _module_preset=&#8220;default&#8220; inline_fonts=&#8220;Oswald&#8220; global_colors_info=&#8220;{}&#8220;]<\/p>\n<h1><span style=\"font-family: Oswald; font-weight: normal;\">\u00a0Der Wald\u00a0<\/span><\/h1>\n<p>Brevens Bruk hat gro\u00dfe Waldfl\u00e4chen mit endlosen Mooren, tiefen S\u00fcmpfen und vielen Felsen. Es gibt Gebiete mit alten Kiefernbest\u00e4nden, welches nicht sehr typisch f\u00fcr diese Gegend ist. Ein gro\u00dfes Sumpfgebiet-\u201cStormossen\u201c- ist jedes Jahr Schauplatz f\u00fcr die Balz der Birkh\u00fchner.<\/p>\n<p>Man kann Beeren und Pilze sammeln, Blumen f\u00fcr den eigenen Bedarf pfl\u00fccken. Das Entnehmen von gesch\u00fctzten Arten ist strengstens verboten !<\/p>\n<p style=\"text-align: justify;\">\n<p style=\"text-align: justify;\">\n<p>[\/et_pb_text][\/et_pb_column][et_pb_column type=&#8220;2_5&#8243; _builder_version=&#8220;4.16&#8243; _module_preset=&#8220;default&#8220; global_colors_info=&#8220;{}&#8220;][et_pb_image src=&#8220;https:\/\/brevens.se\/wp-content\/uploads\/2022\/02\/Skogen.jpg&#8220; title_text=&#8220;Skogen&#8220; _builder_version=&#8220;4.16&#8243; _module_preset=&#8220;default&#8220; filter_saturate=&#8220;76%&#8220; filter_brightness=&#8220;118%&#8220; global_colors_info=&#8220;{}&#8220;][\/et_pb_image][\/et_pb_column][\/et_pb_row][et_pb_row column_structure=&#8220;2_5,3_5&#8243; _builder_version=&#8220;4.16&#8243; _module_preset=&#8220;default&#8220; global_colors_info=&#8220;{}&#8220;][et_pb_column type=&#8220;2_5&#8243; _builder_version=&#8220;4.16&#8243; _module_preset=&#8220;default&#8220; global_colors_info=&#8220;{}&#8220;][et_pb_image src=&#8220;https:\/\/brevens.se\/wp-content\/uploads\/2022\/01\/Hemsida-sport-motion-1.jpg&#8220; title_text=&#8220;Hemsida sport motion&#8220; _builder_version=&#8220;4.16&#8243; _module_preset=&#8220;default&#8220; global_colors_info=&#8220;{}&#8220;][\/et_pb_image][\/et_pb_column][et_pb_column type=&#8220;3_5&#8243; _builder_version=&#8220;4.16&#8243; _module_preset=&#8220;default&#8220; global_colors_info=&#8220;{}&#8220;][et_pb_text _builder_version=&#8220;4.17.4&#8243; _module_preset=&#8220;default&#8220; inline_fonts=&#8220;Oswald&#8220; global_colors_info=&#8220;{}&#8220;]<\/p>\n<div class=\"et_pb_module et_pb_text et_pb_text_0  et_pb_text_align_left et_pb_bg_layout_light\">\n<div class=\"et_pb_text_inner\">\n<h1><span style=\"font-family: Oswald; font-weight: normal;\">\u00a0Wandern\u00a0<\/span><\/h1>\n<p style=\"text-align: justify;\"><span style=\"font-size: large;\"><strong>Ringsbergsleden,<\/strong><\/span><u style=\"font-size: 18px; text-align: left;\">\u00a0Vorschlag Nr.1<\/u><\/p>\n<p>12 km Wanderweg, beginnend in Solberga am Badeplatz -vorbei Brevens Bruk nach \u201eR\u00f6da Sand \u201dist markiert mit orangen Ringen an Holzpf\u00e4hlen. Die Strecke f\u00fchrt am See \u201cSottern\u201c vorbei, wo sich mehrere kleine Schutzh\u00fctten befinden. Wenn man eine Rundschlinge wandern will geht man durch den Idyllischen Ort Brevens Bruk zur\u00fcck nach Solberga, der R\u00fcckweg ist blau markiert (18 km).<\/p>\n<p>Wanderkarte Ringsbergsleden:<span style=\"font-size: 18px; background-color: #fffcf2;\">\u00a0<\/span><a title=\"Karta Ringsbergsleden\" href=\"https:\/\/om-naturkartan.s3.eu-west-1.amazonaws.com\/uploads\/production\/site_pdf\/file\/816\/Ringsbergsleden1.pdf\" target=\"_blank\" rel=\"noopener\" style=\"font-size: 18px; background-color: #fffcf2;\">Karta Ringsbergsleden<\/a><\/p>\n<p style=\"text-align: justify;\"><span style=\"font-size: large;\"><strong>Dalen, Brevens Bruk,<\/strong><\/span><u style=\"font-size: 18px; text-align: left;\">\u00a0Vorschlag Nr.2<\/u><\/p>\n<p>6 km lange Rundschlinge, beginnt am Badeplatz \u201eR\u00f6da Sand\u201c<\/p>\n<p>Wanderkarte: <span style=\"font-size: 18px; background-color: #fffcf2;\">\u00a0<\/span><a href=\"https:\/\/idrottonline.se\/BrevensIF-Friidrott\/globalassets\/brevens-if---friidrott\/dokument\/karta_dalenrundan.pdf\" target=\"_blank\" rel=\"noopener\" style=\"font-size: 18px; background-color: #fffcf2;\">Karta Dalen<\/a><\/p>\n<p style=\"text-align: justify;\"><span style=\"font-size: large;\"><strong>Gr\u00e4vsj\u00f6n runt, H\u00f6gsj\u00f6<\/strong><\/span><\/p>\n<p>Rundwanderweg, 4 km am See entlang und durch die Gemeinde H\u00f6gsj\u00f6<\/p>\n<p>Wanderkarte<span style=\"font-size: 18px; background-color: #fffcf2;\">: <\/span><a href=\"https:\/\/www.naturkartan.se\/sv\/vingaker\/gravsjon-runt\" target=\"_blank\" rel=\"noopener\" style=\"font-size: 18px; background-color: #fffcf2;\">Karta Gr\u00e4vsj\u00f6n<\/a><\/p>\n<p style=\"text-align: justify;\"><span style=\"font-size: large;\"><strong>Beleuchtete Motionsstrecken<\/strong><\/span><\/p>\n<p>In der Nachbargemeinde Kilsmo gibt es eine 2 km lange beleuchtete Motionsstrecke.<\/p>\n<p>In H\u00f6gsj\u00f6, einer anderen Nachbargemeinde, ist der beleuchtete teil 2,5 km lang. In der Wintersaison ist die Strecke als Loipe ausgewiesen und bis 21 Uhr beleuchtet. Es gibt weiterhin 2 andere unbeleuchtete Loipen von 4 bzw. 6 km L\u00e4nge.<\/p>\n<p style=\"text-align: justify;\">\n<p style=\"text-align: justify;\">\n<\/div>\n<\/div>\n<p>[\/et_pb_text][\/et_pb_column][\/et_pb_row][et_pb_row column_structure=&#8220;2_5,3_5&#8243; _builder_version=&#8220;4.16&#8243; _module_preset=&#8220;default&#8220; global_colors_info=&#8220;{}&#8220;][et_pb_column type=&#8220;2_5&#8243; _builder_version=&#8220;4.16&#8243; _module_preset=&#8220;default&#8220; global_colors_info=&#8220;{}&#8220;][et_pb_image src=&#8220;https:\/\/brevens.se\/wp-content\/uploads\/2022\/02\/Brevens-tallskogar-1.jpg&#8220; title_text=&#8220;Brevens tallskogar&#8220; _builder_version=&#8220;4.16&#8243; _module_preset=&#8220;default&#8220; global_colors_info=&#8220;{}&#8220;][\/et_pb_image][\/et_pb_column][et_pb_column type=&#8220;3_5&#8243; _builder_version=&#8220;4.16&#8243; _module_preset=&#8220;default&#8220; global_colors_info=&#8220;{}&#8220;][et_pb_text _builder_version=&#8220;4.17.4&#8243; _module_preset=&#8220;default&#8220; inline_fonts=&#8220;Oswald&#8220; global_colors_info=&#8220;{}&#8220;]<\/p>\n<h1><span style=\"font-family: Oswald; font-weight: normal;\">\u00a0Brevens Kiefernw\u00e4lder\u00a0<\/span><\/h1>\n<p>\u201eBrevens Kiefernw\u00e4lder\u201c sind ein gro\u00dfes zusammenh\u00e4ngendes Naturreservat. Da das Gebiet abseits von gro\u00dfen Stra\u00dfen liegt kann man hier die absolute Ruhe genie\u00dfen. Alte knorrige Kiefern wechseln sich ab mit tiefblauen Seen und endlosen S\u00fcmpfen.<\/p>\n<p>Karte Naturreservat:<a href=\"https:\/\/www.lansstyrelsen.se\/download\/18.610163bd1708581f88017ec\/1630078122465\/Faktablad_Brevens_tallskogar.pdf\" target=\"_blank\" rel=\"noopener\">Ladda ner karta h\u00e4r.<\/a><\/p>\n<p>[\/et_pb_text][\/et_pb_column][\/et_pb_row][et_pb_row column_structure=&#8220;3_5,2_5&#8243; _builder_version=&#8220;4.16&#8243; _module_preset=&#8220;default&#8220; global_colors_info=&#8220;{}&#8220;][et_pb_column type=&#8220;3_5&#8243; _builder_version=&#8220;4.16&#8243; _module_preset=&#8220;default&#8220; global_colors_info=&#8220;{}&#8220;][et_pb_text _builder_version=&#8220;4.16&#8243; _module_preset=&#8220;default&#8220; inline_fonts=&#8220;Oswald&#8220; global_colors_info=&#8220;{}&#8220;]<\/p>\n<h1>\u00a0<span style=\"font-family: Oswald; font-weight: normal;\">Grillpl\u00e4tze &amp; Schutzh\u00fctten\u00a0\u00a0<\/span><\/h1>\n<p>In der Umgebung von Brevens Bruk gibt es eine Anzahl an Grillpl\u00e4tzen und Schutzh\u00fctten, hier sind einige Beispiele:<\/p>\n<ul>\n<li aria-level=\"2\"><span style=\"font-size: large;\">R\u00f6da Sand, Brevens Bruk\u00a0<\/span><\/li>\n<li><span style=\"font-size: large;\">\u00c4sb\u00e4cken, Ringsbergsleden<\/span><\/li>\n<li aria-level=\"2\"><span style=\"font-size: large;\">Solberga, Kilsmo<\/span><\/li>\n<li aria-level=\"2\"><span style=\"font-size: large;\">H\u00f6gsj\u00f6badet, H\u00f6gsj\u00f6<\/span><\/li>\n<li aria-level=\"2\"><span style=\"font-size: large;\">Hunnebergsfallet, Brevens Bruk( sehenswert)<\/span><\/li>\n<\/ul>\n<p>[\/et_pb_text][\/et_pb_column][et_pb_column type=&#8220;2_5&#8243; _builder_version=&#8220;4.16&#8243; _module_preset=&#8220;default&#8220; global_colors_info=&#8220;{}&#8220;][et_pb_image src=&#8220;https:\/\/brevens.se\/wp-content\/uploads\/2022\/02\/1594028189.jpg&#8220; title_text=&#8220;1594028189&#8243; _builder_version=&#8220;4.16&#8243; _module_preset=&#8220;default&#8220; global_colors_info=&#8220;{}&#8220;][\/et_pb_image][\/et_pb_column][\/et_pb_row][et_pb_row column_structure=&#8220;3_5,2_5&#8243; _builder_version=&#8220;4.16&#8243; _module_preset=&#8220;default&#8220; global_colors_info=&#8220;{}&#8220;][et_pb_column type=&#8220;3_5&#8243; _builder_version=&#8220;4.16&#8243; _module_preset=&#8220;default&#8220; global_colors_info=&#8220;{}&#8220;][et_pb_text _builder_version=&#8220;4.16&#8243; _module_preset=&#8220;default&#8220; inline_fonts=&#8220;Oswald&#8220; global_colors_info=&#8220;{}&#8220;]<\/p>\n<h1>\u00a0<span style=\"font-family: Oswald; font-weight: normal;\">Badepl\u00e4tze\u00a0<\/span><\/h1>\n<p>Es gibt einige sehr sch\u00f6ne Badepl\u00e4tze in der Umgebung.<\/p>\n<p><strong>R\u00f6da Sand<\/strong><\/p>\n<p>-S\u00fcdlich von Brevens Bruk am See \u201eBotaren\u201c, hier gibt es Umkleidekabinen, einen Grillplatz, Toiletten, gro\u00dfe Wiesenfl\u00e4chen, geeignet f\u00fcr Kinder<\/p>\n<p><strong>Solberga<\/strong><\/p>\n<p>-am See \u201eSottern\u201c s\u00fcdlich von Kilsmo, hier gibt es Umkleidekabinen, einen Grillplatz, Toiletten und einen Steg, f\u00fcr Kinder geeignet<\/p>\n<p><strong>H\u00f6gsj\u00f6<\/strong><\/p>\n<p>-am See \u201eGr\u00e4vsj\u00f6n\u201c liegt \u201eH\u00f6gsj\u00f6badet\u201d mit Sprungturm und allen Annehmlichkeiten<\/p>\n<p>\u00a0<span style=\"font-size: large; color: #666666;\"><\/span><\/p>\n<p>&nbsp;<\/p>\n<ul><\/ul>\n<p>[\/et_pb_text][\/et_pb_column][et_pb_column type=&#8220;2_5&#8243; _builder_version=&#8220;4.16&#8243; _module_preset=&#8220;default&#8220; global_colors_info=&#8220;{}&#8220;][et_pb_image src=&#8220;https:\/\/brevens.se\/wp-content\/uploads\/2022\/02\/Roda-Sand.jpg&#8220; title_text=&#8220;R\u00f6da Sand&#8220; _builder_version=&#8220;4.17.4&#8243; _module_preset=&#8220;default&#8220; global_colors_info=&#8220;{}&#8220;][\/et_pb_image][\/et_pb_column][\/et_pb_row][\/et_pb_section]<\/p>\n","protected":false},"excerpt":{"rendered":"<p>\u00a0Der Wald\u00a0 Brevens Bruk hat gro\u00dfe Waldfl\u00e4chen mit endlosen Mooren, tiefen S\u00fcmpfen und vielen Felsen. Es gibt Gebiete mit alten Kiefernbest\u00e4nden, welches nicht sehr typisch f\u00fcr diese Gegend ist. Ein gro\u00dfes Sumpfgebiet-\u201cStormossen\u201c- ist jedes Jahr Schauplatz f\u00fcr die Balz der Birkh\u00fchner. Man kann Beeren und Pilze sammeln, Blumen f\u00fcr den eigenen Bedarf pfl\u00fccken. Das Entnehmen [&hellip;]<\/p>\n","protected":false},"author":3,"featured_media":0,"parent":0,"menu_order":0,"comment_status":"closed","ping_status":"closed","template":"","meta":{"_et_pb_use_builder":"on","_et_pb_old_content":"","_et_gb_content_width":""},"_links":{"self":[{"href":"https:\/\/brevens.se\/de\/wp-json\/wp\/v2\/pages\/6412"}],"collection":[{"href":"https:\/\/brevens.se\/de\/wp-json\/wp\/v2\/pages"}],"about":[{"href":"https:\/\/brevens.se\/de\/wp-json\/wp\/v2\/types\/page"}],"author":[{"embeddable":true,"href":"https:\/\/brevens.se\/de\/wp-json\/wp\/v2\/users\/3"}],"replies":[{"embeddable":true,"href":"https:\/\/brevens.se\/de\/wp-json\/wp\/v2\/comments?post=6412"}],"version-history":[{"count":33,"href":"https:\/\/brevens.se\/de\/wp-json\/wp\/v2\/pages\/6412\/revisions"}],"predecessor-version":[{"id":8034,"href":"https:\/\/brevens.se\/de\/wp-json\/wp\/v2\/pages\/6412\/revisions\/8034"}],"wp:attachment":[{"href":"https:\/\/brevens.se\/de\/wp-json\/wp\/v2\/media?parent=6412"}],"curies":[{"name":"wp","href":"https:\/\/api.w.org\/{rel}","templated":true}]}}