{"id":8158,"date":"2025-08-01T11:21:49","date_gmt":"2025-08-01T09:21:49","guid":{"rendered":"https:\/\/brevens.se\/viken\/"},"modified":"2025-10-22T14:24:01","modified_gmt":"2025-10-22T12:24:01","slug":"viken","status":"publish","type":"page","link":"https:\/\/brevens.se\/de\/viken\/","title":{"rendered":"Viken"},"content":{"rendered":"<p>[et_pb_section fb_built=&#8220;1&#8243; fullwidth=&#8220;on&#8220; admin_label=&#8220;Coffee Hero Section&#8220; _builder_version=&#8220;4.17.4&#8243; custom_padding=&#8220;0|0px|0|0px&#8220; top_divider_color=&#8220;#e09900&#8243; locked=&#8220;off&#8220; global_colors_info=&#8220;{}&#8220;][et_pb_fullwidth_image _builder_version=&#8220;4.16&#8243; background_color_gradient_direction=&#8220;360deg&#8220; background_image=&#8220;https:\/\/brevens.se\/wp-content\/uploads\/2018\/04\/hero.jpg&#8220; custom_padding=&#8220;150px||50px|&#8220; filter_sepia=&#8220;50%&#8220; custom_css_main_element=&#8220;filter: none;||height: 0px;&#8220; global_colors_info=&#8220;{}&#8220;][\/et_pb_fullwidth_image][\/et_pb_section][et_pb_section fb_built=&#8220;1&#8243; admin_label=&#8220;Coffee Menu&#8220; module_class=&#8220;subpage-section&#8220; _builder_version=&#8220;4.16&#8243; background_color=&#8220;#fffcf2&#8243; custom_padding=&#8220;0px|0px|0px|&#8220; top_divider_style=&#8220;slant&#8220; top_divider_color=&#8220;#fffcf2&#8243; global_colors_info=&#8220;{}&#8220;][et_pb_row admin_label=&#8220;Coffee Items&#8220; _builder_version=&#8220;4.16&#8243; custom_margin=&#8220;|||&#8220; custom_padding=&#8220;60px|0px|20px|0px||&#8220; locked=&#8220;off&#8220; global_colors_info=&#8220;{}&#8220;][et_pb_column type=&#8220;4_4&#8243; _builder_version=&#8220;4.16&#8243; custom_padding=&#8220;|||&#8220; global_colors_info=&#8220;{}&#8220; custom_padding__hover=&#8220;|||&#8220;][et_pb_image src=&#8220;https:\/\/brevens.se\/wp-content\/uploads\/2025\/10\/Viken-Header.png&#8220; title_text=&#8220;Viken Header&#8220; align=&#8220;center&#8220; force_fullwidth=&#8220;on&#8220; _builder_version=&#8220;4.17.4&#8243; _module_preset=&#8220;default&#8220; global_colors_info=&#8220;{}&#8220;][\/et_pb_image][et_pb_text admin_label=&#8220;Jordbruket&#8220; _builder_version=&#8220;4.17.4&#8243; text_font=&#8220;Nunito||||||||&#8220; text_font_size=&#8220;18px&#8220; text_line_height=&#8220;1.8em&#8220; header_font=&#8220;Playfair Display||||||||&#8220; header_text_align=&#8220;left&#8220; header_text_color=&#8220;#000000&#8243; header_font_size=&#8220;43px&#8220; header_line_height=&#8220;1.7em&#8220; header_2_font=&#8220;Playfair Display||||||||&#8220; header_2_text_color=&#8220;#000000&#8243; header_3_font=&#8220;Playfair Display|600|||||||&#8220; header_3_font_size=&#8220;40px&#8220; global_colors_info=&#8220;{}&#8220;]<\/p>\n<h3 class=\"h1\">Viken<\/h3>\n<p>&nbsp;<\/p>\n<p style=\"text-align: justify;\">Unser Ferienhaus &#8222;Viken&#8220; wurde im Jahr 2022 komplett renoviert. Es entstanden 2 Wohnungen mit je 4 Betten, bei Bedarf kann man die Verbindungst\u00fcr \u00f6ffnen und das gesamte Haus nutzen. Jede Wohnung hat eine voll ausgestattete K\u00fcche mit Wohnzimmerteil, 2 Schlafzimmer, ein Badezimmer und eine eingeglaste Veranda.Von dieser hat man einen fantastischen Blick auf den See- egal ob die Sonne scheint oder ob es regnet-es ist immer ein Erlebnis dort zu sitzen und die Natur zu beobachten.<\/p>\n<p style=\"text-align: justify;\">Nutzen Sie die Waldfl\u00e4chen ringsherum zum Sammeln von Beeren und Pilzen oder besuchen Sie eines der Naturreservate in der n\u00e4heren Umgebung. Wir w\u00fcnschen Ihnen erholsame Urlaubstage in unserer sch\u00f6nen Umgebung !<\/p>\n<p>Der Preis ist ohne Bettw\u00e4sche\/Handt\u00fccher und Endreinigung. Dieses kann gegen Aufpreis dazu gebucht werden.<\/p>\n<p>Kontaktieren Sie uns f\u00fcr weitere Informationen oder Buchung:<br \/>Telefon\u00a0<a href=\"tel:019-585850\">019 \u2013 58 58 50<\/a><br \/>E-post:\u00a0<a href=\"mailto:bbab@brevens.se\">bbab@brevens.se<\/a><\/p>\n<p>[\/et_pb_text][et_pb_code _builder_version=&#8220;4.17.4&#8243; _module_preset=&#8220;default&#8220; background_color=&#8220;RGBA(255,255,255,0)&#8220; custom_margin=&#8220;||-50px||false|false&#8220; custom_padding=&#8220;||0px||false|false&#8220; global_colors_info=&#8220;{}&#8220;]<script async src=\"https:\/\/secured.sirvoy.com\/widget\/sirvoy.js\" data-form-id=\"8a2049fb4a6c9202\" data-lang=\"sv\" data-wp-plugin-version=\"4.0\"><\/script>[\/et_pb_code][\/et_pb_column][\/et_pb_row][et_pb_row _builder_version=&#8220;4.17.4&#8243; _module_preset=&#8220;default&#8220; global_colors_info=&#8220;{}&#8220;][et_pb_column type=&#8220;4_4&#8243; _builder_version=&#8220;4.17.4&#8243; _module_preset=&#8220;default&#8220; global_colors_info=&#8220;{}&#8220;][et_pb_gallery gallery_ids=&#8220;8059,5035,5038,5044,5026,5020,5023,5047,5014,5054,5017,5050,9806&#8243; posts_number=&#8220;8&#8243; show_title_and_caption=&#8220;off&#8220; _builder_version=&#8220;4.17.4&#8243; _module_preset=&#8220;default&#8220; global_colors_info=&#8220;{}&#8220;][\/et_pb_gallery][\/et_pb_column][\/et_pb_row][et_pb_row admin_label=&#8220;Coffee Items&#8220; _builder_version=&#8220;4.16&#8243; custom_margin=&#8220;|||&#8220; custom_padding=&#8220;60px|0px|20px|0px||&#8220; locked=&#8220;off&#8220; global_colors_info=&#8220;{}&#8220;][et_pb_column type=&#8220;4_4&#8243; _builder_version=&#8220;4.16&#8243; custom_padding=&#8220;|||&#8220; global_colors_info=&#8220;{}&#8220; custom_padding__hover=&#8220;|||&#8220;][et_pb_text _builder_version=&#8220;4.17.4&#8243; _module_preset=&#8220;default&#8220; global_colors_info=&#8220;{}&#8220;]<\/p>\n<p style=\"text-align: center;\"><strong>In jedem Haus gibt es:<\/strong><\/p>\n<table style=\"width: 100%; border-collapse: collapse; border-style: none;\">\n<tbody>\n<tr>\n<td style=\"width: 33.3333%;\">\n<ul>\n<li style=\"text-align: left;\"><span style=\"font-size: large;\">Wifi<\/span><\/li>\n<li style=\"text-align: left;\"><span style=\"font-size: large;\">Parkplatz<\/span><\/li>\n<li style=\"text-align: left;\"><span style=\"font-size: large;\">Seeblick<\/span><\/li>\n<li style=\"text-align: left;\"><span style=\"font-size: large;\">Grill<\/span><\/li>\n<li style=\"text-align: left;\"><span style=\"font-size: large;\">Smart TV<\/span><\/li>\n<li style=\"text-align: left;\"><span style=\"font-size: large;\">Aussenbereich<\/span><\/li>\n<li><span style=\"font-size: large;\">Motorboot<\/span><\/li>\n<\/ul>\n<\/td>\n<td style=\"width: 33.3333%; text-align: left;\">\n<ul>\n<li><span style=\"font-size: large;\">Geschirrsp\u00fcler<\/span><\/li>\n<li><span style=\"font-size: large;\">Wasserkocher<\/span><\/li>\n<li><span style=\"font-size: large;\">Kaffeemaschine<\/span><\/li>\n<li><span style=\"font-size: large;\">Herd <\/span><\/li>\n<li><span style=\"font-size: large;\">K\u00fchl- und Gefrierschrank<\/span><\/li>\n<li><span style=\"font-size: large;\">Mikrowelle<\/span><\/li>\n<li><span style=\"font-size: large;\">Staubsauger<\/span><\/li>\n<\/ul>\n<\/td>\n<td style=\"width: 33.3333%;\">\n<p>&nbsp;<\/p>\n<ul>\n<li><span style=\"font-size: large;\">K\u00fcche<\/span><\/li>\n<li><span style=\"font-size: large;\">Wohnzimmer<\/span><\/li>\n<li><span style=\"font-size: large;\">Badezimmer<\/span><\/li>\n<li><span style=\"font-size: large;\">Schlafzimmer 1 mit zwei Einzelbetten<\/span><\/li>\n<li><span style=\"font-size: large;\">Schlafzimmer 2 mit zwei Einzelbetten<\/span><\/li>\n<li><span style=\"font-size: large;\">eingeglaste Veranda<\/span><\/li>\n<li><span style=\"font-size: large;\">Bootsrampe &amp; Bootssteg<\/span><\/li>\n<\/ul>\n<\/td>\n<\/tr>\n<\/tbody>\n<\/table>\n<p>[\/et_pb_text][et_pb_text _builder_version=&#8220;4.17.4&#8243; _module_preset=&#8220;default&#8220; global_colors_info=&#8220;{}&#8220;]<\/p>\n<table style=\"width: 100%; border-collapse: collapse; border-style: none;\">\n<tbody>\n<tr>\n<td style=\"width: 33.3333%;\">\n<p style=\"text-align: center;\"><strong>Hausordnung<\/strong><\/p>\n<ul>\n<li><span style=\"font-size: large;\">Check-in ab 14:00\u00a0Uhr<\/span><\/li>\n<li><span style=\"font-size: large;\">Check-out vor 11:00 Uhr<\/span><\/li>\n<li><span style=\"font-size: large;\">Mindestalter f\u00fcr die Miete: 18 Jahre<\/span><\/li>\n<li><span style=\"font-size: large;\">Haustiere erlaubt<\/span><\/li>\n<li><span style=\"font-size: large;\">Rauchen ist nicht gestattet<\/span><\/li>\n<\/ul>\n<p>&nbsp;<\/p>\n<\/td>\n<td style=\"width: 33.3333%; text-align: left;\">\n<p style=\"text-align: center;\"><strong>In der Umgebung<\/strong><\/p>\n<ul>\n<li><span style=\"font-size: large;\">Solberga strand 1,8 km<\/span><\/li>\n<li><span style=\"font-size: large;\">R\u00f6da Sand 7,6 km<\/span><\/li>\n<li><span style=\"font-size: large;\">Brevensg\u00e5rden Pub &amp; Restaurang 5 km<\/span><\/li>\n<li><span style=\"font-size: large;\">Brevens Caf\u00e9 &amp; Butik 5 km<\/span><\/li>\n<\/ul>\n<p>&nbsp;<\/p>\n<\/td>\n<td style=\"width: 33.3333%;\">\n<p style=\"text-align: center;\"><strong>Ausflug<\/strong><strong><\/strong><\/p>\n<p style=\"text-align: center;\"><strong><\/strong><\/p>\n<p style=\"text-align: center;\">\n<ul>\n<li><span style=\"font-size: large;\">Ving\u00e5ker Factory Outlet 24 km<\/span><\/li>\n<li><span style=\"font-size: large;\">S\u00e4fstaholm Slott<\/span><\/li>\n<li><span style=\"font-size: large;\">Gustavsvik 56 km<\/span><\/li>\n<li><span style=\"font-size: large;\">\u00d6rebro slott 58 km<\/span><\/li>\n<li><span style=\"font-size: large;\">Marieberg K\u00f6pcentrum 54 km<\/span><\/li>\n<\/ul>\n<\/td>\n<\/tr>\n<\/tbody>\n<\/table>\n<p>[\/et_pb_text][\/et_pb_column][\/et_pb_row][\/et_pb_section][et_pb_section fb_built=&#8220;1&#8243; fullwidth=&#8220;on&#8220; _builder_version=&#8220;4.17.4&#8243; _module_preset=&#8220;default&#8220; global_colors_info=&#8220;{}&#8220;][et_pb_fullwidth_map address=&#8220;Kilsmo 509, 715 95 Kilsmo, Sverige&#8220; zoom_level=&#8220;11&#8243; address_lat=&#8220;59.0629092&#8243; address_lng=&#8220;15.5460533&#8243; _builder_version=&#8220;4.17.4&#8243; _module_preset=&#8220;default&#8220; border_width_all=&#8220;2px&#8220; global_colors_info=&#8220;{}&#8220;][et_pb_map_pin title=&#8220;Viken&#8220; pin_address=&#8220;Kilsmo 509, 715 95 Kilsmo, Sverige&#8220; zoom_level=&#8220;10&#8243; pin_address_lat=&#8220;59.0629092&#8243; pin_address_lng=&#8220;15.5460533&#8243; _builder_version=&#8220;4.17.4&#8243; _module_preset=&#8220;default&#8220; global_colors_info=&#8220;{}&#8220;]Kilsmo 509, 715 95 Kilsmo[\/et_pb_map_pin][\/et_pb_fullwidth_map][\/et_pb_section][et_pb_section fb_built=&#8220;1&#8243; _builder_version=&#8220;4.17.4&#8243; _module_preset=&#8220;default&#8220; background_color=&#8220;#fffcf2&#8243; global_colors_info=&#8220;{}&#8220;][\/et_pb_section]<\/p>\n","protected":false},"excerpt":{"rendered":"<p>Viken &nbsp; Unser Ferienhaus &#8222;Viken&#8220; wurde im Jahr 2022 komplett renoviert. Es entstanden 2 Wohnungen mit je 4 Betten, bei Bedarf kann man die Verbindungst\u00fcr \u00f6ffnen und das gesamte Haus nutzen. Jede Wohnung hat eine voll ausgestattete K\u00fcche mit Wohnzimmerteil, 2 Schlafzimmer, ein Badezimmer und eine eingeglaste Veranda.Von dieser hat man einen fantastischen Blick auf [&hellip;]<\/p>\n","protected":false},"author":3,"featured_media":0,"parent":0,"menu_order":0,"comment_status":"closed","ping_status":"closed","template":"","meta":{"_et_pb_use_builder":"on","_et_pb_old_content":"","_et_gb_content_width":""},"_links":{"self":[{"href":"https:\/\/brevens.se\/de\/wp-json\/wp\/v2\/pages\/8158"}],"collection":[{"href":"https:\/\/brevens.se\/de\/wp-json\/wp\/v2\/pages"}],"about":[{"href":"https:\/\/brevens.se\/de\/wp-json\/wp\/v2\/types\/page"}],"author":[{"embeddable":true,"href":"https:\/\/brevens.se\/de\/wp-json\/wp\/v2\/users\/3"}],"replies":[{"embeddable":true,"href":"https:\/\/brevens.se\/de\/wp-json\/wp\/v2\/comments?post=8158"}],"version-history":[{"count":24,"href":"https:\/\/brevens.se\/de\/wp-json\/wp\/v2\/pages\/8158\/revisions"}],"predecessor-version":[{"id":10296,"href":"https:\/\/brevens.se\/de\/wp-json\/wp\/v2\/pages\/8158\/revisions\/10296"}],"wp:attachment":[{"href":"https:\/\/brevens.se\/de\/wp-json\/wp\/v2\/media?parent=8158"}],"curies":[{"name":"wp","href":"https:\/\/api.w.org\/{rel}","templated":true}]}}