{"id":8177,"date":"2025-08-01T11:28:40","date_gmt":"2025-08-01T09:28:40","guid":{"rendered":"https:\/\/brevens.se\/talludden\/"},"modified":"2025-10-22T14:26:20","modified_gmt":"2025-10-22T12:26:20","slug":"talludden","status":"publish","type":"page","link":"https:\/\/brevens.se\/de\/talludden\/","title":{"rendered":"Talludden"},"content":{"rendered":"<p>[et_pb_section fb_built=&#8220;1&#8243; fullwidth=&#8220;on&#8220; admin_label=&#8220;Coffee Hero Section&#8220; _builder_version=&#8220;4.17.4&#8243; custom_padding=&#8220;0|0px|0|0px&#8220; top_divider_color=&#8220;#e09900&#8243; locked=&#8220;off&#8220; global_colors_info=&#8220;{}&#8220;][et_pb_fullwidth_image _builder_version=&#8220;4.16&#8243; background_color_gradient_direction=&#8220;360deg&#8220; background_image=&#8220;https:\/\/brevens.se\/wp-content\/uploads\/2018\/04\/hero.jpg&#8220; custom_padding=&#8220;150px||50px|&#8220; filter_sepia=&#8220;50%&#8220; custom_css_main_element=&#8220;filter: none;||height: 0px;&#8220; global_colors_info=&#8220;{}&#8220;][\/et_pb_fullwidth_image][\/et_pb_section][et_pb_section fb_built=&#8220;1&#8243; admin_label=&#8220;Coffee Menu&#8220; module_class=&#8220;subpage-section&#8220; _builder_version=&#8220;4.17.4&#8243; background_color=&#8220;#fffcf2&#8243; custom_padding=&#8220;0px|0px|0px|&#8220; top_divider_color=&#8220;#fffcf2&#8243; global_colors_info=&#8220;{}&#8220;][et_pb_row admin_label=&#8220;Coffee Items&#8220; _builder_version=&#8220;4.16&#8243; custom_margin=&#8220;|||&#8220; custom_padding=&#8220;60px|0px|60px|0px&#8220; locked=&#8220;off&#8220; global_colors_info=&#8220;{}&#8220;][et_pb_column type=&#8220;4_4&#8243; _builder_version=&#8220;4.16&#8243; custom_padding=&#8220;|||&#8220; global_colors_info=&#8220;{}&#8220; custom_padding__hover=&#8220;|||&#8220;][et_pb_image src=&#8220;https:\/\/brevens.se\/wp-content\/uploads\/2025\/10\/Talludden-header.png&#8220; title_text=&#8220;Talludden header&#8220; force_fullwidth=&#8220;on&#8220; _builder_version=&#8220;4.17.4&#8243; _module_preset=&#8220;default&#8220; global_colors_info=&#8220;{}&#8220;][\/et_pb_image][et_pb_text admin_label=&#8220;Jordbruket&#8220; _builder_version=&#8220;4.17.4&#8243; text_font=&#8220;Nunito||||||||&#8220; text_font_size=&#8220;18px&#8220; text_line_height=&#8220;1.8em&#8220; header_font=&#8220;Playfair Display|500|||||||&#8220; header_text_align=&#8220;left&#8220; header_text_color=&#8220;#000000&#8243; header_font_size=&#8220;40px&#8220; header_line_height=&#8220;1.7em&#8220; header_3_font=&#8220;Playfair Display||||||||&#8220; header_3_font_size=&#8220;40px&#8220; global_colors_info=&#8220;{}&#8220;]<\/p>\n<h3 class=\"h1\">Talludden<\/h3>\n<p>&nbsp;<\/p>\n<p style=\"text-align: justify;\">Das Ferienhaus liegt ein wenig au\u00dferhalb von Brevens Bruk, direkt am Brevensflu\u03b2 und in unmittelbarer N\u00e4he des Badplatzes \u201eR\u00f6da Sand\u201c. Besonders beliebt bei Familien mit kleineren Kindern. Das Haus hat insgesamt 6 Betten, 1 Doppelbett und 2 Doppelstockbetten, K\u00fcche und Wohnzimmer mit Kamin sowie Bad mit Dusche und WC. Ein Ruderboot ist im Preis enthalten.<\/p>\n<p style=\"text-align: justify;\">Talludden wurde im Jahr 1900 erbaut und seit 2007 laufend renoviert.Es liegt 20 m entfernt vom Wasser direkt am Brevensfluss. Am Grillplatz k\u00f6nnen Sie die frisch gefangenen Fische gleich zubereiten. Das Haus hat eine Wohnfl\u00e4che von ca 70m2. Das Herz des Hauses ist die offene Wohnk\u00fcche mit grossem Essbereich und Kamin. Von dort hat man einen fantastischen Ausblick auf den Fluss auf der einen Seite und auf ausgedehnte Wiesen und W\u00e4lder auf der anderen Seite. Die Gegend um Brevens Bruk ist sehr wildreich.Vor allem Damwild und Kraniche sind sehr oft in der N\u00e4he des Hauses zu sehen.In 2 von 3 Schlafzimmern finden Sie Doppelstockbetten vor. Diese sind sehr beliebt bei Kindern. Das 3 Schlafzimmer ist mit einem Doppelbett ausgestattet.<\/p>\n<p style=\"text-align: justify;\">Nutzen Sie die Waldfl\u00e4chen ringsherum zum Sammeln von Beeren und Pilzen oder besuchen Sie eines der Naturreservate in der n\u00e4heren Umgebung.F\u00fcr Tagesausfl\u00fcge bieten sich \u00d6rebro oder Nyk\u00f6ping an. Wer es sportlich mag kann Frisbeegolf spielen oder das Outdoorfittnesscenter ausprobieren. Wir w\u00fcnschen Ihnen erholsame Urlaubstage in unserer sch\u00f6nen Umgebung !<\/p>\n<p style=\"text-align: justify;\">Der Preis ist ohne Bettw\u00e4sche\/Handt\u00fccher und Endreinigung. Dieses kann gegen Aufpreis dazu gebucht werden.<\/p>\n<p>&nbsp;<\/p>\n<p>Kontaktieren Sie uns f\u00fcr weitere Informationen oder Buchung:<br \/>Telefon\u00a0<a href=\"tel:019-585850\">019 \u2013 58 58 50<\/a><br \/>E-post:\u00a0<a href=\"mailto:bbab@brevens.se\">bbab@brevens.se<\/a><\/p>\n<p>[\/et_pb_text][\/et_pb_column][\/et_pb_row][et_pb_row _builder_version=&#8220;4.17.4&#8243; _module_preset=&#8220;default&#8220; global_colors_info=&#8220;{}&#8220;][et_pb_column type=&#8220;4_4&#8243; _builder_version=&#8220;4.17.4&#8243; _module_preset=&#8220;default&#8220; global_colors_info=&#8220;{}&#8220;][et_pb_code _builder_version=&#8220;4.17.4&#8243; _module_preset=&#8220;default&#8220; background_color=&#8220;RGBA(255,255,255,0)&#8220; custom_margin=&#8220;||-50px||false|false&#8220; custom_padding=&#8220;||0px||false|false&#8220; global_colors_info=&#8220;{}&#8220;]<script async src=\"https:\/\/secured.sirvoy.com\/widget\/sirvoy.js\" data-form-id=\"8a2049fb4a6c9202\" data-lang=\"sv\" data-wp-plugin-version=\"4.0\"><\/script>[\/et_pb_code][\/et_pb_column][\/et_pb_row][et_pb_row _builder_version=&#8220;4.17.4&#8243; _module_preset=&#8220;default&#8220; global_colors_info=&#8220;{}&#8220;][et_pb_column type=&#8220;4_4&#8243; _builder_version=&#8220;4.17.4&#8243; _module_preset=&#8220;default&#8220; global_colors_info=&#8220;{}&#8220;][et_pb_gallery gallery_ids=&#8220;8062,1701,7951,1699,1700,1697,1696,1695,1792,1793,2414,2411,2417,2420,9691,9827&#8243; posts_number=&#8220;8&#8243; show_title_and_caption=&#8220;off&#8220; _builder_version=&#8220;4.17.4&#8243; _module_preset=&#8220;default&#8220; global_colors_info=&#8220;{}&#8220;][\/et_pb_gallery][\/et_pb_column][\/et_pb_row][et_pb_row _builder_version=&#8220;4.17.4&#8243; _module_preset=&#8220;default&#8220; global_colors_info=&#8220;{}&#8220;][et_pb_column type=&#8220;4_4&#8243; _builder_version=&#8220;4.17.4&#8243; _module_preset=&#8220;default&#8220; global_colors_info=&#8220;{}&#8220;][et_pb_text _builder_version=&#8220;4.17.4&#8243; _module_preset=&#8220;default&#8220; global_colors_info=&#8220;{}&#8220;]<\/p>\n<p style=\"text-align: center;\"><strong>Ausstattung<\/strong><\/p>\n<table style=\"border-collapse: collapse; width: 100%;\" border=\"1\">\n<tbody>\n<tr>\n<td style=\"width: 33.3333%;\">\n<ul>\n<li><span style=\"font-size: large;\">Wifi<\/span><\/li>\n<li><span style=\"font-size: large;\">Parkplatz<\/span><\/li>\n<li><span style=\"font-size: large;\">Seeblick<\/span><\/li>\n<li><span style=\"font-size: large;\">Grill<\/span><\/li>\n<li><span style=\"font-size: large;\">Smart TV<\/span><\/li>\n<li><span style=\"font-size: large;\">Aussenbereich<\/span><\/li>\n<li><span style=\"font-size: large;\">Boot inclusive<\/span><\/li>\n<\/ul>\n<\/td>\n<td style=\"width: 33.3333%;\">\n<ul>\n<li><span style=\"font-size: large;\">Wasserkocher<\/span><\/li>\n<li><span style=\"font-size: large;\">Kaffeemaschine<\/span><\/li>\n<li><span style=\"font-size: large;\">Herd<\/span><\/li>\n<li><span style=\"font-size: large;\">K\u00fchl- und Gefrierschrank<\/span><\/li>\n<li><span style=\"font-size: large;\">Mikrowelle<\/span><\/li>\n<li><span style=\"font-size: large;\">Staubsauger<\/span><\/li>\n<\/ul>\n<\/td>\n<td style=\"width: 33.3333%;\">\n<ul>\n<li><span style=\"font-size: large;\">K\u00fcche<\/span><\/li>\n<li><span style=\"font-size: large;\">Wohnzimmer<\/span><\/li>\n<li><span style=\"font-size: large;\">Badezimmer<\/span><\/li>\n<li><span style=\"font-size: large;\">Schlafzimmer 1 mit Doppelbett<\/span><\/li>\n<li><span style=\"font-size: large;\">Schlafzimmer 2 und 3 mit Doppelstockbetten<\/span><\/li>\n<\/ul>\n<\/td>\n<\/tr>\n<\/tbody>\n<\/table>\n<p>[\/et_pb_text][et_pb_text _builder_version=&#8220;4.17.4&#8243; _module_preset=&#8220;default&#8220; global_colors_info=&#8220;{}&#8220;]<\/p>\n<table style=\"border-collapse: collapse; width: 100%;\" border=\"1\">\n<tbody>\n<tr>\n<td style=\"width: 33.3333%;\">\n<p style=\"text-align: center;\"><strong><span style=\"color: #666666; font-size: large;\">Hausordnung<\/span><\/strong><\/p>\n<ul>\n<li><span style=\"font-size: large;\">Check-in ab 14:00\u00a0Uhr<\/span><\/li>\n<li><span style=\"font-size: large;\">Check-out vor 11:00 Uhr<\/span><\/li>\n<li><span style=\"font-size: large;\">Mindestalter f\u00fcr die Miete: 18 Jahre<\/span><\/li>\n<li><span style=\"font-size: large;\">Haustiere erlaubt<\/span><\/li>\n<li><span style=\"font-size: large;\">Rauchen ist nicht gestattet<\/span><\/li>\n<\/ul>\n<\/td>\n<td style=\"width: 33.3333%;\">\n<p style=\"text-align: center;\"><strong>In der Umgebung<\/strong><\/p>\n<ul>\n<li><span style=\"font-size: large;\">Solberga strand 6 km<\/span><\/li>\n<li><span style=\"font-size: large;\">R\u00f6da Sand 300 meter<\/span><\/li>\n<li><span style=\"font-size: large;\">Brevensg\u00e5rden Pub &amp; Restaurang 1 km<\/span><\/li>\n<li><span style=\"font-size: large;\">Brevens Caf\u00e9 &amp; Butik 500 meter<\/span><\/li>\n<\/ul>\n<\/td>\n<td style=\"width: 33.3333%;\">\n<p style=\"text-align: center;\"><strong>Ausflug<\/strong><\/p>\n<ul>\n<li><span style=\"font-size: large;\">Ving\u00e5ker Factory Outlet 24 km<\/span><\/li>\n<li><span style=\"font-size: large;\">S\u00e4fstaholm Slott<\/span><\/li>\n<li><span style=\"font-size: large;\">Gustavsvik 56 km<\/span><\/li>\n<li><span style=\"font-size: large;\">\u00d6rebro slott 58 km<\/span><\/li>\n<li><span style=\"font-size: large;\">Marieberg K\u00f6pcentrum 54 km<\/span><\/li>\n<\/ul>\n<\/td>\n<\/tr>\n<\/tbody>\n<\/table>\n<p>&nbsp;<\/p>\n<p>[\/et_pb_text][\/et_pb_column][\/et_pb_row][\/et_pb_section][et_pb_section fb_built=&#8220;1&#8243; fullwidth=&#8220;on&#8220; _builder_version=&#8220;4.17.4&#8243; _module_preset=&#8220;default&#8220; global_colors_info=&#8220;{}&#8220;][et_pb_fullwidth_map address=&#8220;Hunnebergsv\u00e4gen 6, 715 96 Brevens bruk, Sverige&#8220; zoom_level=&#8220;12&#8243; address_lat=&#8220;59.0110486&#8243; address_lng=&#8220;15.5781774&#8243; _builder_version=&#8220;4.17.4&#8243; _module_preset=&#8220;default&#8220; global_colors_info=&#8220;{}&#8220;][et_pb_map_pin title=&#8220;Talludden&#8220; pin_address=&#8220;Hunnebergsv\u00e4gen 6, 715 96 Brevens bruk, Sverige&#8220; pin_address_lat=&#8220;59.0110486&#8243; pin_address_lng=&#8220;15.5781774&#8243; _builder_version=&#8220;4.17.4&#8243; _module_preset=&#8220;default&#8220; global_colors_info=&#8220;{}&#8220;]Hunnebergsv\u00e4gen 6, 715 96 Brevens Bruk[\/et_pb_map_pin][\/et_pb_fullwidth_map][\/et_pb_section]<\/p>\n","protected":false},"excerpt":{"rendered":"<p>Talludden &nbsp; Das Ferienhaus liegt ein wenig au\u00dferhalb von Brevens Bruk, direkt am Brevensflu\u03b2 und in unmittelbarer N\u00e4he des Badplatzes \u201eR\u00f6da Sand\u201c. Besonders beliebt bei Familien mit kleineren Kindern. Das Haus hat insgesamt 6 Betten, 1 Doppelbett und 2 Doppelstockbetten, K\u00fcche und Wohnzimmer mit Kamin sowie Bad mit Dusche und WC. Ein Ruderboot ist im [&hellip;]<\/p>\n","protected":false},"author":3,"featured_media":0,"parent":0,"menu_order":0,"comment_status":"closed","ping_status":"closed","template":"","meta":{"_et_pb_use_builder":"on","_et_pb_old_content":"","_et_gb_content_width":""},"_links":{"self":[{"href":"https:\/\/brevens.se\/de\/wp-json\/wp\/v2\/pages\/8177"}],"collection":[{"href":"https:\/\/brevens.se\/de\/wp-json\/wp\/v2\/pages"}],"about":[{"href":"https:\/\/brevens.se\/de\/wp-json\/wp\/v2\/types\/page"}],"author":[{"embeddable":true,"href":"https:\/\/brevens.se\/de\/wp-json\/wp\/v2\/users\/3"}],"replies":[{"embeddable":true,"href":"https:\/\/brevens.se\/de\/wp-json\/wp\/v2\/comments?post=8177"}],"version-history":[{"count":34,"href":"https:\/\/brevens.se\/de\/wp-json\/wp\/v2\/pages\/8177\/revisions"}],"predecessor-version":[{"id":10297,"href":"https:\/\/brevens.se\/de\/wp-json\/wp\/v2\/pages\/8177\/revisions\/10297"}],"wp:attachment":[{"href":"https:\/\/brevens.se\/de\/wp-json\/wp\/v2\/media?parent=8177"}],"curies":[{"name":"wp","href":"https:\/\/api.w.org\/{rel}","templated":true}]}}