{"id":11339,"date":"2026-01-16T11:13:42","date_gmt":"2026-01-16T10:13:42","guid":{"rendered":"https:\/\/brevens.se\/?page_id=11339"},"modified":"2026-01-16T11:22:42","modified_gmt":"2026-01-16T10:22:42","slug":"hunting-fishing","status":"publish","type":"page","link":"https:\/\/brevens.se\/en\/hunting-fishing\/","title":{"rendered":"Hunting &#038; Fishing"},"content":{"rendered":"<p>[et_pb_section fb_built=&#8221;1&#8243; admin_label=&#8221;Header&#8221; _builder_version=&#8221;4.17.4&#8243; _module_preset=&#8221;default&#8221; background_color=&#8221;gcid-2f3f3e09-0a26-4ea7-8906-5e1128945e3f&#8221; background_enable_image=&#8221;off&#8221; locked=&#8221;off&#8221; collapsed=&#8221;on&#8221; global_colors_info=&#8221;{%22gcid-9fa4a1b6-767d-41ca-984c-a6f10449c843%22:%91%22background_color_gradient_stops%22%93,%22gcid-2f3f3e09-0a26-4ea7-8906-5e1128945e3f%22:%91%22background_color%22%93}&#8221;][et_pb_row _builder_version=&#8221;4.20.0&#8243; _module_preset=&#8221;default&#8221; custom_padding=&#8221;4px|||||&#8221; global_colors_info=&#8221;{}&#8221;][et_pb_column type=&#8221;4_4&#8243; _builder_version=&#8221;4.20.0&#8243; _module_preset=&#8221;default&#8221; global_colors_info=&#8221;{}&#8221;][et_pb_image src=&#8221;https:\/\/brevens.se\/wp-content\/uploads\/2025\/10\/attorney-2.png&#8221; title_text=&#8221;attorney-2&#8243; align=&#8221;center&#8221; _builder_version=&#8221;4.17.4&#8243; _module_preset=&#8221;default&#8221; max_width=&#8221;130px&#8221; global_colors_info=&#8221;{}&#8221;][\/et_pb_image][et_pb_text _builder_version=&#8221;4.17.4&#8243; _module_preset=&#8221;49424117-6ec6-45e5-8d8a-f215d560b2d0&#8243; header_text_color=&#8221;gcid-11d3dbbb-f6dc-4fb8-929b-9d6994368d00&#8243; header_2_font=&#8221;Playfair Display||||||||&#8221; header_2_font_size=&#8221;50px&#8221; text_orientation=&#8221;center&#8221; global_colors_info=&#8221;{%22gcid-11d3dbbb-f6dc-4fb8-929b-9d6994368d00%22:%91%22header_text_color%22%93}&#8221;]<\/p>\n<h2>Hunting &amp; Fishing<\/h2>\n<p>[\/et_pb_text][et_pb_text _builder_version=&#8221;4.17.4&#8243; _module_preset=&#8221;default&#8221; text_font_size=&#8221;18px&#8221; text_orientation=&#8221;center&#8221; global_colors_info=&#8221;{}&#8221;]Brevens Bruk operates a limited and exclusive hunting tourism, where the focus is primarily on driven hunts for wild boar and fallow deer.<br \/>\nWe also offer fine fishing waters in Lake Sottern.[\/et_pb_text][\/et_pb_column][\/et_pb_row][\/et_pb_section][et_pb_section fb_built=&#8221;1&#8243; admin_label=&#8221;Our Team&#8221; _builder_version=&#8221;4.20.0&#8243; _module_preset=&#8221;default&#8221; background_color=&#8221;gcid-9fa4a1b6-767d-41ca-984c-a6f10449c843&#8243; collapsed=&#8221;on&#8221; global_colors_info=&#8221;{%22gcid-9fa4a1b6-767d-41ca-984c-a6f10449c843%22:%91%22background_color%22%93}&#8221;][et_pb_row _builder_version=&#8221;4.20.0&#8243; _module_preset=&#8221;default&#8221; global_colors_info=&#8221;{}&#8221;][et_pb_column type=&#8221;4_4&#8243; _builder_version=&#8221;4.20.0&#8243; _module_preset=&#8221;default&#8221; global_colors_info=&#8221;{}&#8221;][et_pb_text _builder_version=&#8221;4.17.4&#8243; _module_preset=&#8221;1135b8a1-c43f-4ea0-83e4-9d9eba4f5814&#8243; text_orientation=&#8221;center&#8221; global_colors_info=&#8221;{%22gcid-11d3dbbb-f6dc-4fb8-929b-9d6994368d00%22:%91%22header_2_text_color%22%93}&#8221;]<\/p>\n<h2>Hunting in Brevens Bruk<\/h2>\n<p>[\/et_pb_text][et_pb_image src=&#8221;https:\/\/brevens.se\/wp-content\/uploads\/2025\/10\/attorney-1.png&#8221; title_text=&#8221;attorney-1&#8243; align=&#8221;center&#8221; _builder_version=&#8221;4.17.4&#8243; _module_preset=&#8221;default&#8221; max_width=&#8221;65px&#8221; locked=&#8221;off&#8221; global_colors_info=&#8221;{}&#8221;][\/et_pb_image][\/et_pb_column][\/et_pb_row][et_pb_row _builder_version=&#8221;4.20.0&#8243; _module_preset=&#8221;default&#8221; global_colors_info=&#8221;{}&#8221;][et_pb_column type=&#8221;4_4&#8243; _builder_version=&#8221;4.20.0&#8243; _module_preset=&#8221;default&#8221; global_colors_info=&#8221;{}&#8221;][et_pb_gallery gallery_ids=&#8221;10727,10682,10698,10702,10710&#8243; fullwidth=&#8221;on&#8221; _builder_version=&#8221;4.17.4&#8243; _module_preset=&#8221;default&#8221; auto=&#8221;on&#8221; auto_speed=&#8221;5000&#8243; global_colors_info=&#8221;{}&#8221;][\/et_pb_gallery][\/et_pb_column][\/et_pb_row][et_pb_row _builder_version=&#8221;4.17.4&#8243; _module_preset=&#8221;default&#8221; global_colors_info=&#8221;{}&#8221;][et_pb_column type=&#8221;4_4&#8243; _builder_version=&#8221;4.17.4&#8243; _module_preset=&#8221;default&#8221; global_colors_info=&#8221;{}&#8221;][et_pb_text _builder_version=&#8221;4.17.4&#8243; _module_preset=&#8221;caaf96b4-ede2-46d9-a0d0-5e908d7bafb0&#8243; text_text_color=&#8221;#FFFFFF&#8221; locked=&#8221;off&#8221; global_colors_info=&#8221;{}&#8221;]Brevens Bruk&#8217;s forests offer one of the region&#8217;s most dynamic game populations. Fallen deer are the most prominent game species, and we boast an exceptionally high and stable population. This density gives us unique opportunities for responsible game management and memorable hunting. In addition to the large deer populations, the lands are home to wild boar and small game.<\/p>\n<p>Brevens Bruk operates a limited and exclusive hunting tourism, where the focus is primarily on driven hunts for wild boar and fallow deer. The property provides excellent opportunities for a top-class experience.<\/p>\n<p>For more information and booking of a hunt, please contact:<br \/>\nJonas Karlsson, Game Master<br \/>\njonas.karlsson@brevens.se[\/et_pb_text][\/et_pb_column][\/et_pb_row][\/et_pb_section][et_pb_section fb_built=&#8221;1&#8243; admin_label=&#8221;Our Team&#8221; _builder_version=&#8221;4.20.0&#8243; _module_preset=&#8221;default&#8221; background_color=&#8221;gcid-9fa4a1b6-767d-41ca-984c-a6f10449c843&#8243; collapsed=&#8221;on&#8221; global_colors_info=&#8221;{%22gcid-9fa4a1b6-767d-41ca-984c-a6f10449c843%22:%91%22background_color%22%93}&#8221;][et_pb_row _builder_version=&#8221;4.20.0&#8243; _module_preset=&#8221;default&#8221; global_colors_info=&#8221;{}&#8221;][et_pb_column type=&#8221;4_4&#8243; _builder_version=&#8221;4.20.0&#8243; _module_preset=&#8221;default&#8221; global_colors_info=&#8221;{}&#8221;][et_pb_text _builder_version=&#8221;4.17.4&#8243; _module_preset=&#8221;1135b8a1-c43f-4ea0-83e4-9d9eba4f5814&#8243; text_orientation=&#8221;center&#8221; global_colors_info=&#8221;{%22gcid-11d3dbbb-f6dc-4fb8-929b-9d6994368d00%22:%91%22header_2_text_color%22%93}&#8221;]<\/p>\n<h2>Fishing &amp; Licenses<\/h2>\n<p>[\/et_pb_text][et_pb_image src=&#8221;https:\/\/brevens.se\/wp-content\/uploads\/2025\/10\/attorney-1.png&#8221; title_text=&#8221;attorney-1&#8243; align=&#8221;center&#8221; _builder_version=&#8221;4.17.4&#8243; _module_preset=&#8221;default&#8221; max_width=&#8221;65px&#8221; locked=&#8221;off&#8221; global_colors_info=&#8221;{}&#8221;][\/et_pb_image][\/et_pb_column][\/et_pb_row][et_pb_row column_structure=&#8221;1_2,1_2&#8243; _builder_version=&#8221;4.20.0&#8243; _module_preset=&#8221;default&#8221; global_colors_info=&#8221;{}&#8221;][et_pb_column type=&#8221;1_2&#8243; _builder_version=&#8221;4.20.0&#8243; _module_preset=&#8221;default&#8221; global_colors_info=&#8221;{}&#8221;][et_pb_image src=&#8221;https:\/\/brevens.se\/wp-content\/uploads\/2025\/08\/Bat-sunset-kvadrat.png&#8221; title_text=&#8221;B\u00e5t sunset kvadrat&#8221; _builder_version=&#8221;4.17.4&#8243; _module_preset=&#8221;default&#8221; global_colors_info=&#8221;{}&#8221;][\/et_pb_image][\/et_pb_column][et_pb_column type=&#8221;1_2&#8243; _builder_version=&#8221;4.17.4&#8243; _module_preset=&#8221;default&#8221; global_colors_info=&#8221;{}&#8221;][et_pb_image src=&#8221;https:\/\/brevens.se\/wp-content\/uploads\/2018\/03\/Rityta-4.jpg&#8221; title_text=&#8221;Fiske&#8221; _builder_version=&#8221;4.17.4&#8243; _module_preset=&#8221;default&#8221; global_colors_info=&#8221;{}&#8221;][\/et_pb_image][\/et_pb_column][\/et_pb_row][et_pb_row _builder_version=&#8221;4.17.4&#8243; _module_preset=&#8221;default&#8221; global_colors_info=&#8221;{}&#8221;][et_pb_column type=&#8221;4_4&#8243; _builder_version=&#8221;4.17.4&#8243; _module_preset=&#8221;default&#8221; global_colors_info=&#8221;{}&#8221;][et_pb_text _builder_version=&#8221;4.17.4&#8243; _module_preset=&#8221;caaf96b4-ede2-46d9-a0d0-5e908d7bafb0&#8243; text_text_color=&#8221;#FFFFFF&#8221; locked=&#8221;off&#8221; global_colors_info=&#8221;{}&#8221;]Our largest lake is called \u201cSottern\u201d and is 2800 hectares large. In Sottern there is a 700 hectare nature reserve \u201cSotterns Sk\u00e4rg\u00e5rd\u201d. This area was protected in 1997 to protect the population of osprey and loons. Access is prohibited there from May 15 to June 15. In Sottern there are, among other things, pike, perch and zander.<\/p>\n<p><a href=\"https:\/\/brevens.se\/wp-content\/uploads\/2018\/07\/sjokort.jpg\" target=\"_blank\" rel=\"noopener\">Map of Sottern<\/a> (Please note that this is only a simple map of the lake. There are many rocks in the lake that are not marked, so drive carefully.) The purple part does not belong to Brevens Bruk AB\u2019s fishing waters.<br \/>\nPlease note that fishing in the nature reserve is not permitted. <a href=\"https:\/\/www.ifiske.se\/karta-sottern.htm\" target=\"_blank\" rel=\"noopener noreferrer\">Map of Sottern 2<\/a>[\/et_pb_text][\/et_pb_column][\/et_pb_row][et_pb_row column_structure=&#8221;1_2,1_2&#8243; _builder_version=&#8221;4.17.4&#8243; _module_preset=&#8221;default&#8221; global_colors_info=&#8221;{}&#8221;][et_pb_column type=&#8221;1_2&#8243; _builder_version=&#8221;4.17.4&#8243; _module_preset=&#8221;default&#8221; global_colors_info=&#8221;{}&#8221;][et_pb_text _builder_version=&#8221;4.17.4&#8243; _module_preset=&#8221;caaf96b4-ede2-46d9-a0d0-5e908d7bafb0&#8243; text_text_color=&#8221;#FFFFFF&#8221; header_2_font=&#8221;Nanum Myeongjo||||||||&#8221; header_2_text_color=&#8221;gcid-11d3dbbb-f6dc-4fb8-929b-9d6994368d00&#8243; header_2_font_size=&#8221;28px&#8221; locked=&#8221;off&#8221; global_colors_info=&#8221;{%22gcid-11d3dbbb-f6dc-4fb8-929b-9d6994368d00%22:%91%22header_2_text_color%22%93}&#8221;]<\/p>\n<h2 style=\"text-align: center;\"><b>Fishing licenses<\/b><\/h2>\n<p style=\"text-align: justify;\">The fees are based on the recommendations of the Fishing Water Owners. By &#8220;Ortsbo&#8221; we mean those who live within Brevens Bruk AB&#8217;s land holdings, including residents in H\u00f6gsj\u00f6, Svennevad and P\u00e5lsboda.<\/p>\n<table style=\"height: 226px;\">\n<tbody>\n<tr style=\"height: 24px;\">\n<td style=\"height: 24px; width: 227.75px;\"><strong>Fiskekort:<\/strong><\/td>\n<td style=\"height: 24px; width: 95.9219px;\"><strong>Normalpris<\/strong><\/td>\n<td style=\"height: 24px; width: 60.5625px;\"><strong>Ortsbo\u00a0<\/strong><\/td>\n<\/tr>\n<tr style=\"height: 24px;\">\n<td style=\"height: 24px; width: 227.75px;\">\u00c5rskort handredskap, 1 person<\/td>\n<td style=\"height: 24px; width: 95.9219px;\">700 kr<\/td>\n<td style=\"height: 24px; width: 60.5625px;\">500 kr<\/td>\n<\/tr>\n<tr style=\"height: 24px;\">\n<td style=\"height: 24px; width: 227.75px;\">\u00c5rskort handredskap, familj<\/td>\n<td style=\"height: 24px; width: 95.9219px;\">1050 kr<\/td>\n<td style=\"height: 24px; width: 60.5625px;\">750 kr<\/td>\n<\/tr>\n<tr style=\"height: 24px;\">\n<td style=\"height: 24px; width: 227.75px;\">\u00c5rskort trolling, 1 person<\/td>\n<td style=\"height: 24px; width: 95.9219px;\">1200 kr<\/td>\n<td style=\"height: 24px; width: 60.5625px;\">800 kr<\/td>\n<\/tr>\n<tr style=\"height: 24px;\">\n<td style=\"height: 24px; width: 227.75px;\">\u00c5rskort trolling, familj<\/td>\n<td style=\"height: 24px; width: 95.9219px;\">1800 kr<\/td>\n<td style=\"height: 24px; width: 60.5625px;\">1125 kr<\/td>\n<\/tr>\n<tr style=\"height: 0px;\">\n<td style=\"height: 0px; width: 227.75px;\"><\/td>\n<td style=\"height: 0px; width: 95.9219px;\"><\/td>\n<td style=\"height: 0px; width: 60.5625px;\"><\/td>\n<\/tr>\n<tr style=\"height: 24px;\">\n<td style=\"height: 24px; width: 227.75px;\">Dagskort handredskap, 1 person<\/td>\n<td style=\"height: 24px; width: 95.9219px;\">95 kr<\/td>\n<td style=\"height: 24px; width: 60.5625px;\">70 kr<\/td>\n<\/tr>\n<tr style=\"height: 24px;\">\n<td style=\"height: 24px; width: 227.75px;\">Dagskort handredskap, familj<\/td>\n<td style=\"height: 24px; width: 95.9219px;\">135 kr<\/td>\n<td style=\"height: 24px; width: 60.5625px;\">100 kr<\/td>\n<\/tr>\n<tr style=\"height: 24px;\">\n<td style=\"height: 24px; width: 227.75px;\">Dagskort trolling, 1 person<\/td>\n<td style=\"height: 24px; width: 95.9219px;\">170 kr<\/td>\n<td style=\"height: 24px; width: 60.5625px;\">100 kr<\/td>\n<\/tr>\n<tr style=\"height: 24px;\">\n<td style=\"height: 24px; width: 227.75px;\">Dagskort trolling, familj<\/td>\n<td style=\"height: 24px; width: 95.9219px;\">200 kr<\/td>\n<td style=\"height: 24px; width: 60.5625px;\">150 kr<\/td>\n<\/tr>\n<\/tbody>\n<\/table>\n<p>Hand-held fishing for young people up to 18 years of age is free of charge.<\/p>\n<p>To buy a day pass: Use the iFiske app or website: <a href=\"https:\/\/www.ifiske.se\/fiskekort-sottern.htm\">https:\/\/www.ifiske.se\/fiskekort-sottern.htm<\/a><\/p>\n<p>To buy an annual pass: Use iFiske or contact our office or our dealers:<\/p>\n<ul>\n<li>iFiske app or website<a href=\"https:\/\/www.ifiske.se\/fiskekort-sottern.htm\"> https:\/\/www.ifiske.se\/fiskekort-sottern.htm<\/a><\/li>\n<li>Brevens Bruk AB, 019-585850, bbab@brevens.se<\/li>\n<li>OKQ8, Norra Storgatan 21, P\u00e5lsboda<\/li>\n<\/ul>\n<p>[\/et_pb_text][\/et_pb_column][et_pb_column type=&#8221;1_2&#8243; _builder_version=&#8221;4.17.4&#8243; _module_preset=&#8221;default&#8221; global_colors_info=&#8221;{}&#8221;][et_pb_text _builder_version=&#8221;4.17.4&#8243; _module_preset=&#8221;caaf96b4-ede2-46d9-a0d0-5e908d7bafb0&#8243; text_text_color=&#8221;#FFFFFF&#8221; header_2_font=&#8221;Nanum Myeongjo||||||||&#8221; header_2_text_color=&#8221;gcid-11d3dbbb-f6dc-4fb8-929b-9d6994368d00&#8243; header_2_font_size=&#8221;28px&#8221; locked=&#8221;off&#8221; global_colors_info=&#8221;{%22gcid-11d3dbbb-f6dc-4fb8-929b-9d6994368d00%22:%91%22header_2_text_color%22%93}&#8221;]In case of violation of the rules below, a control fee will be charged by the fishing inspector.<\/p>\n<ul>\n<li>The card is personal and must be carried when fishing and presented upon request during control.<\/li>\n<li>Only fishing with hand gear is permitted. No fishing nets may be used. In the summer, you may not have more than one hand gear per person.<\/li>\n<li>For pike, the fish caught must be at least 45 cm and a maximum of 3 fish\/day and card.<\/li>\n<li>For pike, the fish caught must be at least 45 cm and a maximum of 90 cm and a maximum of 3 pikes\/day and card.<\/li>\n<li>For trolling, a special fishing license is required.<\/li>\n<li>For trolling, a maximum of 4 rods\/card or a maximum of 6 rods\/boat.<\/li>\n<li>For ice fishing, a maximum of 5 fishing gears per card and only with hand gear or so-called angel don.<\/li>\n<li>By &#8220;Ortsbo&#8221; we mean those who live within Brevens Bruk AB&#8217;s land holdings, including residents in H\u00f6gsj\u00f6, Svennevad and P\u00e5lsboda.<\/li>\n<li>Family refers to those who live in the same household.<\/li>\n<li>Hand-held fishing for young people up to 18 years of age is free of charge (showing ID is required).<\/li>\n<li>Be considerate of nesting birds. Do not fish closer than 200 m from nesting ospreys and 300 m from nesting great black-backed guillemots.<\/li>\n<li>Fishing is prohibited within the area marked on the map between May 15 and June 20.<\/li>\n<\/ul>\n<p>For further information about rules within the nature reserve, visit the County Administrative Board&#8217;s website: www.lansstyrelsen.se\/orebro\/besoksmal\/naturreservat\/sotterens-skargard[\/et_pb_text][\/et_pb_column][\/et_pb_row][\/et_pb_section][et_pb_section fb_built=&#8221;1&#8243; admin_label=&#8221;About&#8221; _builder_version=&#8221;4.17.4&#8243; _module_preset=&#8221;default&#8221; background_color=&#8221;gcid-9fa4a1b6-767d-41ca-984c-a6f10449c843&#8243; locked=&#8221;off&#8221; collapsed=&#8221;on&#8221; global_colors_info=&#8221;{%22gcid-9fa4a1b6-767d-41ca-984c-a6f10449c843%22:%91%22background_color%22%93}&#8221;][et_pb_row column_structure=&#8221;1_2,1_2&#8243; make_equal=&#8221;on&#8221; _builder_version=&#8221;4.17.4&#8243; _module_preset=&#8221;default&#8221; global_colors_info=&#8221;{}&#8221;][et_pb_column type=&#8221;1_2&#8243; _builder_version=&#8221;4.17.4&#8243; _module_preset=&#8221;default&#8221; background_image=&#8221;https:\/\/brevens.se\/wp-content\/uploads\/2025\/11\/8-4.png&#8221; global_colors_info=&#8221;{}&#8221;][et_pb_divider show_divider=&#8221;off&#8221; _builder_version=&#8221;4.20.0&#8243; _module_preset=&#8221;default&#8221; height_tablet=&#8221;40vw&#8221; height_phone=&#8221;40vw&#8221; height_last_edited=&#8221;on|desktop&#8221; global_colors_info=&#8221;{}&#8221;][\/et_pb_divider][\/et_pb_column][et_pb_column type=&#8221;1_2&#8243; _builder_version=&#8221;4.17.4&#8243; _module_preset=&#8221;default&#8221; global_colors_info=&#8221;{}&#8221;][et_pb_text _builder_version=&#8221;4.17.4&#8243; _module_preset=&#8221;1135b8a1-c43f-4ea0-83e4-9d9eba4f5814&#8243; global_colors_info=&#8221;{%22gcid-11d3dbbb-f6dc-4fb8-929b-9d6994368d00%22:%91%22header_2_text_color%22%93}&#8221;]<\/p>\n<h2>KEYS<\/h2>\n<p>[\/et_pb_text][et_pb_image src=&#8221;https:\/\/brevens.se\/wp-content\/uploads\/2025\/10\/attorney-1.png&#8221; title_text=&#8221;attorney-1&#8243; _builder_version=&#8221;4.20.0&#8243; _module_preset=&#8221;default&#8221; max_width=&#8221;65px&#8221; locked=&#8221;off&#8221; global_colors_info=&#8221;{}&#8221;][\/et_pb_image][et_pb_text _builder_version=&#8221;4.17.4&#8243; _module_preset=&#8221;caaf96b4-ede2-46d9-a0d0-5e908d7bafb0&#8243; text_text_color=&#8221;#FFFFFF&#8221; locked=&#8221;off&#8221; global_colors_info=&#8221;{}&#8221;]<\/p>\n<p style=\"text-align: justify;\">Brevens Bruk AB erbjuder bomnycklar i Sottern vid Gillberga, Kilsmo och KnipphammaBrevens Bruk AB offers gate keys in Sottern near Gillberga, Kilsmo and Knipphammaren. It costs 500 SEK\/year and gives access to one of the ramps.ren. Den koster 500 kr\/\u00e5ret och ger tillg\u00e5ng till en av ramperna.<\/p>\n<p style=\"text-align: justify;\">F\u00f6r mer information: <a href=\"mailto:bbab@brevens.se\">bbab@brevens.se<\/a><\/p>\n<p>[\/et_pb_text][\/et_pb_column][\/et_pb_row][\/et_pb_section][et_pb_section fb_built=&#8221;1&#8243; admin_label=&#8221;Footer&#8221; _builder_version=&#8221;4.17.4&#8243; _module_preset=&#8221;default&#8221; background_color=&#8221;#000c24&#8243; background_enable_image=&#8221;off&#8221; saved_tabs=&#8221;all&#8221; collapsed=&#8221;on&#8221; global_colors_info=&#8221;{}&#8221;][et_pb_row column_structure=&#8221;1_3,1_3,1_3&#8243; _builder_version=&#8221;4.20.0&#8243; _module_preset=&#8221;default&#8221; global_colors_info=&#8221;{}&#8221;][et_pb_column type=&#8221;1_3&#8243; _builder_version=&#8221;4.20.0&#8243; _module_preset=&#8221;default&#8221; global_colors_info=&#8221;{}&#8221;][et_pb_text _builder_version=&#8221;4.17.4&#8243; _module_preset=&#8221;423778a7-703b-4c7c-9d49-f65bfcc5ec39&#8243; text_orientation=&#8221;center&#8221; global_colors_info=&#8221;{%22gcid-11d3dbbb-f6dc-4fb8-929b-9d6994368d00%22:%91%22header_4_text_color%22%93}&#8221;]<\/p>\n<h4>KONTORET<\/h4>\n<p>[\/et_pb_text][et_pb_text _builder_version=&#8221;4.17.4&#8243; _module_preset=&#8221;76f1215c-7bba-4a34-a809-3e128146c4f4&#8243; text_font=&#8221;||||||||&#8221; text_text_color=&#8221;#FFFFFF&#8221; text_orientation=&#8221;center&#8221; custom_margin=&#8221;||10px||false|false&#8221; global_colors_info=&#8221;{}&#8221;]<\/p>\n<div class=\"et_pb_module et_pb_text et_pb_text_17 et_pb_text_align_center et_pb_bg_layout_light\">\n<div class=\"et_pb_text_inner\">\n<p>Bruksgatan 6<br \/>\n715 96 Brevens Bruk<\/p>\n<p>Klockan 08:00 \u2013 12:00<\/p>\n<\/div>\n<\/div>\n<p>[\/et_pb_text][\/et_pb_column][et_pb_column type=&#8221;1_3&#8243; _builder_version=&#8221;4.20.0&#8243; _module_preset=&#8221;default&#8221; global_colors_info=&#8221;{}&#8221;][et_pb_image src=&#8221;https:\/\/brevens.se\/wp-content\/uploads\/2025\/10\/cropped-Logga-PNG-vit-utan-bakgrund.png&#8221; title_text=&#8221;cropped-Logga-PNG-vit-utan-bakgrund.png&#8221; align=&#8221;center&#8221; _builder_version=&#8221;4.17.4&#8243; _module_preset=&#8221;default&#8221; max_height=&#8221;80px&#8221; global_colors_info=&#8221;{}&#8221;][\/et_pb_image][et_pb_text _builder_version=&#8221;4.17.4&#8243; _module_preset=&#8221;423778a7-703b-4c7c-9d49-f65bfcc5ec39&#8243; header_4_text_color=&#8221;#FFFFFF&#8221; text_orientation=&#8221;center&#8221; global_colors_info=&#8221;{}&#8221;]<\/p>\n<h4>Brevens Bruk AB<\/h4>\n<p>[\/et_pb_text][\/et_pb_column][et_pb_column type=&#8221;1_3&#8243; _builder_version=&#8221;4.20.0&#8243; _module_preset=&#8221;default&#8221; global_colors_info=&#8221;{}&#8221;][et_pb_text _builder_version=&#8221;4.17.4&#8243; _module_preset=&#8221;423778a7-703b-4c7c-9d49-f65bfcc5ec39&#8243; text_orientation=&#8221;center&#8221; locked=&#8221;off&#8221; global_colors_info=&#8221;{%22gcid-11d3dbbb-f6dc-4fb8-929b-9d6994368d00%22:%91%22header_4_text_color%22%93}&#8221;]<\/p>\n<h4>Kontakt<\/h4>\n<p>[\/et_pb_text][et_pb_text _builder_version=&#8221;4.17.4&#8243; _module_preset=&#8221;76f1215c-7bba-4a34-a809-3e128146c4f4&#8243; text_font=&#8221;||||||||&#8221; text_text_color=&#8221;#FFFFFF&#8221; text_orientation=&#8221;center&#8221; custom_margin=&#8221;||10px||false|false&#8221; global_colors_info=&#8221;{}&#8221;]<\/p>\n<div class=\"et_pb_module et_pb_text et_pb_text_17 et_pb_text_align_center et_pb_bg_layout_light\">\n<div class=\"et_pb_text_inner\">\n<p>+46 019-58 58 50<br \/>\n<span style=\"font-size: 16px;\">Klockan 08:00-12:00<\/span><\/p>\n<p>bbab@brevens.se<\/p>\n<p>&nbsp;<\/p>\n<p>&nbsp;<\/p>\n<\/div>\n<\/div>\n<p>[\/et_pb_text][\/et_pb_column][\/et_pb_row][et_pb_row _builder_version=&#8221;4.20.0&#8243; _module_preset=&#8221;default&#8221; custom_padding=&#8221;0px||0px||true|&#8221; global_colors_info=&#8221;{}&#8221;][et_pb_column type=&#8221;4_4&#8243; _builder_version=&#8221;4.20.0&#8243; _module_preset=&#8221;default&#8221; global_colors_info=&#8221;{}&#8221;][et_pb_social_media_follow icon_color=&#8221;#000000&#8243; _builder_version=&#8221;4.17.4&#8243; _module_preset=&#8221;default&#8221; text_orientation=&#8221;center&#8221; custom_margin=&#8221;||||false|false&#8221; border_radii=&#8221;on|100px|100px|100px|100px&#8221; locked=&#8221;off&#8221; global_colors_info=&#8221;{}&#8221;][et_pb_social_media_follow_network social_network=&#8221;facebook&#8221; url=&#8221;https:\/\/www.facebook.com\/BrevensBrukAB&#8221; _builder_version=&#8221;4.17.4&#8243; _module_preset=&#8221;default&#8221; background_color=&#8221;gcid-11d3dbbb-f6dc-4fb8-929b-9d6994368d00&#8243; background_enable_color=&#8221;on&#8221; custom_padding=&#8221;8px|8px|8px|8px|true|true&#8221; global_colors_info=&#8221;{%22gcid-11d3dbbb-f6dc-4fb8-929b-9d6994368d00%22:%91%22background_color%22%93}&#8221;]facebook[\/et_pb_social_media_follow_network][et_pb_social_media_follow_network social_network=&#8221;instagram&#8221; url=&#8221;https:\/\/www.instagram.com\/brevensbrukab\/&#8221; _builder_version=&#8221;4.17.4&#8243; _module_preset=&#8221;default&#8221; background_color=&#8221;gcid-11d3dbbb-f6dc-4fb8-929b-9d6994368d00&#8243; background_enable_color=&#8221;on&#8221; custom_padding=&#8221;8px|8px|8px|8px|true|true&#8221; global_colors_info=&#8221;{%22gcid-11d3dbbb-f6dc-4fb8-929b-9d6994368d00%22:%91%22background_color%22%93}&#8221;]instagram[\/et_pb_social_media_follow_network][\/et_pb_social_media_follow][et_pb_divider color=&#8221;gcid-11d3dbbb-f6dc-4fb8-929b-9d6994368d00&#8243; _builder_version=&#8221;4.20.0&#8243; _module_preset=&#8221;default&#8221; custom_margin=&#8221;||0px||false|false&#8221; global_colors_info=&#8221;{%22gcid-11d3dbbb-f6dc-4fb8-929b-9d6994368d00%22:%91%22color%22%93}&#8221;][\/et_pb_divider][\/et_pb_column][\/et_pb_row][\/et_pb_section]<\/p>\n","protected":false},"excerpt":{"rendered":"<p>Hunting &amp; Fishing Brevens Bruk operates a limited and exclusive hunting tourism, where the focus is primarily on driven hunts for wild boar and fallow deer. We also offer fine fishing waters in Lake Sottern. Hunting in Brevens Bruk Brevens Bruk&#8217;s forests offer one of the region&#8217;s most dynamic game populations. Fallen deer are the [&hellip;]<\/p>\n","protected":false},"author":3,"featured_media":0,"parent":0,"menu_order":0,"comment_status":"closed","ping_status":"closed","template":"","meta":{"_et_pb_use_builder":"on","_et_pb_old_content":"","_et_gb_content_width":""},"_links":{"self":[{"href":"https:\/\/brevens.se\/en\/wp-json\/wp\/v2\/pages\/11339"}],"collection":[{"href":"https:\/\/brevens.se\/en\/wp-json\/wp\/v2\/pages"}],"about":[{"href":"https:\/\/brevens.se\/en\/wp-json\/wp\/v2\/types\/page"}],"author":[{"embeddable":true,"href":"https:\/\/brevens.se\/en\/wp-json\/wp\/v2\/users\/3"}],"replies":[{"embeddable":true,"href":"https:\/\/brevens.se\/en\/wp-json\/wp\/v2\/comments?post=11339"}],"version-history":[{"count":9,"href":"https:\/\/brevens.se\/en\/wp-json\/wp\/v2\/pages\/11339\/revisions"}],"predecessor-version":[{"id":11365,"href":"https:\/\/brevens.se\/en\/wp-json\/wp\/v2\/pages\/11339\/revisions\/11365"}],"wp:attachment":[{"href":"https:\/\/brevens.se\/en\/wp-json\/wp\/v2\/media?parent=11339"}],"curies":[{"name":"wp","href":"https:\/\/api.w.org\/{rel}","templated":true}]}}