{"id":4451,"date":"2022-03-11T09:17:08","date_gmt":"2022-03-11T08:17:08","guid":{"rendered":"http:\/\/brevens.se\/nature\/"},"modified":"2023-09-13T13:27:16","modified_gmt":"2023-09-13T11:27:16","slug":"nature","status":"publish","type":"page","link":"https:\/\/brevens.se\/en\/nature\/","title":{"rendered":"Nature"},"content":{"rendered":"<p>[et_pb_section fb_built=&#8221;1&#8243; fullwidth=&#8221;on&#8221; admin_label=&#8221;Coffee Hero Section&#8221; _builder_version=&#8221;4.16&#8243; custom_padding=&#8221;0|0px|0|0px&#8221; top_divider_color=&#8221;#e09900&#8243; bottom_divider_style=&#8221;slant&#8221; bottom_divider_color=&#8221;#fffcf2&#8243; locked=&#8221;off&#8221; global_colors_info=&#8221;{}&#8221;][et_pb_fullwidth_image _builder_version=&#8221;4.16&#8243; background_color_gradient_direction=&#8221;360deg&#8221; background_image=&#8221;https:\/\/brevens.se\/wp-content\/uploads\/2018\/04\/hero.jpg&#8221; custom_padding=&#8221;150px||50px|&#8221; filter_sepia=&#8221;50%&#8221; custom_css_main_element=&#8221;filter: none;||height: 0px;&#8221; global_colors_info=&#8221;{}&#8221;][\/et_pb_fullwidth_image][\/et_pb_section][et_pb_section fb_built=&#8221;1&#8243; _builder_version=&#8221;4.16&#8243; _module_preset=&#8221;default&#8221; background_color=&#8221;#fffcf2&#8243; global_colors_info=&#8221;{}&#8221;][et_pb_row column_structure=&#8221;3_5,2_5&#8243; _builder_version=&#8221;4.16&#8243; _module_preset=&#8221;default&#8221; global_colors_info=&#8221;{}&#8221;][et_pb_column type=&#8221;3_5&#8243; _builder_version=&#8221;4.16&#8243; _module_preset=&#8221;default&#8221; global_colors_info=&#8221;{}&#8221;][et_pb_text _builder_version=&#8221;4.17.4&#8243; _module_preset=&#8221;default&#8221; text_line_height=&#8221;1.9em&#8221; inline_fonts=&#8221;Oswald&#8221; global_colors_info=&#8221;{}&#8221;]<\/p>\n<h1 id=\"ucj-3\" class=\"oBOnKe\">\u00a0<span style=\"font-family: Oswald; font-weight: normal; font-size: xx-large;\">The Forest\u00a0<\/span><\/h1>\n<div class=\"dePhmb\" aria-live=\"polite\">\n<div class=\"eyKpYb\" data-language=\"en\" data-original-language=\"sv\" data-result-index=\"0\">\n<div class=\"J0lOec\" style=\"text-align: justify;\"><span class=\"VIiyi\" lang=\"en\" style=\"font-size: large;\"><span class=\"JLqJ4b ChMk0b\" data-language-for-alternatives=\"en\" data-language-to-translate-into=\"sv\" data-phrase-index=\"2\" data-number-of-phrases=\"7\">Brevens Bruk has many forest areas with bogs, lakes and ponds.<\/span> <span class=\"JLqJ4b ChMk0b\" data-language-for-alternatives=\"en\" data-language-to-translate-into=\"sv\" data-phrase-index=\"3\" data-number-of-phrases=\"7\">Here are large areas with old, sparse pine forest, a type of nature that is one of the unusual things in today&#8217;s forest landscape.<\/span> <\/span><\/div>\n<div class=\"J0lOec\" style=\"text-align: justify;\"><span class=\"VIiyi\" lang=\"en\" style=\"font-size: large;\"><span class=\"JLqJ4b ChMk0b\" data-language-for-alternatives=\"en\" data-language-to-translate-into=\"sv\" data-phrase-index=\"6\" data-number-of-phrases=\"7\">It is allowed to pick berries, edible mushrooms and flowers for your own needs, but not protected or red-listed species.<\/span><\/span><\/div>\n<\/div>\n<\/div>\n<p>[\/et_pb_text][\/et_pb_column][et_pb_column type=&#8221;2_5&#8243; _builder_version=&#8221;4.16&#8243; _module_preset=&#8221;default&#8221; global_colors_info=&#8221;{}&#8221;][et_pb_image src=&#8221;https:\/\/brevens.se\/wp-content\/uploads\/2022\/02\/Skogen.jpg&#8221; title_text=&#8221;Skogen&#8221; _builder_version=&#8221;4.16&#8243; _module_preset=&#8221;default&#8221; filter_saturate=&#8221;76%&#8221; filter_brightness=&#8221;118%&#8221; global_colors_info=&#8221;{}&#8221;][\/et_pb_image][\/et_pb_column][\/et_pb_row][et_pb_row column_structure=&#8221;1_3,2_3&#8243; _builder_version=&#8221;4.16&#8243; _module_preset=&#8221;default&#8221; global_colors_info=&#8221;{}&#8221;][et_pb_column type=&#8221;1_3&#8243; _builder_version=&#8221;4.16&#8243; _module_preset=&#8221;default&#8221; global_colors_info=&#8221;{}&#8221;][et_pb_image src=&#8221;https:\/\/brevens.se\/wp-content\/uploads\/2022\/01\/Hemsida-sport-motion-1.jpg&#8221; title_text=&#8221;Hemsida sport motion&#8221; _builder_version=&#8221;4.16&#8243; _module_preset=&#8221;default&#8221; global_colors_info=&#8221;{}&#8221;][\/et_pb_image][\/et_pb_column][et_pb_column type=&#8221;2_3&#8243; _builder_version=&#8221;4.16&#8243; _module_preset=&#8221;default&#8221; global_colors_info=&#8221;{}&#8221;][et_pb_text _builder_version=&#8221;4.17.4&#8243; _module_preset=&#8221;default&#8221; inline_fonts=&#8221;Oswald&#8221; global_colors_info=&#8221;{}&#8221;]<\/p>\n<h1><span style=\"font-family: Oswald; font-weight: normal; font-size: xx-large;\">\u00a0Hiking\u00a0<\/span><\/h1>\n<p style=\"text-align: justify;\"><strong>Ringsbergsleden<\/strong><br \/>12 km hiking trail. The trail stretches from Solbergabadet to R\u00f6da sand just south of Brevens Bruk and is well marked with orange colour on poles. The trail runs next to Sottern and contains a couple of good rest areas with hiking shelters. The trail can be walked as a circular loop back through the beautiful Brevens Bruk to Solbergabadet and then becomes 18 km long where the back road is marked with blue on the posts.<br \/><span style=\"font-size: large;\">Download map of Ringsbergsleden:\u00a0<a href=\"https:\/\/om-naturkartan.s3.eu-west-1.amazonaws.com\/uploads\/production\/site_pdf\/file\/816\/Ringsbergsleden1.pdf\" style=\"font-size: 18px;\">Map Ringsbergsleden<\/a><\/span><\/p>\n<p style=\"text-align: justify;\"><strong>Dalen, Brevens Bruk<\/strong><br \/>6 km of pleasant forest paths outside Brevens Bruk, starting at R\u00f6da Sand.<br \/><span style=\"font-size: large;\">Download map of Dalen:\u00a0<a href=\"https:\/\/idrottonline.se\/BrevensIF-Friidrott\/globalassets\/brevens-if---friidrott\/dokument\/karta_dalenrundan.pdf\" style=\"font-size: 18px;\">Map Dalen<\/a><\/span><\/p>\n<p style=\"text-align: justify;\"><strong>Gr\u00e4vsj\u00f6n, H\u00f6gsj\u00f6<\/strong><br \/>Very nice 4 km hike along the shore of Gr\u00e4vsj\u00f6n and further through the picturesque community H\u00f6gsj\u00f6.<br \/><span style=\"font-size: large;\">Download map of Gr\u00e4vsj\u00f6n:\u00a0<a href=\"https:\/\/www.naturkartan.se\/sv\/sodermanlands-lan\/gravsjon-runt?guide_id=259\" style=\"font-size: 18px;\">Map Gr\u00e4vsj\u00f6n<\/a><\/span><\/p>\n<p style=\"text-align: justify;\"><strong>Electric light tracks<\/strong><br \/>In Kilsmo, there is an electric light track of about 2 km in connection with the sports hall, where the lighting button is also located.<\/p>\n<p style=\"text-align: justify;\">In H\u00f6gsj\u00f6 there is an electric light trail of about 2.5 km. The electric light track is illuminated during the ski season Monday-Thursday until 21.00. Adjacent to the electric light track, there are two longer tracks of 4 and 6 km that are not lit.<\/p>\n<p style=\"text-align: justify;\">\n<p>[\/et_pb_text][\/et_pb_column][\/et_pb_row][et_pb_row column_structure=&#8221;2_5,3_5&#8243; _builder_version=&#8221;4.16&#8243; _module_preset=&#8221;default&#8221; global_colors_info=&#8221;{}&#8221;][et_pb_column type=&#8221;2_5&#8243; _builder_version=&#8221;4.16&#8243; _module_preset=&#8221;default&#8221; global_colors_info=&#8221;{}&#8221;][et_pb_image src=&#8221;https:\/\/brevens.se\/wp-content\/uploads\/2022\/02\/Brevens-tallskogar-1.jpg&#8221; title_text=&#8221;Brevens tallskogar&#8221; _builder_version=&#8221;4.16&#8243; _module_preset=&#8221;default&#8221; global_colors_info=&#8221;{}&#8221;][\/et_pb_image][\/et_pb_column][et_pb_column type=&#8221;3_5&#8243; _builder_version=&#8221;4.16&#8243; _module_preset=&#8221;default&#8221; global_colors_info=&#8221;{}&#8221;][et_pb_text _builder_version=&#8221;4.16&#8243; _module_preset=&#8221;default&#8221; inline_fonts=&#8221;Oswald&#8221; global_colors_info=&#8221;{}&#8221;]<\/p>\n<h1><span style=\"font-family: Oswald; font-weight: normal; font-size: xx-large;\">\u00a0Brevens Bruks Pine Forests\u00a0<\/span><\/h1>\n<p style=\"text-align: justify;\">Brevens Bruk&#8217;s pine forests are a large contiguous nature reserve of 1600 hectares. The reserve is far from major roads and here you can experience the silence. The area offers large deposits of old sparse pine forest and several bogs and lakes. The nature reserve consists of parts in \u00d6rebro county and parts in \u00d6sterg\u00f6tland county.<\/p>\n<p>[\/et_pb_text][\/et_pb_column][\/et_pb_row][et_pb_row column_structure=&#8221;3_5,2_5&#8243; _builder_version=&#8221;4.16&#8243; _module_preset=&#8221;default&#8221; global_colors_info=&#8221;{}&#8221;][et_pb_column type=&#8221;3_5&#8243; _builder_version=&#8221;4.16&#8243; _module_preset=&#8221;default&#8221; global_colors_info=&#8221;{}&#8221;][et_pb_text _builder_version=&#8221;4.16&#8243; _module_preset=&#8221;default&#8221; inline_fonts=&#8221;Oswald&#8221; global_colors_info=&#8221;{}&#8221;]<\/p>\n<h1><span style=\"font-family: Oswald; font-weight: normal; font-size: xx-large;\">\u00a0Barbecue areas &amp; Hiking shelters\u00a0<\/span><\/h1>\n<p style=\"text-align: justify;\">There are a number of barbecue areas and shelters in the area around Brevens Bruk. Here we have listed some of them.<\/p>\n<ul>\n<li><span style=\"font-size: large;\">R\u00f6da Sand, Brevens Bruk<\/span><\/li>\n<li><span style=\"font-size: large;\">\u00c4sb\u00e4cken, by the Ringsbergsleden<\/span><\/li>\n<li><span style=\"font-size: large;\">Solberga, Kilsmo<\/span><\/li>\n<li><span style=\"font-size: large;\">H\u00f6gsj\u00f6badet, H\u00f6gsj\u00f6<\/span><\/li>\n<li><span style=\"font-size: large;\">Hunnebergsfallet, Brevens Bruk (with N\u00e4rke&#8217;s highest waterfall in a beautiful ravine landscape)<\/span><\/li>\n<\/ul>\n<p>[\/et_pb_text][\/et_pb_column][et_pb_column type=&#8221;2_5&#8243; _builder_version=&#8221;4.16&#8243; _module_preset=&#8221;default&#8221; global_colors_info=&#8221;{}&#8221;][et_pb_image src=&#8221;https:\/\/brevens.se\/wp-content\/uploads\/2022\/02\/1594028189.jpg&#8221; title_text=&#8221;1594028189&#8243; _builder_version=&#8221;4.16&#8243; _module_preset=&#8221;default&#8221; global_colors_info=&#8221;{}&#8221;][\/et_pb_image][\/et_pb_column][\/et_pb_row][\/et_pb_section]<\/p>\n","protected":false},"excerpt":{"rendered":"<p>\u00a0The Forest\u00a0 Brevens Bruk has many forest areas with bogs, lakes and ponds. Here are large areas with old, sparse pine forest, a type of nature that is one of the unusual things in today&#8217;s forest landscape. It is allowed to pick berries, edible mushrooms and flowers for your own needs, but not protected or [&hellip;]<\/p>\n","protected":false},"author":3,"featured_media":0,"parent":0,"menu_order":0,"comment_status":"closed","ping_status":"closed","template":"","meta":{"_et_pb_use_builder":"on","_et_pb_old_content":"","_et_gb_content_width":""},"_links":{"self":[{"href":"https:\/\/brevens.se\/en\/wp-json\/wp\/v2\/pages\/4451"}],"collection":[{"href":"https:\/\/brevens.se\/en\/wp-json\/wp\/v2\/pages"}],"about":[{"href":"https:\/\/brevens.se\/en\/wp-json\/wp\/v2\/types\/page"}],"author":[{"embeddable":true,"href":"https:\/\/brevens.se\/en\/wp-json\/wp\/v2\/users\/3"}],"replies":[{"embeddable":true,"href":"https:\/\/brevens.se\/en\/wp-json\/wp\/v2\/comments?post=4451"}],"version-history":[{"count":12,"href":"https:\/\/brevens.se\/en\/wp-json\/wp\/v2\/pages\/4451\/revisions"}],"predecessor-version":[{"id":6855,"href":"https:\/\/brevens.se\/en\/wp-json\/wp\/v2\/pages\/4451\/revisions\/6855"}],"wp:attachment":[{"href":"https:\/\/brevens.se\/en\/wp-json\/wp\/v2\/media?parent=4451"}],"curies":[{"name":"wp","href":"https:\/\/api.w.org\/{rel}","templated":true}]}}