{"id":8193,"date":"2025-08-01T11:39:26","date_gmt":"2025-08-01T09:39:26","guid":{"rendered":"https:\/\/brevens.se\/eastern-wing\/"},"modified":"2025-08-01T11:39:33","modified_gmt":"2025-08-01T09:39:33","slug":"eastern-wing","status":"publish","type":"page","link":"https:\/\/brevens.se\/en\/eastern-wing\/","title":{"rendered":"Eastern Wing"},"content":{"rendered":"<p>[et_pb_section fb_built=&#8221;1&#8243; fullwidth=&#8221;on&#8221; next_background_color=&#8221;#fffcf2&#8243; admin_label=&#8221;Coffee Hero Section&#8221; _builder_version=&#8221;4.16&#8243; custom_padding=&#8221;0|0px|0|0px&#8221; top_divider_color=&#8221;#e09900&#8243; bottom_divider_style=&#8221;slant&#8221; locked=&#8221;off&#8221; global_colors_info=&#8221;{}&#8221;][et_pb_fullwidth_image _builder_version=&#8221;4.16&#8243; background_color_gradient_direction=&#8221;360deg&#8221; background_image=&#8221;https:\/\/brevens.se\/wp-content\/uploads\/2018\/04\/hero.jpg&#8221; custom_padding=&#8221;150px||50px|&#8221; filter_sepia=&#8221;50%&#8221; custom_css_main_element=&#8221;filter: none;||height: 0px;&#8221; global_colors_info=&#8221;{}&#8221;][\/et_pb_fullwidth_image][\/et_pb_section][et_pb_section fb_built=&#8221;1&#8243; admin_label=&#8221;Coffee Menu&#8221; module_class=&#8221;subpage-section&#8221; _builder_version=&#8221;4.16&#8243; background_color=&#8221;#fffcf2&#8243; custom_padding=&#8221;0px|0px|0px|&#8221; top_divider_style=&#8221;slant&#8221; top_divider_color=&#8221;#fffcf2&#8243; global_colors_info=&#8221;{}&#8221;][et_pb_row column_structure=&#8221;2_3,1_3&#8243; admin_label=&#8221;Coffee Items&#8221; _builder_version=&#8221;4.16&#8243; custom_margin=&#8221;|||&#8221; custom_padding=&#8221;60px|0px|60px|0px&#8221; locked=&#8221;off&#8221; global_colors_info=&#8221;{}&#8221;][et_pb_column type=&#8221;2_3&#8243; _builder_version=&#8221;4.16&#8243; custom_padding=&#8221;|||&#8221; global_colors_info=&#8221;{}&#8221; custom_padding__hover=&#8221;|||&#8221;][et_pb_text admin_label=&#8221;Jordbruket&#8221; _builder_version=&#8221;4.17.4&#8243; text_font=&#8221;Nunito||||||||&#8221; text_font_size=&#8221;18px&#8221; text_line_height=&#8221;1.8em&#8221; header_font=&#8221;Oswald||||||||&#8221; header_font_size=&#8221;38px&#8221; header_line_height=&#8221;1.7em&#8221; global_colors_info=&#8221;{}&#8221;]<\/p>\n<h2 class=\"h1\">\u00a0The Eastern Wing<\/h2>\n<p>\u00d6stra Flygeln is located in the middle of Brevens Bruk, next to Brevens Herrg\u00e5rd with a nice location by the Brevens\u00e5n River. The two-story house consists of a fully equipped kitchen, living room, three bedrooms and two bathrooms, one with a shower and one with a bathtub. Suitable for a family or group of up to 6 people. A rowing boat is also included in the rent.<br \/>\nYou can choose accommodation with or without bed linen, towels and final cleaning.<\/p>\n<p>If you want to book more than 14 days, please contact us.<br \/>\nPhone 019 \u2013 58 58 50<br \/>\nE-mail: bbab@brevens.se[\/et_pb_text][\/et_pb_column][et_pb_column type=&#8221;1_3&#8243; _builder_version=&#8221;4.16&#8243; custom_padding=&#8221;|||&#8221; global_colors_info=&#8221;{}&#8221; custom_padding__hover=&#8221;|||&#8221;][et_pb_image src=&#8221;https:\/\/brevens.se\/wp-content\/uploads\/2022\/06\/Ostra-3.jpg&#8221; title_text=&#8221; &#8221; align_tablet=&#8221;center&#8221; align_phone=&#8221;center&#8221; align_last_edited=&#8221;on|desktop&#8221; _builder_version=&#8221;4.17.4&#8243; filter_sepia=&#8221;25%&#8221; global_colors_info=&#8221;{}&#8221;][\/et_pb_image][\/et_pb_column][\/et_pb_row][et_pb_row _builder_version=&#8221;4.17.4&#8243; _module_preset=&#8221;default&#8221; global_colors_info=&#8221;{}&#8221;][et_pb_column type=&#8221;4_4&#8243; _builder_version=&#8221;4.17.4&#8243; _module_preset=&#8221;default&#8221; global_colors_info=&#8221;{}&#8221;][et_pb_gallery gallery_ids=&#8221;1095,1099,5004,1097,1178,1177,1092,2444,2489,2435,2046,2447,2486&#8243; show_title_and_caption=&#8221;off&#8221; _builder_version=&#8221;4.17.4&#8243; _module_preset=&#8221;default&#8221; global_colors_info=&#8221;{}&#8221;][\/et_pb_gallery][\/et_pb_column][\/et_pb_row][\/et_pb_section]<\/p>\n","protected":false},"excerpt":{"rendered":"<p>\u00a0The Eastern Wing \u00d6stra Flygeln is located in the middle of Brevens Bruk, next to Brevens Herrg\u00e5rd with a nice location by the Brevens\u00e5n River. The two-story house consists of a fully equipped kitchen, living room, three bedrooms and two bathrooms, one with a shower and one with a bathtub. Suitable for a family or [&hellip;]<\/p>\n","protected":false},"author":3,"featured_media":0,"parent":0,"menu_order":0,"comment_status":"closed","ping_status":"closed","template":"","meta":{"_et_pb_use_builder":"on","_et_pb_old_content":"","_et_gb_content_width":""},"_links":{"self":[{"href":"https:\/\/brevens.se\/en\/wp-json\/wp\/v2\/pages\/8193"}],"collection":[{"href":"https:\/\/brevens.se\/en\/wp-json\/wp\/v2\/pages"}],"about":[{"href":"https:\/\/brevens.se\/en\/wp-json\/wp\/v2\/types\/page"}],"author":[{"embeddable":true,"href":"https:\/\/brevens.se\/en\/wp-json\/wp\/v2\/users\/3"}],"replies":[{"embeddable":true,"href":"https:\/\/brevens.se\/en\/wp-json\/wp\/v2\/comments?post=8193"}],"version-history":[{"count":3,"href":"https:\/\/brevens.se\/en\/wp-json\/wp\/v2\/pages\/8193\/revisions"}],"predecessor-version":[{"id":8196,"href":"https:\/\/brevens.se\/en\/wp-json\/wp\/v2\/pages\/8193\/revisions\/8196"}],"wp:attachment":[{"href":"https:\/\/brevens.se\/en\/wp-json\/wp\/v2\/media?parent=8193"}],"curies":[{"name":"wp","href":"https:\/\/api.w.org\/{rel}","templated":true}]}}